{"id":131928,"date":"2025-01-01T20:52:41","date_gmt":"2025-01-07T16:58:42","guid":{"rendered":"https:\/\/staging.nbg.eu\/product\/area-419-match-scope-rings\/"},"modified":"2025-01-07T17:00:57","modified_gmt":"2025-01-07T17:00:57","slug":"area-419-match-zielfernrohrringe","status":"publish","type":"product","link":"https:\/\/staging.nbg.eu\/de\/produkt\/area-419-match-zielfernrohrringe\/","title":{"rendered":"Area 419 MATCH Zielfernrohrringe"},"content":{"rendered":"<div class=\"product-description\">\n<h2>Area 419 MATCH Zielfernrohr-Ringe<\/h2>\n<p>Area 419 MATCH Zielfernrohr-Ringe bieten Pr\u00e4zision f\u00fcr Ihr Optikger\u00e4t und \u00fcbertreffen Marktstandards.<\/p>\n<ul>\n<li>Seriennummerierte, endgebohrte Ringe f\u00fcr Genauigkeit<\/li>\n<li>Rohe Aluminium-Innenteile f\u00fcr Halt am Optikger\u00e4t<\/li>\n<li>Als S\u00e4tze in Bearbeitungszentren pr\u00e4zisionsgebohrt<\/li>\n<li>Lasermarkiert als aufeinander abgestimmte S\u00e4tze<\/li>\n<li>Hergestellt aus 7075 Luftfahrt-Qualit\u00e4t Aluminium<\/li>\n<li>Typ 3 Harteloxal-Beschichtung (rohe Aluminium-Innenbohrung)<\/li>\n<li>Verf\u00fcgbar f\u00fcr 30mm, 34mm, 35mm und 36mm Rohrdurchmesser<\/li>\n<li>Niedrige (24mm), mittlere (28mm) und hohe (32mm) Montageh\u00f6hen<\/li>\n<\/ul>\n<p>Area 419 MATCH Zielfernrohr-Ringe sind f\u00fcr die Montage von Optikger\u00e4ten konzipiert.<\/p>\n<\/div>\n","protected":false},"excerpt":{"rendered":"<p>Pr\u00e4zisionsabgestimmte, nummerierte Zielfernrohr-Montageringe f\u00fcr ultimative optische Stabilit\u00e4t.<\/p>\n","protected":false},"featured_media":109090,"template":"","meta":{"_acf_changed":false},"product_brand":[11037],"product_cat":[12045,12083],"product_tag":[],"class_list":{"0":"post-131928","1":"product","2":"type-product","3":"status-publish","4":"has-post-thumbnail","6":"product_brand-area-419","7":"product_cat-montagen","8":"product_cat-zielen","10":"first","11":"instock","12":"taxable","13":"shipping-taxable","14":"purchasable","15":"product-type-variable","16":"wvs-archive-product-wrapper"},"acf":[],"_links":{"self":[{"href":"https:\/\/staging.nbg.eu\/de\/wp-json\/wp\/v2\/product\/131928","targetHints":{"allow":["GET"]}}],"collection":[{"href":"https:\/\/staging.nbg.eu\/de\/wp-json\/wp\/v2\/product"}],"about":[{"href":"https:\/\/staging.nbg.eu\/de\/wp-json\/wp\/v2\/types\/product"}],"wp:featuredmedia":[{"embeddable":true,"href":"https:\/\/staging.nbg.eu\/de\/wp-json\/wp\/v2\/media\/109090"}],"wp:attachment":[{"href":"https:\/\/staging.nbg.eu\/de\/wp-json\/wp\/v2\/media?parent=131928"}],"wp:term":[{"taxonomy":"product_brand","embeddable":true,"href":"https:\/\/staging.nbg.eu\/de\/wp-json\/wp\/v2\/product_brand?post=131928"},{"taxonomy":"product_cat","embeddable":true,"href":"https:\/\/staging.nbg.eu\/de\/wp-json\/wp\/v2\/product_cat?post=131928"},{"taxonomy":"product_tag","embeddable":true,"href":"https:\/\/staging.nbg.eu\/de\/wp-json\/wp\/v2\/product_tag?post=131928"}],"curies":[{"name":"wp","href":"https:\/\/api.w.org\/{rel}","templated":true}]}}