{"id":130807,"date":"2025-01-01T20:50:51","date_gmt":"2025-01-07T14:16:06","guid":{"rendered":"https:\/\/staging.nbg.eu\/product\/low-profile-red-dot-plates-for-area-419-tactical-mounts\/"},"modified":"2025-01-07T14:18:17","modified_gmt":"2025-01-07T14:18:17","slug":"flache-red-dot-platten-fuer-area-419-tactical-montagen","status":"publish","type":"product","link":"https:\/\/staging.nbg.eu\/de\/produkt\/flache-red-dot-platten-fuer-area-419-tactical-montagen\/","title":{"rendered":"Flache Red-Dot Platten f\u00fcr Area 419 Tactical Montagen"},"content":{"rendered":"<div class=\"product-description\">\n<h2>Flache Rotpunkt-Platten f\u00fcr Area 419 taktische Montagen<\/h2>\n<p>Flache Rotpunkt-Platten f\u00fcr taktische Montagen. Diese CNC-gefr\u00e4sten Platten haben folgende Eigenschaften:<\/p>\n<ul>\n<li>Typ III Harteloxierung in Schwarz<\/li>\n<li>Unverlierbare Befestigungsschrauben f\u00fcr einfache Montage<\/li>\n<li>In Amerika aus 7075 Aluminium hergestellt<\/li>\n<li>Patentangemeldete doppelte Keilbefestigung f\u00fcr Sicherheit<\/li>\n<li>Haltbarkeit und Steifigkeit f\u00fcr verbesserte R\u00fcckkehr zum Nullpunkt<\/li>\n<\/ul>\n<p>Erh\u00e4ltlich in RMR-, ACRO- und DPP-Ausf\u00fchrungen, kompatibel mit vielen g\u00e4ngigen Optiken. Gewicht: 0,11 kg, Abmessungen: 15,2 cm \u00d7 10,2 cm \u00d7 2,5 cm.<\/p>\n<p>Rotpunkt-Platten f\u00fcr Area 419 taktische Montagen.<\/p>\n<\/div>\n","protected":false},"excerpt":{"rendered":"<p>Sichere, vielseitige Rotpunkt-Platten f\u00fcr Area 419 Tactical Mounts.<\/p>\n","protected":false},"featured_media":108997,"template":"","meta":{"_acf_changed":false},"product_brand":[11037],"product_cat":[12045,12083,12040],"product_tag":[],"class_list":{"0":"post-130807","1":"product","2":"type-product","3":"status-publish","4":"has-post-thumbnail","6":"product_brand-area-419","7":"product_cat-montagen","8":"product_cat-zielen","9":"product_cat-zielzubehoer","11":"first","12":"instock","13":"taxable","14":"shipping-taxable","15":"purchasable","16":"product-type-variable","17":"wvs-archive-product-wrapper"},"acf":[],"_links":{"self":[{"href":"https:\/\/staging.nbg.eu\/de\/wp-json\/wp\/v2\/product\/130807","targetHints":{"allow":["GET"]}}],"collection":[{"href":"https:\/\/staging.nbg.eu\/de\/wp-json\/wp\/v2\/product"}],"about":[{"href":"https:\/\/staging.nbg.eu\/de\/wp-json\/wp\/v2\/types\/product"}],"wp:featuredmedia":[{"embeddable":true,"href":"https:\/\/staging.nbg.eu\/de\/wp-json\/wp\/v2\/media\/108997"}],"wp:attachment":[{"href":"https:\/\/staging.nbg.eu\/de\/wp-json\/wp\/v2\/media?parent=130807"}],"wp:term":[{"taxonomy":"product_brand","embeddable":true,"href":"https:\/\/staging.nbg.eu\/de\/wp-json\/wp\/v2\/product_brand?post=130807"},{"taxonomy":"product_cat","embeddable":true,"href":"https:\/\/staging.nbg.eu\/de\/wp-json\/wp\/v2\/product_cat?post=130807"},{"taxonomy":"product_tag","embeddable":true,"href":"https:\/\/staging.nbg.eu\/de\/wp-json\/wp\/v2\/product_tag?post=130807"}],"curies":[{"name":"wp","href":"https:\/\/api.w.org\/{rel}","templated":true}]}}