{"id":130609,"date":"2024-11-02T06:44:40","date_gmt":"2025-01-07T14:08:17","guid":{"rendered":"https:\/\/staging.nbg.eu\/product\/sons-of-liberty-gun-worksar-15-castle-nuts\/"},"modified":"2025-01-07T14:10:06","modified_gmt":"2025-01-07T14:10:06","slug":"sons-of-liberty-gun-works-ar-15-castle-muttern","status":"publish","type":"product","link":"https:\/\/staging.nbg.eu\/de\/produkt\/sons-of-liberty-gun-works-ar-15-castle-muttern\/","title":{"rendered":"SONS OF LIBERTY GUN WORKS AR-15 Castle Muttern"},"content":{"rendered":"<div class=\"product-description\">\n<h2>SONS OF LIBERTY GUN WORKS AR-15 Verschlussmuttern<\/h2>\n<p>AR-15 Verschlussmuttern von SONS OF LIBERTY GUN WORKS (SOLGW). Diese Ersatzteile sind wichtig f\u00fcr die Funktion der Waffe.<\/p>\n<ul>\n<li>Nach genauen Toleranzen hergestellt<\/li>\n<li>Kompatibel mit allen AR-15 Modellen<\/li>\n<li>Gew\u00e4hrleistet korrekte Montage und Zuverl\u00e4ssigkeit<\/li>\n<li>Gewicht: 28 Gramm<\/li>\n<li>Kompaktes 2,54 cm Design<\/li>\n<\/ul>\n<p>SOLGW stellt diese Verschlussmuttern her. Diese Teile erf\u00fcllen hohe Standards.<\/p>\n<p><strong>Tipp:<\/strong> Verschlussmuttern zur zus\u00e4tzlichen Sicherung und Langlebigkeit verstiften.<\/p>\n<\/div>\n","protected":false},"excerpt":{"rendered":"<p>Pr\u00e4zisionsgefertigte AR-15 Schlossschraubenmutter. Langlebig, universell passend. 1&#8243; Gr\u00f6\u00dfe.<\/p>\n","protected":false},"featured_media":76416,"template":"","meta":{"_acf_changed":false},"product_brand":[],"product_cat":[12056],"product_tag":[],"class_list":{"0":"post-130609","1":"product","2":"type-product","3":"status-publish","4":"has-post-thumbnail","6":"product_cat-gewehr-tuning","8":"first","9":"instock","10":"taxable","11":"shipping-taxable","12":"purchasable","13":"product-type-simple"},"acf":[],"_links":{"self":[{"href":"https:\/\/staging.nbg.eu\/de\/wp-json\/wp\/v2\/product\/130609","targetHints":{"allow":["GET"]}}],"collection":[{"href":"https:\/\/staging.nbg.eu\/de\/wp-json\/wp\/v2\/product"}],"about":[{"href":"https:\/\/staging.nbg.eu\/de\/wp-json\/wp\/v2\/types\/product"}],"wp:featuredmedia":[{"embeddable":true,"href":"https:\/\/staging.nbg.eu\/de\/wp-json\/wp\/v2\/media\/76416"}],"wp:attachment":[{"href":"https:\/\/staging.nbg.eu\/de\/wp-json\/wp\/v2\/media?parent=130609"}],"wp:term":[{"taxonomy":"product_brand","embeddable":true,"href":"https:\/\/staging.nbg.eu\/de\/wp-json\/wp\/v2\/product_brand?post=130609"},{"taxonomy":"product_cat","embeddable":true,"href":"https:\/\/staging.nbg.eu\/de\/wp-json\/wp\/v2\/product_cat?post=130609"},{"taxonomy":"product_tag","embeddable":true,"href":"https:\/\/staging.nbg.eu\/de\/wp-json\/wp\/v2\/product_tag?post=130609"}],"curies":[{"name":"wp","href":"https:\/\/api.w.org\/{rel}","templated":true}]}}