{"id":106779,"date":"2024-11-16T10:23:45","date_gmt":"2024-12-30T09:55:10","guid":{"rendered":"https:\/\/staging.nbg.eu\/product\/sai-optics-model-sai-6-1x-6x\/"},"modified":"2025-02-15T22:40:29","modified_gmt":"2025-02-15T22:40:29","slug":"sai-optics-model-sai-6-1x-6x","status":"publish","type":"product","link":"https:\/\/staging.nbg.eu\/de\/produkt\/sai-optics-model-sai-6-1x-6x\/","title":{"rendered":"SAI Optics\u2122 Model SAI 6\u2122 &#8211; 1x-6x"},"content":{"rendered":"<h2>SAI Optics\u2122 Modell SAI 6\u2122 &#8211; 1x-6x<\/h2>\n<p>Das SAI\u2122 6 optische Visier bietet eine L\u00f6sung f\u00fcr variable Vergr\u00f6\u00dferungsbed\u00fcrfnisse. Es verf\u00fcgt \u00fcber ein LED-beleuchtetes Absehen in der ersten Bildebene, das genaues Entfernungsmessen und ballistischen Haltepunkt bei jeder Vergr\u00f6\u00dferung gew\u00e4hrleistet. Das Absehen und das Sichtfeld verbessern die Effektivit\u00e4t im Nahbereich.<\/p>\n<h2>Hauptmerkmale:<\/h2>\n<ul>\n<li>Vergr\u00f6\u00dferung: 1x-6x<\/li>\n<li>R\u00f6hrendesign f\u00fcr modulare Montage<\/li>\n<li>LED-beleuchtetes Absehen mit 10 Einstellungen<\/li>\n<li>Verf\u00fcgbare Absehen: 5,56 BDC, 6,8 BDC, 7,62 BDC<\/li>\n<li>Wasserdicht: 2 Stunden bei 3 Metern<\/li>\n<li>Sto\u00dffest: 1000g bei 10.000 Zyklen<\/li>\n<\/ul>\n<h2>Absehen:<\/h2>\n<ul>\n<li>5,56 BDC &#8211; Absehen<\/li>\n<li>6,8 BDC &#8211; Absehen<\/li>\n<li>7,62 BDC &#8211; Absehen<\/li>\n<\/ul>\n<h2>Spezifikationen:<\/h2>\n<ul>\n<li>L\u00e4nge: 256mm<\/li>\n<li>Gewicht: 510g<\/li>\n<li>Rohrdurchmesser: 30mm<\/li>\n<li>Sichtfeld bei 1x: 22 Grad (38,8m bei 100m)<\/li>\n<li>Augenabstand: 90mm nominal<\/li>\n<li>Batterietyp: CR2032 3V Lithium<\/li>\n<\/ul>\n<h2>Standardzubeh\u00f6r:<\/h2>\n<ul>\n<li>Tenebraex\u00ae Linsenabdeckungen<\/li>\n<li>Tenebraex\u00ae Anti-Reflexions-Vorrichtung<\/li>\n<li>Einstellkappe mit Halteschlaufe<\/li>\n<li>Batterie-Entfernungsscheibe<\/li>\n<\/ul>\n<p>Die SAI\u2122 6 Serie ist f\u00fcr optische Leistung in rauen Umgebungen konzipiert und kompatibel mit optischen Erweiterungen wie Klappabdeckungen, Laserfiltern und Polarisatoren.<\/p>\n","protected":false},"excerpt":{"rendered":"<p>SAI 6\u2122: Robustes 1x-6x LED-Visier mit FFP-Absehen und weitem Sichtfeld.<\/p>\n","protected":false},"featured_media":79688,"template":"","meta":{"_acf_changed":false},"product_brand":[11708],"product_cat":[12051,12083],"product_tag":[],"class_list":{"0":"post-106779","1":"product","2":"type-product","3":"status-publish","4":"has-post-thumbnail","6":"product_brand-sai-optics","7":"product_cat-vergroesserungsoptiken","8":"product_cat-zielen","10":"first","11":"instock","12":"taxable","13":"shipping-taxable","14":"purchasable","15":"product-type-variable","16":"wvs-archive-product-wrapper"},"acf":[],"_links":{"self":[{"href":"https:\/\/staging.nbg.eu\/de\/wp-json\/wp\/v2\/product\/106779","targetHints":{"allow":["GET"]}}],"collection":[{"href":"https:\/\/staging.nbg.eu\/de\/wp-json\/wp\/v2\/product"}],"about":[{"href":"https:\/\/staging.nbg.eu\/de\/wp-json\/wp\/v2\/types\/product"}],"wp:featuredmedia":[{"embeddable":true,"href":"https:\/\/staging.nbg.eu\/de\/wp-json\/wp\/v2\/media\/79688"}],"wp:attachment":[{"href":"https:\/\/staging.nbg.eu\/de\/wp-json\/wp\/v2\/media?parent=106779"}],"wp:term":[{"taxonomy":"product_brand","embeddable":true,"href":"https:\/\/staging.nbg.eu\/de\/wp-json\/wp\/v2\/product_brand?post=106779"},{"taxonomy":"product_cat","embeddable":true,"href":"https:\/\/staging.nbg.eu\/de\/wp-json\/wp\/v2\/product_cat?post=106779"},{"taxonomy":"product_tag","embeddable":true,"href":"https:\/\/staging.nbg.eu\/de\/wp-json\/wp\/v2\/product_tag?post=106779"}],"curies":[{"name":"wp","href":"https:\/\/api.w.org\/{rel}","templated":true}]}}