{"id":106604,"date":"2024-01-30T18:13:57","date_gmt":"2024-12-30T09:38:51","guid":{"rendered":"https:\/\/staging.nbg.eu\/product\/tangent-theta-tt735p-7-35x56mm-professional\/"},"modified":"2024-12-30T09:40:36","modified_gmt":"2024-12-30T09:40:36","slug":"tangent-theta-tt735p-7-35x56mm-professional","status":"publish","type":"product","link":"https:\/\/staging.nbg.eu\/de\/produkt\/tangent-theta-tt735p-7-35x56mm-professional\/","title":{"rendered":"Tangent Theta TT735P (7-35x56mm Professional)"},"content":{"rendered":"<div class=\"product-description\">\n<p>Tangent Theta wurde 2013 in Nova Scotia, Kanada gegr\u00fcndet, um Zielfernrohre von h\u00f6chster Qualit\u00e4t herzustellen. Die Zielfernrohre werden von Hand montiert, einzeln getestet und von einem Team aus Optikdesignern, Maschinenbauingenieuren und erfahrenen Langstrecken-Sch\u00fctzen gepr\u00fcft.<\/p>\n<h2>Tangent Theta TT735P 7-35x56mm Professionelles Zielfernrohr<\/h2>\n<p>Das Tangent Theta TT735P ist ein 7-35x56mm Zielfernrohr f\u00fcr professionelle Sch\u00fctzen. Es kombiniert moderne Technologie mit hoher Haltbarkeit f\u00fcr Leistung unter anspruchsvollen Bedingungen.<\/p>\n<h2>Hauptmerkmale:<\/h2>\n<ul>\n<li>7-35x Vergr\u00f6\u00dferungsbereich f\u00fcr Zielidentifikation auf gro\u00dfe Entfernungen<\/li>\n<li>56mm Objektiv f\u00fcr Lichtsammlung<\/li>\n<li>36mm Haupttubus f\u00fcr Stabilit\u00e4t und Einstellbereich<\/li>\n<li>Parallaxenausgleich bis 10 Meter<\/li>\n<li>11 Beleuchtungsstufen f\u00fcr das Absehen<\/li>\n<li>TOOL-LESS RE-ZERO\u00ae Funktion zum Nullen (US Patent # 10,591,253)<\/li>\n<li>Nicht-translierende Einstellt\u00fcrme mit H\u00f6henverstellung-Anschlag<\/li>\n<li>Doppelte H\u00f6henverstellung mit Umdrehungsanzeige<\/li>\n<li>Verriegelbare Dioptrieneinstellung<\/li>\n<\/ul>\n<h2>Qualit\u00e4t:<\/h2>\n<p>In Kanada hergestellt, getestet f\u00fcr harte Umgebungsbedingungen. Typ II Harteloxierung, 4 Stunden wasserdicht bei 10 Metern, 700g sto\u00dffest bei 10.000 Zyklen.<\/p>\n<\/div>\n<h2>Absehen:<\/h2>\n<ol>\n<li data-line-height=\"xs\">Horus Tremor3<\/li>\n<li data-line-height=\"xs\">JTAC<\/li>\n<li data-line-height=\"xs\">Gen 3 XR Fine<\/li>\n<\/ol>\n<div class=\"product-description\">\n<h2>Optik:<\/h2>\n<p>Drei Absehen-Optionen: Horus Tremor3, JTAC oder Gen 3 XR Fine. 90mm Augenabstand und Sehfeld von 5,41m auf 100m (7x) bis 1,08m auf 100m (35x).<\/p>\n<h2>Einstellungen:<\/h2>\n<p>0,1 mrad Einstellungsaufl\u00f6sung, 30 mrad Gesamth\u00f6henverstellbereich, 14 mrad Gesamtseitenverstellbereich. Seitenparallaxenausgleich und verriegelbare Dioptrieneinstellung.<\/p>\n<p>Das Tangent Theta TT735P ist f\u00fcr anspruchsvolle Sch\u00fctzen konzipiert.<\/p>\n<\/div>\n","protected":false},"excerpt":{"rendered":"<p>Das Tangent Theta 7-35x56mm Professional ist das Zielfernrohr, das Sie f\u00fcr das Schie\u00dfen auf extreme Entfernungen w\u00e4hlen.<\/p>\n","protected":false},"featured_media":80997,"template":"","meta":{"_acf_changed":false},"product_brand":[11885],"product_cat":[12051,12083],"product_tag":[],"class_list":{"0":"post-106604","1":"product","2":"type-product","3":"status-publish","4":"has-post-thumbnail","6":"product_brand-tangent-theta","7":"product_cat-vergroesserungsoptiken","8":"product_cat-zielen","10":"first","11":"instock","12":"taxable","13":"shipping-taxable","14":"purchasable","15":"product-type-variable","16":"wvs-archive-product-wrapper"},"acf":[],"_links":{"self":[{"href":"https:\/\/staging.nbg.eu\/de\/wp-json\/wp\/v2\/product\/106604","targetHints":{"allow":["GET"]}}],"collection":[{"href":"https:\/\/staging.nbg.eu\/de\/wp-json\/wp\/v2\/product"}],"about":[{"href":"https:\/\/staging.nbg.eu\/de\/wp-json\/wp\/v2\/types\/product"}],"wp:featuredmedia":[{"embeddable":true,"href":"https:\/\/staging.nbg.eu\/de\/wp-json\/wp\/v2\/media\/80997"}],"wp:attachment":[{"href":"https:\/\/staging.nbg.eu\/de\/wp-json\/wp\/v2\/media?parent=106604"}],"wp:term":[{"taxonomy":"product_brand","embeddable":true,"href":"https:\/\/staging.nbg.eu\/de\/wp-json\/wp\/v2\/product_brand?post=106604"},{"taxonomy":"product_cat","embeddable":true,"href":"https:\/\/staging.nbg.eu\/de\/wp-json\/wp\/v2\/product_cat?post=106604"},{"taxonomy":"product_tag","embeddable":true,"href":"https:\/\/staging.nbg.eu\/de\/wp-json\/wp\/v2\/product_tag?post=106604"}],"curies":[{"name":"wp","href":"https:\/\/api.w.org\/{rel}","templated":true}]}}