{"id":106140,"date":"2024-11-17T08:06:47","date_gmt":"2024-12-30T09:20:37","guid":{"rendered":"https:\/\/staging.nbg.eu\/product\/tangent-theta-tt525p-5-25x56mm-professional\/"},"modified":"2024-12-30T09:23:09","modified_gmt":"2024-12-30T09:23:09","slug":"tangent-theta-tt525p-5-25x56mm-professional","status":"publish","type":"product","link":"https:\/\/staging.nbg.eu\/de\/produkt\/tangent-theta-tt525p-5-25x56mm-professional\/","title":{"rendered":"# Tangent Theta TT525P (5-25x56mm Professional)"},"content":{"rendered":"<h2>Tangent Theta TT525P 5-25x56mm Professionelles Zielfernrohr<\/h2>\n<p>Das Tangent Theta TT525P ist ein Pr\u00e4zisionssichtger\u00e4t f\u00fcr gro\u00dfe Entfernungen, entwickelt f\u00fcr professionelle Sch\u00fctzen. Hergestellt in Kanada, kombiniert dieses Zielfernrohr Haltbarkeit, mechanische Pr\u00e4zision und optische Qualit\u00e4t.<\/p>\n<h2>Hauptmerkmale:<\/h2>\n<ul>\n<li>56mm Objektivlinse f\u00fcr Lichtsammlung<\/li>\n<li>34mm Haupttubus f\u00fcr erh\u00f6hten Einstellbereich<\/li>\n<li>5-25x Vergr\u00f6\u00dferungsbereich<\/li>\n<li>Elf Einstellungen f\u00fcr Fadenkreuzbeleuchtung<\/li>\n<li>Seitenparallaxeeinstellung von 50m bis unendlich<\/li>\n<li>Patentierte TOOL-LESS RE-ZERO\u00ae Funktion (US Patent # 10,591,253)<\/li>\n<li>Nicht-translierende Kn\u00f6pfe mit H\u00f6heneinstellungs-Nullanschlag<\/li>\n<li>Doppeldrehung H\u00f6heneinstellung mit Umdrehungsanzeige<\/li>\n<li>Verriegelbare Schnelleinstellung Dioptrie (-3 bis +2,5)<\/li>\n<\/ul>\n<h2>Absehen:<\/h2>\n<ul>\n<li>Gen 2 XR Absehen<\/li>\n<li>MoA-ER<\/li>\n<li>Gen 3 XR Absehen<\/li>\n<li>Gen 2 MoA-ER<\/li>\n<li>Gen 3 XR Fine Absehen<\/li>\n<li>Horus H59 Absehen<\/li>\n<li>Horus Tremor3 Absehen<\/li>\n<li>JTAC Absehen<\/li>\n<li>Gen 2 XR Absehen, AIF<\/li>\n<li>Gen 3 XR Absehen, AIF<\/li>\n<li>Gen 3 XR Fine Absehen, AIF<\/li>\n<li>JTAC Absehen, AIF<\/li>\n<li>Horus Tremor3 Absehen, AIF<\/li>\n<\/ul>\n<h2>Pr\u00e4zisionstechnik:<\/h2>\n<p>Das TT525P hat einen Gesamteinstellbereich von 30 mrad (103 MoA) f\u00fcr H\u00f6he und \u00b110 mrad (\u00b134 MoA) f\u00fcr Seite. Mit einer Einstellaufl\u00f6sung von 0,1 mrad oder 1\/4 MoA k\u00f6nnen Sie Ihr Ziel pr\u00e4zise einstellen.<\/p>\n<h2>Optische Qualit\u00e4t:<\/h2>\n<p>Augenaustritt von 90mm und Sichtfeld von 7,6m auf 100m (5x) bis 1,6m auf 100m (25x). Die 56mm Objektivlinse gew\u00e4hrleistet Lichtdurchl\u00e4ssigkeit, auch bei schwachem Licht.<\/p>\n<h2>Haltbarkeit:<\/h2>\n<p>Das TT525P ist wasserdicht bis 10 Meter f\u00fcr 4 Stunden und sto\u00dffest bis 700g bei 10.000 Zyklen. Die Typ II Eloxierte matte Oberfl\u00e4che bietet zus\u00e4tzlichen Schutz.<\/p>\n<h2>Absehen-Optionen:<\/h2>\n<p>W\u00e4hlen Sie aus verschiedenen Absehen-Optionen, einschlie\u00dflich Gen 2XR, MoA, Gen 3XR, H-59, Tremor3, JTAC, Gen 3 XR Fine und GEN2 MOA-ER.<\/p>\n<h2>Zus\u00e4tzliche Spezifikationen:<\/h2>\n<ul>\n<li>L\u00e4nge: 425mm<\/li>\n<li>Gewicht: 1150g<\/li>\n<li>Objektivglocken-Durchmesser: 65mm<\/li>\n<li>Beleuchtung: LED-betrieben mit 11 Einstellungen<\/li>\n<li>Batterie: DL2032 3V Lithium<\/li>\n<\/ul>\n<p>Das Tangent Theta TT525P wird standardm\u00e4\u00dfig mit Tenebraex Linsenschutz und ARD geliefert.<\/p>\n","protected":false},"excerpt":{"rendered":"<p>Professionelles Zielfernrohr mit 5-25x56mm. Robust, pr\u00e4zise, mit \u00fcberlegener Optik.<\/p>\n","protected":false},"featured_media":100875,"template":"","meta":{"_acf_changed":false},"product_brand":[11885],"product_cat":[12051,12083],"product_tag":[],"class_list":{"0":"post-106140","1":"product","2":"type-product","3":"status-publish","4":"has-post-thumbnail","6":"product_brand-tangent-theta","7":"product_cat-vergroesserungsoptiken","8":"product_cat-zielen","10":"first","11":"instock","12":"taxable","13":"shipping-taxable","14":"purchasable","15":"product-type-variable","16":"wvs-archive-product-wrapper"},"acf":[],"_links":{"self":[{"href":"https:\/\/staging.nbg.eu\/de\/wp-json\/wp\/v2\/product\/106140","targetHints":{"allow":["GET"]}}],"collection":[{"href":"https:\/\/staging.nbg.eu\/de\/wp-json\/wp\/v2\/product"}],"about":[{"href":"https:\/\/staging.nbg.eu\/de\/wp-json\/wp\/v2\/types\/product"}],"wp:featuredmedia":[{"embeddable":true,"href":"https:\/\/staging.nbg.eu\/de\/wp-json\/wp\/v2\/media\/100875"}],"wp:attachment":[{"href":"https:\/\/staging.nbg.eu\/de\/wp-json\/wp\/v2\/media?parent=106140"}],"wp:term":[{"taxonomy":"product_brand","embeddable":true,"href":"https:\/\/staging.nbg.eu\/de\/wp-json\/wp\/v2\/product_brand?post=106140"},{"taxonomy":"product_cat","embeddable":true,"href":"https:\/\/staging.nbg.eu\/de\/wp-json\/wp\/v2\/product_cat?post=106140"},{"taxonomy":"product_tag","embeddable":true,"href":"https:\/\/staging.nbg.eu\/de\/wp-json\/wp\/v2\/product_tag?post=106140"}],"curies":[{"name":"wp","href":"https:\/\/api.w.org\/{rel}","templated":true}]}}