{"id":105610,"date":"2024-01-30T18:14:32","date_gmt":"2024-12-30T09:10:34","guid":{"rendered":"https:\/\/staging.nbg.eu\/product\/tangent-theta-tt315p-3-15x50mm-professional\/"},"modified":"2024-12-30T09:12:29","modified_gmt":"2024-12-30T09:12:29","slug":"tangent-theta-tt315p-3-15x50mm-professional","status":"publish","type":"product","link":"https:\/\/staging.nbg.eu\/de\/produkt\/tangent-theta-tt315p-3-15x50mm-professional\/","title":{"rendered":"Tangent Theta TT315P (3-15x50mm Professional)"},"content":{"rendered":"<div class=\"product-description\">\n<h2>Tangent Theta TT315P (3-15x50mm Professional) Zielfernrohr<\/h2>\n<p>Das Tangent Theta 3-15x50mm Modell TT315P ist ein Pr\u00e4zisionsinstrument f\u00fcr professionelle Sch\u00fctzen, die hohe Leistung beim Schie\u00dfen auf gro\u00dfe Entfernungen ben\u00f6tigen.<\/p>\n<h2>Hauptmerkmale:<\/h2>\n<ul>\n<li>50mm Objektiv f\u00fcr Lichtsammlung<\/li>\n<li>34mm Haupttubus f\u00fcr Haltbarkeit und Einstellbereich<\/li>\n<li>3-15x Vergr\u00f6\u00dferungsbereich<\/li>\n<li>Patentierte TOOL-LESS RE-ZERO\u00ae Funktion (US Patent # 10,591,253)<\/li>\n<li>11 Absehen-Beleuchtungseinstellungen<\/li>\n<li>Seitenverstellung der Parallaxe von 50m bis unendlich<\/li>\n<li>Nicht-translatierende Einstellt\u00fcrme mit H\u00f6henverstellung-Anschlag<\/li>\n<li>Doppelte H\u00f6henverstellung mit Umdrehungsanzeige<\/li>\n<li>Verriegelbare Schnelleinstellung der Dioptrienkorrektur<\/li>\n<\/ul>\n<h2>Absehen-Optionen:<\/h2>\n<ul>\n<li>Gen 2XR<\/li>\n<li>MoA<\/li>\n<li>Gen 2 Mil-Dot<\/li>\n<li>Gen 3XR<\/li>\n<\/ul>\n<h2>Pr\u00e4zision und Haltbarkeit:<\/h2>\n<p>In Kanada hergestellt, ist das TT315P f\u00fcr harte Umweltbedingungen konzipiert. Seine robuste Konstruktion wird durch pr\u00e4zise Mechanismen f\u00fcr H\u00f6hen- und Seitenverstellung erg\u00e4nzt.<\/p>\n<h2>Optische Eigenschaften:<\/h2>\n<p>Mit einem Sehfeld von 12,8m auf 100m bei 3x und 2,8m auf 100m bei 15x sowie einem Augenabstand von 90mm bietet das TT315P klare Bilder. Das 50mm Objektiv maximiert die Lichtdurchl\u00e4ssigkeit.<\/p>\n<h2>Einstellm\u00f6glichkeiten:<\/h2>\n<p>Mit einem H\u00f6henverstellbereich von 34 mrad (117 MoA) und Seitenverstellung von \u00b18 mrad (\u00b127 MoA) bietet das TT315P 0,1 mrad oder 1\/4 MoA Einstellungen. Der TOOL-LESS RE-ZERO\u00ae Mechanismus erm\u00f6glicht schnelles Einschie\u00dfen im Feld.<\/p>\n<h2>Umweltbest\u00e4ndigkeit:<\/h2>\n<p>Wasserdicht bis 10 Meter f\u00fcr 4 Stunden und sto\u00dffest bis 700g bei 10.000 Zyklen. Die Typ II anodisierte matte Oberfl\u00e4che bietet Schutz gegen Verschlei\u00df und Korrosion.<\/p>\n<p>Das Tangent Theta TT315P ist ein Pr\u00e4zisionsinstrument f\u00fcr professionelle Anwendungen.<\/p>\n<\/div>\n","protected":false},"excerpt":{"rendered":"<p>Tangent Theta TT315P: 3-15x50mm Pr\u00e4zisionszielfernrohr f\u00fcr professionelle Sch\u00fctzen. Robust, mit werkzeugloser Nullstellung.<\/p>\n","protected":false},"featured_media":100828,"template":"","meta":{"_acf_changed":false},"product_brand":[11885],"product_cat":[12051,12083],"product_tag":[],"class_list":{"0":"post-105610","1":"product","2":"type-product","3":"status-publish","4":"has-post-thumbnail","6":"product_brand-tangent-theta","7":"product_cat-vergroesserungsoptiken","8":"product_cat-zielen","10":"first","11":"instock","12":"taxable","13":"shipping-taxable","14":"purchasable","15":"product-type-variable","16":"wvs-archive-product-wrapper"},"acf":[],"_links":{"self":[{"href":"https:\/\/staging.nbg.eu\/de\/wp-json\/wp\/v2\/product\/105610","targetHints":{"allow":["GET"]}}],"collection":[{"href":"https:\/\/staging.nbg.eu\/de\/wp-json\/wp\/v2\/product"}],"about":[{"href":"https:\/\/staging.nbg.eu\/de\/wp-json\/wp\/v2\/types\/product"}],"wp:featuredmedia":[{"embeddable":true,"href":"https:\/\/staging.nbg.eu\/de\/wp-json\/wp\/v2\/media\/100828"}],"wp:attachment":[{"href":"https:\/\/staging.nbg.eu\/de\/wp-json\/wp\/v2\/media?parent=105610"}],"wp:term":[{"taxonomy":"product_brand","embeddable":true,"href":"https:\/\/staging.nbg.eu\/de\/wp-json\/wp\/v2\/product_brand?post=105610"},{"taxonomy":"product_cat","embeddable":true,"href":"https:\/\/staging.nbg.eu\/de\/wp-json\/wp\/v2\/product_cat?post=105610"},{"taxonomy":"product_tag","embeddable":true,"href":"https:\/\/staging.nbg.eu\/de\/wp-json\/wp\/v2\/product_tag?post=105610"}],"curies":[{"name":"wp","href":"https:\/\/api.w.org\/{rel}","templated":true}]}}