{"id":84484,"date":"2024-11-17T07:25:58","date_gmt":"2024-12-18T10:04:10","guid":{"rendered":"https:\/\/staging.nbg.eu\/product\/tangent-theta-tt315m-3-15x50mm-marksman\/"},"modified":"2024-12-30T08:44:30","modified_gmt":"2024-12-30T08:44:30","slug":"tangent-theta-tt315m-3-15x50mm-marksman","status":"publish","type":"product","link":"https:\/\/staging.nbg.eu\/da\/vare\/tangent-theta-tt315m-3-15x50mm-marksman\/","title":{"rendered":"Tangent Theta TT315M (3-15x50mm Marksman)"},"content":{"rendered":"<div class=\"product-description\">\n<p>Tangent Theta blev etableret i 2013 i Nova Scotia, Canada med det form\u00e5l at producere de bedste riffelkikkerter i verden. Riffelkikkerterne er samlet i h\u00e5nden, individuelt testet og inspiceret af et team best\u00e5ende af optiske designere, mekaniske ingeni\u00f8rer og langdistance skytter p\u00e5 internationalt niveau.<\/p>\n<h2>Tangent Theta TT315M 3-15x50mm Riffelkikkert<\/h2>\n<p>Tangent Theta TT315M er et pr\u00e6cisionsinstrument til mellemdistance designet til politi og sikkerhedsskytter. Denne letv\u00e6gts professionelle riffelkikkert kombinerer avanceret teknologi med optisk ydeevne.<\/p>\n<h2>Hovedfunktioner:<\/h2>\n<ul>\n<li>50mm objektiv til lysopsamling<\/li>\n<li>30mm hovedr\u00f8r for holdbarhed<\/li>\n<li>Mekanisk vindretningsindikator<\/li>\n<li>11 belysningsindstillinger for sigtekorn<\/li>\n<li>Parallaksejustering p\u00e5 siden for pr\u00e6cis fokusering<\/li>\n<li>Ikke-translaterede knapper med h\u00f8jdestop<\/li>\n<li>Dobbelt-drejning h\u00f8jdejustering med oml\u00f8bs- og vindretningsindikator<\/li>\n<li>3-15x forst\u00f8rrelsesomr\u00e5de<\/li>\n<li>L\u00e5sbar hurtigjusterende dioptri<\/li>\n<\/ul>\n<h2>Optisk kvalitet:<\/h2>\n<p>TT315M har en optimeret optisk vej, der leverer billedkvalitet. Dette g\u00f8r det muligt for skytter at skelne sm\u00e5 m\u00e5ldetaljer og opretholde sigte i l\u00e6ngere perioder uden \u00f8jentr\u00e6thed.<\/p>\n<h2>Pr\u00e6cise justeringer:<\/h2>\n<p>Med pr\u00e6cise justeringsmekanismer med nulstop, mekanisk oml\u00f8b og vindretningsindikatorer, eliminerer TT315M justeringsfejl og sikrer n\u00f8jagtighed i kritiske situationer.<\/p>\n<h2>Sigtekornsmuligheder:<\/h2>\n<ul>\n<li>Gen 2XR<\/li>\n<li>MoA<\/li>\n<li>Gen 2 Mil-Dot<\/li>\n<li>Gen 3XR<\/li>\n<\/ul>\n<h2>Tekniske specifikationer:<\/h2>\n<ul>\n<li>L\u00e6ngde: 351mm<\/li>\n<li>V\u00e6gt: 786g<\/li>\n<li>Synsfelt @ 3x: 7,3 grader (12,8m @ 100m)<\/li>\n<li>Synsfelt @ 15x: 1,6 grader (2,8m @ 100m)<\/li>\n<li>\u00d8jenafstand: 90mm<\/li>\n<li>Total h\u00f8jdejusteringsomr\u00e5de: 18 mrad (60 MoA)<\/li>\n<li>Total vindagejusteringsomr\u00e5de: +\/- 12 mrad (+\/-40 MoA)<\/li>\n<li>Justeringsopl\u00f8sning: 0,1 mrad eller 1\/4 MoA<\/li>\n<li>Parallaksejusteringsomr\u00e5de: 50m til uendeligt<\/li>\n<\/ul>\n<h2>Holdbarhed:<\/h2>\n<p>TT315M er bygget til at modst\u00e5 h\u00e5rde forhold, er vandt\u00e6t i 4 timer ved 10 meter og st\u00f8dabsorberende til 700g ved 10.000 cyklusser. Den har en Type II Anodiseret mat overflade for beskyttelse.<\/p>\n<h2>Medf\u00f8lgende tilbeh\u00f8r:<\/h2>\n<p>Tenebraex linsed\u00e6ksler og ARD (Anti-Refleksions Enhed) er inkluderet som standardtilbeh\u00f8r.<\/p>\n<\/div>\n","protected":false},"excerpt":{"rendered":"<p>Pr\u00e6cisions 3-15x50mm sigte til skytter. Optimalt billede, nulstop, oplyst.<\/p>\n","protected":false},"featured_media":167609,"template":"","meta":{"_acf_changed":false},"product_brand":[11884],"product_cat":[13083,13115],"product_tag":[],"class_list":{"0":"post-84484","1":"product","2":"type-product","3":"status-publish","4":"has-post-thumbnail","6":"product_brand-tangent-theta","7":"product_cat-forstorret-optik","8":"product_cat-sigte","10":"first","11":"instock","12":"taxable","13":"shipping-taxable","14":"purchasable","15":"product-type-variable","16":"wvs-archive-product-wrapper"},"acf":[],"_links":{"self":[{"href":"https:\/\/staging.nbg.eu\/da\/wp-json\/wp\/v2\/product\/84484","targetHints":{"allow":["GET"]}}],"collection":[{"href":"https:\/\/staging.nbg.eu\/da\/wp-json\/wp\/v2\/product"}],"about":[{"href":"https:\/\/staging.nbg.eu\/da\/wp-json\/wp\/v2\/types\/product"}],"wp:featuredmedia":[{"embeddable":true,"href":"https:\/\/staging.nbg.eu\/da\/wp-json\/wp\/v2\/media\/167609"}],"wp:attachment":[{"href":"https:\/\/staging.nbg.eu\/da\/wp-json\/wp\/v2\/media?parent=84484"}],"wp:term":[{"taxonomy":"product_brand","embeddable":true,"href":"https:\/\/staging.nbg.eu\/da\/wp-json\/wp\/v2\/product_brand?post=84484"},{"taxonomy":"product_cat","embeddable":true,"href":"https:\/\/staging.nbg.eu\/da\/wp-json\/wp\/v2\/product_cat?post=84484"},{"taxonomy":"product_tag","embeddable":true,"href":"https:\/\/staging.nbg.eu\/da\/wp-json\/wp\/v2\/product_tag?post=84484"}],"curies":[{"name":"wp","href":"https:\/\/api.w.org\/{rel}","templated":true}]}}