{"id":83617,"date":"2024-11-27T08:29:48","date_gmt":"2024-11-27T08:29:48","guid":{"rendered":"https:\/\/staging.nbg.eu\/product\/geissele-ak-trigger-ultimate-with-lightning-bow-akt-ul\/"},"modified":"2024-12-17T12:30:14","modified_gmt":"2024-12-17T12:30:14","slug":"geissele-ak-aftraek-ultimate-med-lightning-bow-akt-ul","status":"publish","type":"product","link":"https:\/\/staging.nbg.eu\/da\/vare\/geissele-ak-aftraek-ultimate-med-lightning-bow-akt-ul\/","title":{"rendered":"Geissele AK Aftr\u00e6k Ultimate med Lightning Bow (AKT-UL)"},"content":{"rendered":"<div class=\"product-description\">\n<h2>Geissele AK Aftr\u00e6k Ultimate med Lightning Bue (AKT-UL)<\/h2>\n<p>AKT-UL er et enkelttrins-aftr\u00e6k til AK47 eller AK74. Dette aftr\u00e6k tilbyder:<\/p>\n<ul>\n<li>Kortere aftr\u00e6ksvej og hurtigere reset<\/li>\n<li>Fremstillet af legeret st\u00e5l<\/li>\n<li>Lightning Bue design<\/li>\n<li>Produceret i USA, bidrager til 922(r) overholdelse<\/li>\n<\/ul>\n<p>AKT-UL er egnet til pr\u00e6cisionsskydning. Bem\u00e6rk: Professionel installation anbefales p\u00e5 grund af mulige tilpasningskrav. Ikke kompatibel med 12 Gauge og 308 \/ 7.62x54r varianter.<\/p>\n<\/div>\n","protected":false},"excerpt":{"rendered":"<p>Pr\u00e6cisions-AK-aftr\u00e6kker med Lightning Bow for forbedret kontrol og f\u00f8lelse.<\/p>\n","protected":false},"featured_media":82186,"template":"","meta":{"_acf_changed":false},"product_brand":[],"product_cat":[13076,13073,13139,13088],"product_tag":[],"class_list":{"0":"post-83617","1":"product","2":"type-product","3":"status-publish","4":"has-post-thumbnail","6":"product_cat-aftraekkere","7":"product_cat-ak-tuning","8":"product_cat-riffel","9":"product_cat-riffel-tuning","11":"first","12":"instock","13":"taxable","14":"shipping-taxable","15":"product-type-simple"},"acf":[],"_links":{"self":[{"href":"https:\/\/staging.nbg.eu\/da\/wp-json\/wp\/v2\/product\/83617","targetHints":{"allow":["GET"]}}],"collection":[{"href":"https:\/\/staging.nbg.eu\/da\/wp-json\/wp\/v2\/product"}],"about":[{"href":"https:\/\/staging.nbg.eu\/da\/wp-json\/wp\/v2\/types\/product"}],"wp:featuredmedia":[{"embeddable":true,"href":"https:\/\/staging.nbg.eu\/da\/wp-json\/wp\/v2\/media\/82186"}],"wp:attachment":[{"href":"https:\/\/staging.nbg.eu\/da\/wp-json\/wp\/v2\/media?parent=83617"}],"wp:term":[{"taxonomy":"product_brand","embeddable":true,"href":"https:\/\/staging.nbg.eu\/da\/wp-json\/wp\/v2\/product_brand?post=83617"},{"taxonomy":"product_cat","embeddable":true,"href":"https:\/\/staging.nbg.eu\/da\/wp-json\/wp\/v2\/product_cat?post=83617"},{"taxonomy":"product_tag","embeddable":true,"href":"https:\/\/staging.nbg.eu\/da\/wp-json\/wp\/v2\/product_tag?post=83617"}],"curies":[{"name":"wp","href":"https:\/\/api.w.org\/{rel}","templated":true}]}}