{"id":83573,"date":"2024-11-01T14:01:14","date_gmt":"2024-12-17T12:11:43","guid":{"rendered":"https:\/\/staging.nbg.eu\/product\/sons-of-liberty-gun-works-ar-15-buffer-h2\/"},"modified":"2024-12-17T12:58:03","modified_gmt":"2024-12-17T12:58:03","slug":"sons-of-liberty-gun-works-ar-15-buffer-h2","status":"publish","type":"product","link":"https:\/\/staging.nbg.eu\/da\/vare\/sons-of-liberty-gun-works-ar-15-buffer-h2\/","title":{"rendered":"Sons of Liberty Gun Works &#8211; AR 15 Buffer H2"},"content":{"rendered":"<div class=\"product-description\">\n<h2>Sons of Liberty Gun Works &#8211; AR 15 Buffer H2<\/h2>\n<p>AR-15 H2 buffer fra Sons of Liberty Gun Works (SOLGW). Denne reservedel er designet til at sikre optimal funktionalitet for dit v\u00e5ben.<\/p>\n<ul>\n<li>Kompatibel med alle AR-15 modeller<\/li>\n<li>Fremstillet med pr\u00e6cise tolerancer<\/li>\n<li>Stemplet for nem v\u00e6gtidentifikation<\/li>\n<li>V\u00e6gt: 4.6 oz<\/li>\n<li>Dimensioner: 1 tomme<\/li>\n<\/ul>\n<p>Denne H2 buffer hj\u00e6lper med at opretholde din AR-15&#8217;s p\u00e5lidelighed og drift. SOLGW&#8217;s komponent leverer konsistent ydeevne.<\/p>\n<\/div>\n","protected":false},"excerpt":{"rendered":"<p>SOLGW AR-15 H2 buffer: Pr\u00e6cisionsfremstillet 4.6 oz erstatning for j\u00e6vn, p\u00e5lidelig funktion<\/p>\n","protected":false},"featured_media":76271,"template":"","meta":{"_acf_changed":false},"product_brand":[],"product_cat":[13088],"product_tag":[],"class_list":{"0":"post-83573","1":"product","2":"type-product","3":"status-publish","4":"has-post-thumbnail","6":"product_cat-riffel-tuning","8":"first","9":"instock","10":"taxable","11":"shipping-taxable","12":"purchasable","13":"product-type-simple"},"acf":[],"_links":{"self":[{"href":"https:\/\/staging.nbg.eu\/da\/wp-json\/wp\/v2\/product\/83573","targetHints":{"allow":["GET"]}}],"collection":[{"href":"https:\/\/staging.nbg.eu\/da\/wp-json\/wp\/v2\/product"}],"about":[{"href":"https:\/\/staging.nbg.eu\/da\/wp-json\/wp\/v2\/types\/product"}],"wp:featuredmedia":[{"embeddable":true,"href":"https:\/\/staging.nbg.eu\/da\/wp-json\/wp\/v2\/media\/76271"}],"wp:attachment":[{"href":"https:\/\/staging.nbg.eu\/da\/wp-json\/wp\/v2\/media?parent=83573"}],"wp:term":[{"taxonomy":"product_brand","embeddable":true,"href":"https:\/\/staging.nbg.eu\/da\/wp-json\/wp\/v2\/product_brand?post=83573"},{"taxonomy":"product_cat","embeddable":true,"href":"https:\/\/staging.nbg.eu\/da\/wp-json\/wp\/v2\/product_cat?post=83573"},{"taxonomy":"product_tag","embeddable":true,"href":"https:\/\/staging.nbg.eu\/da\/wp-json\/wp\/v2\/product_tag?post=83573"}],"curies":[{"name":"wp","href":"https:\/\/api.w.org\/{rel}","templated":true}]}}