{"id":83551,"date":"2024-11-27T08:27:04","date_gmt":"2024-12-17T12:02:06","guid":{"rendered":"https:\/\/staging.nbg.eu\/product\/geissele-ak-trigger-enhanced-with-lightning-bow-akt-el\/"},"modified":"2024-12-17T12:04:25","modified_gmt":"2024-12-17T12:04:25","slug":"geissele-ak-aftraek-enhanced-med-lightning-bow-akt-el","status":"publish","type":"product","link":"https:\/\/staging.nbg.eu\/da\/vare\/geissele-ak-aftraek-enhanced-med-lightning-bow-akt-el\/","title":{"rendered":"Geissele AK Aftr\u00e6k Enhanced med Lightning Bow (AKT-EL)"},"content":{"rendered":"<div class=\"product-description\">\n<h2>Geissele AK Aftr\u00e6kker Forbedret med Lightning Bow (AKT-EL)<\/h2>\n<p>AKT-EL er en enkelt-trins aftr\u00e6kker til AK47\/AK74. Den tilbyder:<\/p>\n<ul>\n<li>Kortere aftr\u00e6k<\/li>\n<li>Fremstillet af legeret st\u00e5l<\/li>\n<li>Manganfosfateret overflade for korrosionsbeskyttelse<\/li>\n<li>Lightning Bow\u00ae design<\/li>\n<li>Produceret i USA (North Wales, PA)<\/li>\n<li>Bidrager til 922(r) overholdelse med tre dele<\/li>\n<\/ul>\n<p><strong>Bem\u00e6rk:<\/strong> Ikke kompatibel med 12 gauge og 308 \/ 7.62x54r varianter. Professionel installation anbefales.<\/p>\n<\/div>\n","protected":false},"excerpt":{"rendered":"<p>Forbedret AK-aftr\u00e6kker med Lightning Bow for en glattere, kortere aftr\u00e6ksbev\u00e6gelse.<\/p>\n","protected":false},"featured_media":82116,"template":"","meta":{"_acf_changed":false},"product_brand":[11380],"product_cat":[13076,13073,13088],"product_tag":[],"class_list":{"0":"post-83551","1":"product","2":"type-product","3":"status-publish","4":"has-post-thumbnail","6":"product_brand-geissele","7":"product_cat-aftraekkere","8":"product_cat-ak-tuning","9":"product_cat-riffel-tuning","11":"first","12":"instock","13":"taxable","14":"shipping-taxable","15":"product-type-simple"},"acf":[],"_links":{"self":[{"href":"https:\/\/staging.nbg.eu\/da\/wp-json\/wp\/v2\/product\/83551","targetHints":{"allow":["GET"]}}],"collection":[{"href":"https:\/\/staging.nbg.eu\/da\/wp-json\/wp\/v2\/product"}],"about":[{"href":"https:\/\/staging.nbg.eu\/da\/wp-json\/wp\/v2\/types\/product"}],"wp:featuredmedia":[{"embeddable":true,"href":"https:\/\/staging.nbg.eu\/da\/wp-json\/wp\/v2\/media\/82116"}],"wp:attachment":[{"href":"https:\/\/staging.nbg.eu\/da\/wp-json\/wp\/v2\/media?parent=83551"}],"wp:term":[{"taxonomy":"product_brand","embeddable":true,"href":"https:\/\/staging.nbg.eu\/da\/wp-json\/wp\/v2\/product_brand?post=83551"},{"taxonomy":"product_cat","embeddable":true,"href":"https:\/\/staging.nbg.eu\/da\/wp-json\/wp\/v2\/product_cat?post=83551"},{"taxonomy":"product_tag","embeddable":true,"href":"https:\/\/staging.nbg.eu\/da\/wp-json\/wp\/v2\/product_tag?post=83551"}],"curies":[{"name":"wp","href":"https:\/\/api.w.org\/{rel}","templated":true}]}}