{"id":83421,"date":"2024-11-16T09:53:46","date_gmt":"2024-12-16T10:50:05","guid":{"rendered":"https:\/\/staging.nbg.eu\/product\/elcan-specterdr-1x-4x\/"},"modified":"2024-12-16T10:52:59","modified_gmt":"2024-12-16T10:52:59","slug":"elcan-specterdr-1x4x","status":"publish","type":"product","link":"https:\/\/staging.nbg.eu\/da\/vare\/elcan-specterdr-1x4x\/","title":{"rendered":"ELCAN SpecterDR 1x\/4x"},"content":{"rendered":"<h2>ELCAN SpecterDR 1x\/4x Dual Role Optisk Sigte<\/h2>\n<p>ELCAN SpecterDR 1x\/4x \u2013 et optisk sigte med dobbelt synsfelt.<\/p>\n<h2>Hovedfunktioner:<\/h2>\n<ul>\n<li>Integrerede Picatinny-skinner<\/li>\n<li>Ambidekstr\u00f8se forst\u00f8rrelsesh\u00e5ndtag<\/li>\n<li>Forbedrede batterid\u00e6ksler<\/li>\n<li>CERAKOTE\u00ae overflader i Sort eller Flat Dark Earth (FDE)<\/li>\n<li>Skift mellem 4x forst\u00f8rret sigte og 1x CQB sigte<\/li>\n<li>Optimeret optisk vej og identisk \u00f8jenafstand i begge tilstande<\/li>\n<li>Oplyst tr\u00e5dkors eller r\u00f8d prik i centrum<\/li>\n<li>Stort synsfelt i 1x tilstand<\/li>\n<li>Klar billede i 4x tilstand<\/li>\n<\/ul>\n<h2>Sigtem\u00e6rker:<\/h2>\n<ul>\n<li>5.56 (CX5395)<\/li>\n<li>7.62 (CX5396)<\/li>\n<\/ul>\n<h2>Tekniske specifikationer:<\/h2>\n<ul>\n<li>Forst\u00f8rrelse: 4x \/ 1x<\/li>\n<li>Dimensioner: 153mm x 68mm x 72mm (nominelt)<\/li>\n<li>V\u00e6gt: 655g (nominelt)<\/li>\n<li>Sigtem\u00e6rke: Dobbelttykkelse ballistisk tr\u00e5dkors med valgbar r\u00f8d prik<\/li>\n<li>Synsfelt: 26\u00b0 @ 1x, 6.5\u00b0 @ 4x<\/li>\n<li>\u00d8jenafstand: 70mm<\/li>\n<li>Batteri: CR2032 (3v Lithium)<\/li>\n<li>Batterilevetid: Op til 1730 timer<\/li>\n<li>Justeringsomr\u00e5de: 120 vinkelminutter<\/li>\n<\/ul>\n<h2>Valgfrit XOPTEK\u2122 Micro Reflex Sigte<\/h2>\n<p>Tilf\u00f8j XOPTEK\u2122 Micro Reflex Sigte til din SpecterDR 1-4, et let sigte til n\u00e6re og mellemlange m\u00e5l.<\/p>\n<p>ELCAN SpecterDR 1x\/4x er designet til professionel brug, og tilbyder en l\u00f8sning til b\u00e5de mellemlange og CQB engagementer.<\/p>\n","protected":false},"excerpt":{"rendered":"<p>ELCAN SpecterDR 1x\/4x: Dobbeltfunktionelt sigte med \u00f8jeblikkelig forst\u00f8rrelsesskift.<\/p>\n","protected":false},"featured_media":79335,"template":"","meta":{"_acf_changed":false},"product_brand":[11288],"product_cat":[13083,13115],"product_tag":[],"class_list":{"0":"post-83421","1":"product","2":"type-product","3":"status-publish","4":"has-post-thumbnail","6":"product_brand-elcan","7":"product_cat-forstorret-optik","8":"product_cat-sigte","10":"first","11":"instock","12":"taxable","13":"shipping-taxable","14":"purchasable","15":"product-type-variable","16":"wvs-archive-product-wrapper"},"acf":[],"_links":{"self":[{"href":"https:\/\/staging.nbg.eu\/da\/wp-json\/wp\/v2\/product\/83421","targetHints":{"allow":["GET"]}}],"collection":[{"href":"https:\/\/staging.nbg.eu\/da\/wp-json\/wp\/v2\/product"}],"about":[{"href":"https:\/\/staging.nbg.eu\/da\/wp-json\/wp\/v2\/types\/product"}],"wp:featuredmedia":[{"embeddable":true,"href":"https:\/\/staging.nbg.eu\/da\/wp-json\/wp\/v2\/media\/79335"}],"wp:attachment":[{"href":"https:\/\/staging.nbg.eu\/da\/wp-json\/wp\/v2\/media?parent=83421"}],"wp:term":[{"taxonomy":"product_brand","embeddable":true,"href":"https:\/\/staging.nbg.eu\/da\/wp-json\/wp\/v2\/product_brand?post=83421"},{"taxonomy":"product_cat","embeddable":true,"href":"https:\/\/staging.nbg.eu\/da\/wp-json\/wp\/v2\/product_cat?post=83421"},{"taxonomy":"product_tag","embeddable":true,"href":"https:\/\/staging.nbg.eu\/da\/wp-json\/wp\/v2\/product_tag?post=83421"}],"curies":[{"name":"wp","href":"https:\/\/api.w.org\/{rel}","templated":true}]}}