{"id":83393,"date":"2024-11-05T08:15:55","date_gmt":"2024-12-16T10:05:16","guid":{"rendered":"https:\/\/staging.nbg.eu\/product\/tinck-arms-semi-automatic-carbine-perun-x17-16\/"},"modified":"2024-12-16T10:07:50","modified_gmt":"2024-12-16T10:07:50","slug":"tinck-arms-halvautomatisk-karabin-perun-x17-16","status":"publish","type":"product","link":"https:\/\/staging.nbg.eu\/da\/vare\/tinck-arms-halvautomatisk-karabin-perun-x17-16\/","title":{"rendered":"Tinck Arms Halvautomatisk Karabin Perun X17 &#8211; 16&#8243;"},"content":{"rendered":"<div class=\"product-description\">\n<h2>Tinck Arms Perun X17 &#8211; 16&#8243; Halvautomatisk Karabin<\/h2>\n<p>Perun X17 er baseret p\u00e5 AR10-systemet og inkorporerer nye funktioner og et patenteret operativsystem, der s\u00e6tter nye standarder for p\u00e5lidelighed og vedligeholdelse.<\/p>\n<h2>Hovedfunktioner:<\/h2>\n<ul>\n<li>Balance og h\u00e5ndtering for pr\u00e6cision under hurtig skydning<\/li>\n<li>J\u00e6vn skydeoplevelse<\/li>\n<li>H\u00f8j modularitet og kompatibilitet med AR10-platformsdele<\/li>\n<li>Ambidekstr\u00f8se betjeningselementer<\/li>\n<li>Foldbar sk\u00e6fte for \u00f8get b\u00e6rbarhed<\/li>\n<\/ul>\n<h2>Tekniske Specifikationer:<\/h2>\n<table>\n<tr>\n<td>Kaliber:<\/td>\n<td>7.62 x 51mm .308Win, 6.5 Creedmoor<\/td>\n<\/tr>\n<tr>\n<td>Operativsystem:<\/td>\n<td>L\u00e5st roterende bolt hybrid DI &amp; kort slag<\/td>\n<\/tr>\n<tr>\n<td>Funktion:<\/td>\n<td>Halvautomatisk<\/td>\n<\/tr>\n<tr>\n<td>L\u00e6ngde (min\/max):<\/td>\n<td>605mm \/ 1040mm<\/td>\n<\/tr>\n<tr>\n<td>Bredde:<\/td>\n<td>56mm (64mm total med ladegreb)<\/td>\n<\/tr>\n<tr>\n<td>H\u00f8jde:<\/td>\n<td>210mm (med 10-skuds magasin)<\/td>\n<\/tr>\n<tr>\n<td>L\u00f8bsl\u00e6ngde:<\/td>\n<td>16&#8243; (Standard AR10 kompatibel)<\/td>\n<\/tr>\n<tr>\n<td>Riffelgang:<\/td>\n<td>1:12<\/td>\n<\/tr>\n<tr>\n<td>V\u00e6gt:<\/td>\n<td>3.7kg (med 20-skuds magasin)<\/td>\n<\/tr>\n<tr>\n<td>Sigtesystem:<\/td>\n<td>Flip-up n\u00f8dsigte (sekund\u00e6rt)<\/td>\n<\/tr>\n<tr>\n<td>Sigtel\u00e6ngde:<\/td>\n<td>300mm, 340mm<\/td>\n<\/tr>\n<tr>\n<td>Lydd\u00e6mperforbindelse:<\/td>\n<td>5\/8 x 24 gevind integreret i mundingsbremse<\/td>\n<\/tr>\n<tr>\n<td>Mundingsenhed:<\/td>\n<td>3-kammer mundingsbremse<\/td>\n<\/tr>\n<tr>\n<td>NAR-skinner:<\/td>\n<td>1+3<\/td>\n<\/tr>\n<tr>\n<td>Ladegreb:<\/td>\n<td>Ikke-reciprokerende<\/td>\n<\/tr>\n<tr>\n<td>Magasinkapacitet:<\/td>\n<td>10, 20, 25 skud (polymer)<\/td>\n<\/tr>\n<tr>\n<td>Sk\u00e6ftemuligheder:<\/td>\n<td>Masada foldbar sk\u00e6fte, AR-15 buffertube med MFT sk\u00e6fte<\/td>\n<\/tr>\n<\/table>\n<p>Perun X17 leveres med et magasin (10, 20 eller 25 skud) og en brugermanual. Dens modul\u00e6re design tillader tilpasning og opgraderinger.<\/p>\n<\/div>\n","protected":false},"excerpt":{"rendered":"<p>Alsidig, p\u00e5lidelig 7,62x51mm karabin med 41 cm l\u00f8b. Skyder bl\u00f8dt, modul\u00e6r AR10-platform.<\/p>\n","protected":false},"featured_media":77480,"template":"","meta":{"_acf_changed":false},"product_brand":[11909],"product_cat":[13136,13139],"product_tag":[],"class_list":{"0":"post-83393","1":"product","2":"type-product","3":"status-publish","4":"has-post-thumbnail","6":"product_brand-tinck-arms","7":"product_cat-karabiner","8":"product_cat-riffel","10":"first","11":"instock","12":"taxable","13":"shipping-taxable","14":"purchasable","15":"product-type-simple"},"acf":[],"_links":{"self":[{"href":"https:\/\/staging.nbg.eu\/da\/wp-json\/wp\/v2\/product\/83393","targetHints":{"allow":["GET"]}}],"collection":[{"href":"https:\/\/staging.nbg.eu\/da\/wp-json\/wp\/v2\/product"}],"about":[{"href":"https:\/\/staging.nbg.eu\/da\/wp-json\/wp\/v2\/types\/product"}],"wp:featuredmedia":[{"embeddable":true,"href":"https:\/\/staging.nbg.eu\/da\/wp-json\/wp\/v2\/media\/77480"}],"wp:attachment":[{"href":"https:\/\/staging.nbg.eu\/da\/wp-json\/wp\/v2\/media?parent=83393"}],"wp:term":[{"taxonomy":"product_brand","embeddable":true,"href":"https:\/\/staging.nbg.eu\/da\/wp-json\/wp\/v2\/product_brand?post=83393"},{"taxonomy":"product_cat","embeddable":true,"href":"https:\/\/staging.nbg.eu\/da\/wp-json\/wp\/v2\/product_cat?post=83393"},{"taxonomy":"product_tag","embeddable":true,"href":"https:\/\/staging.nbg.eu\/da\/wp-json\/wp\/v2\/product_tag?post=83393"}],"curies":[{"name":"wp","href":"https:\/\/api.w.org\/{rel}","templated":true}]}}