{"id":83371,"date":"2024-11-01T13:52:15","date_gmt":"2024-11-01T13:52:15","guid":{"rendered":"https:\/\/staging.nbg.eu\/product\/daa-target-bag-classic-ipsc-target\/"},"modified":"2024-12-16T09:55:13","modified_gmt":"2024-12-16T09:55:13","slug":"daa-target-taske-classic-ipsc-skive","status":"publish","type":"product","link":"https:\/\/staging.nbg.eu\/da\/vare\/daa-target-taske-classic-ipsc-skive\/","title":{"rendered":"DAA Target Taske, Classic (IPSC) skive"},"content":{"rendered":"<h2>DAA M\u00e5lpose, Classic (IPSC)<\/h2>\n<p>DAA M\u00e5lposen er en l\u00f8sning til opbevaring af m\u00e5l. Denne pose til skytter indeholder:<\/p>\n<ul>\n<li>Fremstillet af D6000 tekstil<\/li>\n<li>Hovedrum til 20+ fuldst\u00f8rrelse Classic IPSC-m\u00e5l<\/li>\n<li>Tre ydre lommer:\n<ul>\n<li>Lomme til Speed Patcher Applicator<\/li>\n<li>Lomme til h\u00e6ftemaskine<\/li>\n<li>Lomme til tape, h\u00e6fteklammer og v\u00e6rkt\u00f8j<\/li>\n<\/ul>\n<\/li>\n<li>To justerbare remme til metalm\u00e5lkroge<\/li>\n<li>Skulderrem og polstret h\u00e5ndtag<\/li>\n<\/ul>\n<p>Organiser alt dit m\u00e5ludstyr i \u00e9n taske. Hold dine h\u00e6nder fri til skydebanetasker og ammunition.<\/p>\n","protected":false},"excerpt":{"rendered":"<p>DAA Target Taske: Organiser og transport\u00e9r IPSC-m\u00e5l med lethed.<\/p>\n","protected":false},"featured_media":76224,"template":"","meta":{"_acf_changed":false},"product_brand":[11266],"product_cat":[13152,13106],"product_tag":[],"class_list":{"0":"post-83371","1":"product","2":"type-product","3":"status-publish","4":"has-post-thumbnail","6":"product_brand-doublealpha","7":"product_cat-standposertasker","8":"product_cat-udstyr","10":"first","11":"outofstock","12":"taxable","13":"shipping-taxable","14":"purchasable","15":"product-type-simple"},"acf":[],"_links":{"self":[{"href":"https:\/\/staging.nbg.eu\/da\/wp-json\/wp\/v2\/product\/83371","targetHints":{"allow":["GET"]}}],"collection":[{"href":"https:\/\/staging.nbg.eu\/da\/wp-json\/wp\/v2\/product"}],"about":[{"href":"https:\/\/staging.nbg.eu\/da\/wp-json\/wp\/v2\/types\/product"}],"wp:featuredmedia":[{"embeddable":true,"href":"https:\/\/staging.nbg.eu\/da\/wp-json\/wp\/v2\/media\/76224"}],"wp:attachment":[{"href":"https:\/\/staging.nbg.eu\/da\/wp-json\/wp\/v2\/media?parent=83371"}],"wp:term":[{"taxonomy":"product_brand","embeddable":true,"href":"https:\/\/staging.nbg.eu\/da\/wp-json\/wp\/v2\/product_brand?post=83371"},{"taxonomy":"product_cat","embeddable":true,"href":"https:\/\/staging.nbg.eu\/da\/wp-json\/wp\/v2\/product_cat?post=83371"},{"taxonomy":"product_tag","embeddable":true,"href":"https:\/\/staging.nbg.eu\/da\/wp-json\/wp\/v2\/product_tag?post=83371"}],"curies":[{"name":"wp","href":"https:\/\/api.w.org\/{rel}","templated":true}]}}