{"id":75399,"date":"2024-10-30T18:55:52","date_gmt":"2024-11-01T09:39:55","guid":{"rendered":"https:\/\/staging.nbg.eu\/product\/rhh-201-iwb-magazine\/"},"modified":"2024-11-01T09:45:09","modified_gmt":"2024-11-01T09:45:09","slug":"rhh-201-iwb-magasin","status":"publish","type":"product","link":"https:\/\/staging.nbg.eu\/da\/vare\/rhh-201-iwb-magasin\/","title":{"rendered":"# Rhh .201 IWB Magasin"},"content":{"rendered":"<div class=\"product-description\">\n<h2>Rhh .201 IWB Magasinhylster<\/h2>\n<p>Rhh .201 IWB Magasinhylster til b\u00e6ring inden for buksekanten. Dette hylster indeholder f\u00f8lgende funktioner:<\/p>\n<ul>\n<li>Fremstillet af presset kydex for pr\u00e6cis pasform<\/li>\n<li>H\u00e5ndsk\u00e5rne kanter<\/li>\n<li>Justerbart greb til individuel fastg\u00f8relse<\/li>\n<li>Design der letter reng\u00f8ring<\/li>\n<li>2 mm tykt kydex-materiale<\/li>\n<li>Kan b\u00e6res forskellige steder omkring taljen<\/li>\n<li>Egnet til brug \u00e5ret rundt, is\u00e6r om sommeren<\/li>\n<li>F\u00e5s med st\u00e5lclips i 40 mm og 45 mm st\u00f8rrelser<\/li>\n<li>Valgfri svedbeskytter<\/li>\n<\/ul>\n<p>Designet til skjult b\u00e6ring med minimal synlighed under t\u00f8jet. Beregnet til h\u00f8jreh\u00e5ndede brugere i kl. 9-positionen.<\/p>\n<\/div>\n","protected":false},"excerpt":{"rendered":"<p>Slank, skjult IWB magasinhylster med justerbart greb og svedbeskyttelse.<\/p>\n","protected":false},"featured_media":74440,"template":"","meta":{"_acf_changed":false},"product_brand":[11631],"product_cat":[13093,13082],"product_tag":[],"class_list":{"0":"post-75399","1":"product","2":"type-product","3":"status-publish","4":"has-post-thumbnail","6":"product_brand-rh-holsters","7":"product_cat-hylster","8":"product_cat-magasinholdere","9":"pa_belt-size-40mm-da","10":"pa_model-glock-17-22-31-da","11":"pa_model-glock-19-23-32-da","12":"pa_model-glock-26-27-da","13":"pa_strong-hand-right-da","15":"first","16":"instock","17":"taxable","18":"shipping-taxable","19":"purchasable","20":"product-type-variable","21":"wvs-archive-product-wrapper"},"acf":[],"_links":{"self":[{"href":"https:\/\/staging.nbg.eu\/da\/wp-json\/wp\/v2\/product\/75399","targetHints":{"allow":["GET"]}}],"collection":[{"href":"https:\/\/staging.nbg.eu\/da\/wp-json\/wp\/v2\/product"}],"about":[{"href":"https:\/\/staging.nbg.eu\/da\/wp-json\/wp\/v2\/types\/product"}],"wp:featuredmedia":[{"embeddable":true,"href":"https:\/\/staging.nbg.eu\/da\/wp-json\/wp\/v2\/media\/74440"}],"wp:attachment":[{"href":"https:\/\/staging.nbg.eu\/da\/wp-json\/wp\/v2\/media?parent=75399"}],"wp:term":[{"taxonomy":"product_brand","embeddable":true,"href":"https:\/\/staging.nbg.eu\/da\/wp-json\/wp\/v2\/product_brand?post=75399"},{"taxonomy":"product_cat","embeddable":true,"href":"https:\/\/staging.nbg.eu\/da\/wp-json\/wp\/v2\/product_cat?post=75399"},{"taxonomy":"product_tag","embeddable":true,"href":"https:\/\/staging.nbg.eu\/da\/wp-json\/wp\/v2\/product_tag?post=75399"}],"curies":[{"name":"wp","href":"https:\/\/api.w.org\/{rel}","templated":true}]}}