{"id":75302,"date":"2024-10-30T20:55:00","date_gmt":"2024-11-01T09:04:15","guid":{"rendered":"https:\/\/staging.nbg.eu\/product\/daa-hard-case-xl-505\/"},"modified":"2024-11-01T09:06:12","modified_gmt":"2024-11-01T09:06:12","slug":"daa-hard-case-xl-505","status":"publish","type":"product","link":"https:\/\/staging.nbg.eu\/da\/vare\/daa-hard-case-xl-505\/","title":{"rendered":"DAA Hard Case XL-505"},"content":{"rendered":"<div class=\"product-description\">\n<h2>DAA Hard Case XL-505<\/h2>\n<p>DAA Hard Case XL-505 er IP67-certificeret og beskytter genstande. Egnet til skydev\u00e5ben, fotoudstyr, marinemateriel og andet. Kassen er designet til at modst\u00e5 h\u00e5rde forhold.<\/p>\n<ul>\n<li>Vandt\u00e6t og st\u00f8vt\u00e6t design<\/li>\n<li>St\u00f8dsikker konstruktion<\/li>\n<li>Automatisk trykaflastningsventil<\/li>\n<li>Fire dobbeltl\u00e5se, der er nemme at \u00e5bne<\/li>\n<li>H\u00e5ndtag med bl\u00f8dt greb og huller til to h\u00e6ngel\u00e5se<\/li>\n<li>Stabelsystem med sammenkobling<\/li>\n<li>Tilpasningsvenlig skumindretning<\/li>\n<\/ul>\n<p>F\u00e5s i sort eller orange. XL-505 m\u00e5ler 555 x 428 x 211 mm udvendigt og vejer 4,1 kg. Kassen er designet til at beskytte udstyr i forskellige milj\u00f8er.<\/p>\n<\/div>\n","protected":false},"excerpt":{"rendered":"<p>Robust, vandt\u00e6t kasse til v\u00e6rdifuldt udstyr. Tilpasningsvenligt skumindl\u00e6g.<\/p>\n","protected":false},"featured_media":74697,"template":"","meta":{"_acf_changed":false},"product_brand":[11266],"product_cat":[13128,13106],"product_tag":[],"class_list":{"0":"post-75302","1":"product","2":"type-product","3":"status-publish","4":"has-post-thumbnail","6":"product_brand-doublealpha","7":"product_cat-transportkufferter","8":"product_cat-udstyr","10":"first","11":"instock","12":"taxable","13":"shipping-taxable","14":"purchasable","15":"product-type-simple"},"acf":[],"_links":{"self":[{"href":"https:\/\/staging.nbg.eu\/da\/wp-json\/wp\/v2\/product\/75302","targetHints":{"allow":["GET"]}}],"collection":[{"href":"https:\/\/staging.nbg.eu\/da\/wp-json\/wp\/v2\/product"}],"about":[{"href":"https:\/\/staging.nbg.eu\/da\/wp-json\/wp\/v2\/types\/product"}],"wp:featuredmedia":[{"embeddable":true,"href":"https:\/\/staging.nbg.eu\/da\/wp-json\/wp\/v2\/media\/74697"}],"wp:attachment":[{"href":"https:\/\/staging.nbg.eu\/da\/wp-json\/wp\/v2\/media?parent=75302"}],"wp:term":[{"taxonomy":"product_brand","embeddable":true,"href":"https:\/\/staging.nbg.eu\/da\/wp-json\/wp\/v2\/product_brand?post=75302"},{"taxonomy":"product_cat","embeddable":true,"href":"https:\/\/staging.nbg.eu\/da\/wp-json\/wp\/v2\/product_cat?post=75302"},{"taxonomy":"product_tag","embeddable":true,"href":"https:\/\/staging.nbg.eu\/da\/wp-json\/wp\/v2\/product_tag?post=75302"}],"curies":[{"name":"wp","href":"https:\/\/api.w.org\/{rel}","templated":true}]}}