{"id":74941,"date":"2024-10-21T09:39:10","date_gmt":"2024-10-31T11:18:31","guid":{"rendered":"https:\/\/staging.nbg.eu\/product\/grips-kmr-s-modular-sandpaper-black\/"},"modified":"2024-10-31T11:19:34","modified_gmt":"2024-10-31T11:19:34","slug":"greb-kmr-s-modulaer-sandpapir-sort","status":"publish","type":"product","link":"https:\/\/staging.nbg.eu\/da\/vare\/greb-kmr-s-modulaer-sandpapir-sort\/","title":{"rendered":"GREB KMR S Modul\u00e6r Sandpapir &#8211; Sort"},"content":{"rendered":"<h2>GRIPS KMR S Modul\u00e6rt Sandpapir &#8211; Sort<\/h2>\n<p>Greb til KMR S-02 pistol. Lavet af anodiseret duralumin, disse lange greb giver forbedret h\u00e5ndtering.<\/p>\n<h2>Egenskaber:<\/h2>\n<ul>\n<li>Passer til KMR S-02 .22 LR modeller<\/li>\n<li>Anodiseret duralumin konstruktion<\/li>\n<li>Designet til brug uden magasinf\u00f8ring<\/li>\n<li>Inkluderer torx skruer til montering<\/li>\n<li>Sort finish med KMR logo<\/li>\n<\/ul>\n<p>Bem\u00e6rk: Disse greb er designet til 26mm bred aluminiumsramme p\u00e5 KMR S-02 og er ikke kompatible med W-02 eller L-02 rammest\u00f8rrelser.<\/p>\n<dl class=\"data-sheet\">\n<dt class=\"name\">Til v\u00e5ben KMR<\/dt>\n<dd class=\"value\">KMR S-01 LANCE (OR)<br \/>\nKMR S-02 INDTIL 2023<\/dd>\n<dt class=\"name\">Valg efter v\u00e5ben CZ<\/dt>\n<dd class=\"value\">CZ SHADOW 1<br \/>\nCZ SHADOW 2<br \/>\nCZ SHADOW 2 (OR)<br \/>\nCZ SP-01<\/dd>\n<\/dl>\n","protected":false},"excerpt":{"rendered":"<p>KMR S-02 sort modul\u00e6rt greb, kompatibelt med aluminiumsramme.<br \/>\n0611-03101-0101<\/p>\n","protected":false},"featured_media":73889,"template":"","meta":{"_acf_changed":false},"product_brand":[11506],"product_cat":[13091],"product_tag":[],"class_list":{"0":"post-74941","1":"product","2":"type-product","3":"status-publish","4":"has-post-thumbnail","6":"product_brand-kmr-precision","7":"product_cat-kmr-dele","9":"first","10":"instock","11":"taxable","12":"shipping-taxable","13":"purchasable","14":"product-type-simple"},"acf":[],"_links":{"self":[{"href":"https:\/\/staging.nbg.eu\/da\/wp-json\/wp\/v2\/product\/74941","targetHints":{"allow":["GET"]}}],"collection":[{"href":"https:\/\/staging.nbg.eu\/da\/wp-json\/wp\/v2\/product"}],"about":[{"href":"https:\/\/staging.nbg.eu\/da\/wp-json\/wp\/v2\/types\/product"}],"wp:featuredmedia":[{"embeddable":true,"href":"https:\/\/staging.nbg.eu\/da\/wp-json\/wp\/v2\/media\/73889"}],"wp:attachment":[{"href":"https:\/\/staging.nbg.eu\/da\/wp-json\/wp\/v2\/media?parent=74941"}],"wp:term":[{"taxonomy":"product_brand","embeddable":true,"href":"https:\/\/staging.nbg.eu\/da\/wp-json\/wp\/v2\/product_brand?post=74941"},{"taxonomy":"product_cat","embeddable":true,"href":"https:\/\/staging.nbg.eu\/da\/wp-json\/wp\/v2\/product_cat?post=74941"},{"taxonomy":"product_tag","embeddable":true,"href":"https:\/\/staging.nbg.eu\/da\/wp-json\/wp\/v2\/product_tag?post=74941"}],"curies":[{"name":"wp","href":"https:\/\/api.w.org\/{rel}","templated":true}]}}