{"id":74831,"date":"2024-10-21T09:33:36","date_gmt":"2024-10-31T10:58:09","guid":{"rendered":"https:\/\/staging.nbg.eu\/product\/grips-kmr-s-dotmatrix-silver\/"},"modified":"2024-10-31T11:00:02","modified_gmt":"2024-10-31T11:00:02","slug":"greb-kmr-s-dotmatrix-solv","status":"publish","type":"product","link":"https:\/\/staging.nbg.eu\/da\/vare\/greb-kmr-s-dotmatrix-solv\/","title":{"rendered":"GREB KMR S DotMatrix &#8211; S\u00f8lv"},"content":{"rendered":"<div class=\"product-description\">\n<h2>GRIPS KMR S DotMatrix &#8211; S\u00f8lv<\/h2>\n<p>GRIPS KMR S DotMatrix i s\u00f8lv. Disse lange greb er lavet af anodiseret duralumin med et golfbold-m\u00f8nster for et sikkert greb.<\/p>\n<ul>\n<li>Designet til KMR S-02 modeller med 26mm brede aluminiumsrammer<\/li>\n<li>Tekstur sikrer et fast greb<\/li>\n<li>Egnet til opgradering af eksisterende pistoler eller til konkurrencev\u00e5ben<\/li>\n<li>Uden magasinf\u00f8ring for alsidig brug<\/li>\n<li>Inkluderer torx-skruer til montering<\/li>\n<li>Med KMR-logo<\/li>\n<\/ul>\n<p>Bem\u00e6rk: Disse greb er kun kompatible med KMR S-02 rammest\u00f8rrelser og ikke med W-02 eller L-02 modeller. Kontroller den interne markering (S) f\u00f8r montering.<\/p>\n<\/div>\n<dl class=\"data-sheet\">\n<dt class=\"name\">Til KMR-v\u00e5ben<\/dt>\n<dd class=\"value\">KMR S-01 LANCE (OR)<br \/>\nKMR S-02 TIL OG MED 2023<\/dd>\n<dt class=\"name\">Valg efter CZ-v\u00e5ben<\/dt>\n<dd class=\"value\">CZ SHADOW 1<br \/>\nCZ SHADOW 2<br \/>\nCZ SHADOW 2 (OR)<br \/>\nCZ SP-01<\/dd>\n<\/dl>\n","protected":false},"excerpt":{"rendered":"<p>Holdbare s\u00f8lvfarvede greb med aggressiv tekstur for sikker h\u00e5ndtering.<br \/>\n 0611-02801-0102<\/p>\n","protected":false},"featured_media":73865,"template":"","meta":{"_acf_changed":false},"product_brand":[11506],"product_cat":[369],"product_tag":[],"class_list":{"0":"post-74831","1":"product","2":"type-product","3":"status-publish","4":"has-post-thumbnail","6":"product_brand-kmr-precision","7":"product_cat-uncategorized","9":"first","10":"instock","11":"taxable","12":"shipping-taxable","13":"purchasable","14":"product-type-simple"},"acf":[],"_links":{"self":[{"href":"https:\/\/staging.nbg.eu\/da\/wp-json\/wp\/v2\/product\/74831","targetHints":{"allow":["GET"]}}],"collection":[{"href":"https:\/\/staging.nbg.eu\/da\/wp-json\/wp\/v2\/product"}],"about":[{"href":"https:\/\/staging.nbg.eu\/da\/wp-json\/wp\/v2\/types\/product"}],"wp:featuredmedia":[{"embeddable":true,"href":"https:\/\/staging.nbg.eu\/da\/wp-json\/wp\/v2\/media\/73865"}],"wp:attachment":[{"href":"https:\/\/staging.nbg.eu\/da\/wp-json\/wp\/v2\/media?parent=74831"}],"wp:term":[{"taxonomy":"product_brand","embeddable":true,"href":"https:\/\/staging.nbg.eu\/da\/wp-json\/wp\/v2\/product_brand?post=74831"},{"taxonomy":"product_cat","embeddable":true,"href":"https:\/\/staging.nbg.eu\/da\/wp-json\/wp\/v2\/product_cat?post=74831"},{"taxonomy":"product_tag","embeddable":true,"href":"https:\/\/staging.nbg.eu\/da\/wp-json\/wp\/v2\/product_tag?post=74831"}],"curies":[{"name":"wp","href":"https:\/\/api.w.org\/{rel}","templated":true}]}}