{"id":74743,"date":"2024-10-20T10:08:46","date_gmt":"2024-10-20T10:08:46","guid":{"rendered":"https:\/\/staging.nbg.eu\/product\/flat-safety-set-kmr\/"},"modified":"2024-10-31T10:48:47","modified_gmt":"2024-10-31T10:48:47","slug":"flad-sikringssaet-kmr","status":"publish","type":"product","link":"https:\/\/staging.nbg.eu\/da\/vare\/flad-sikringssaet-kmr\/","title":{"rendered":"Flad Sikringss\u00e6t KMR"},"content":{"rendered":"<dl class=\"data-sheet\">\n<dt class=\"name\">Til v\u00e5ben KMR<\/dt>\n<dd class=\"value\">KMR L-02 ORCA TIL 2023<br \/>\nKMR L-02 SPECTRA TIL 2023<br \/>\nKMR W-02 CUDA TIL 2023<br \/>\nKMR W-02 UMBRA<br \/>\nKMR W-02 UMBRA (OR)<\/dd>\n<\/dl>\n","protected":false},"excerpt":{"rendered":"<p>0671-03005-0000<\/p>\n<p>Bem\u00e6rk: Dette er et produktnummer eller en kode, som typisk ikke overs\u00e6ttes, men forbliver det samme p\u00e5 tv\u00e6rs af sprog.<\/p>\n","protected":false},"featured_media":73422,"template":"","meta":{"_acf_changed":false},"product_brand":[],"product_cat":[13091],"product_tag":[],"class_list":{"0":"post-74743","1":"product","2":"type-product","3":"status-publish","4":"has-post-thumbnail","6":"product_cat-kmr-dele","8":"first","9":"instock","10":"taxable","11":"shipping-taxable","12":"purchasable","13":"product-type-simple"},"acf":[],"_links":{"self":[{"href":"https:\/\/staging.nbg.eu\/da\/wp-json\/wp\/v2\/product\/74743","targetHints":{"allow":["GET"]}}],"collection":[{"href":"https:\/\/staging.nbg.eu\/da\/wp-json\/wp\/v2\/product"}],"about":[{"href":"https:\/\/staging.nbg.eu\/da\/wp-json\/wp\/v2\/types\/product"}],"wp:featuredmedia":[{"embeddable":true,"href":"https:\/\/staging.nbg.eu\/da\/wp-json\/wp\/v2\/media\/73422"}],"wp:attachment":[{"href":"https:\/\/staging.nbg.eu\/da\/wp-json\/wp\/v2\/media?parent=74743"}],"wp:term":[{"taxonomy":"product_brand","embeddable":true,"href":"https:\/\/staging.nbg.eu\/da\/wp-json\/wp\/v2\/product_brand?post=74743"},{"taxonomy":"product_cat","embeddable":true,"href":"https:\/\/staging.nbg.eu\/da\/wp-json\/wp\/v2\/product_cat?post=74743"},{"taxonomy":"product_tag","embeddable":true,"href":"https:\/\/staging.nbg.eu\/da\/wp-json\/wp\/v2\/product_tag?post=74743"}],"curies":[{"name":"wp","href":"https:\/\/api.w.org\/{rel}","templated":true}]}}