{"id":74356,"date":"2024-10-19T08:43:18","date_gmt":"2024-10-19T08:43:18","guid":{"rendered":"https:\/\/staging.nbg.eu\/product\/sg-timer-go\/"},"modified":"2025-10-01T15:25:09","modified_gmt":"2025-10-01T12:25:09","slug":"sg-timer-go","status":"publish","type":"product","link":"https:\/\/staging.nbg.eu\/da\/vare\/sg-timer-go\/","title":{"rendered":"SG Timer Go"},"content":{"rendered":"<h2>SG Timer Go: Funktioner<\/h2>\n<p>SG Timer Go har avanceret teknologi i en kompakt enhed. Den har samme sensor og algoritmer som den foreg\u00e5ende model og er designet til at forbedre din skydeerfaring.<\/p>\n<h2>Hovedfunktioner:<\/h2>\n<ul>\n<li>Bluetooth-forbindelse<\/li>\n<li>Kompatibel med \u00f8velsesapp for avancerede funktioner<\/li>\n<li>Registrering af t\u00f8rtr\u00e6ning med pr\u00e6stationsfeedback<\/li>\n<li>Ekofiltrering for pr\u00e6cis skudregistrering<\/li>\n<li>Indbygget hukommelse til 1.000.000 skud<\/li>\n<li>Justerbare PAR-tider<\/li>\n<li>Justerbar f\u00f8lsomhed for alle kalibre<\/li>\n<li>Variabel lydstyrke (5-100)<\/li>\n<li>&#8220;Spytilstand&#8221; til synkronisering med andre timere<\/li>\n<\/ul>\n<h2>Design:<\/h2>\n<ul>\n<li>Display p\u00e5 toppen for nem afl\u00e6sning<\/li>\n<li>Forenklet 2-knaps interface<\/li>\n<li>B\u00e6lteclips med hurtigudl\u00f8ser<\/li>\n<li>Lommeclips for forskellige b\u00e6remuligheder<\/li>\n<\/ul>\n<h2>Ydeevne:<\/h2>\n<p>Op til 80 timers kontinuerlig brug p\u00e5 en enkelt opladning og USB-C-port til opladning.<\/p>\n<p>SG Timer Go kombinerer enkelthed og avancerede funktioner til skydning.<\/p>\n","protected":false},"excerpt":{"rendered":"<p>Kompakt smart skydekronograf med Bluetooth, avancerede funktioner og lang batterilevetid.<\/p>\n","protected":false},"featured_media":73213,"template":"","meta":{"_acf_changed":false},"product_brand":[11796],"product_cat":[13119,13106],"product_tag":[],"class_list":{"0":"post-74356","1":"product","2":"type-product","3":"status-publish","4":"has-post-thumbnail","6":"product_brand-shooters-global","7":"product_cat-skudure","8":"product_cat-udstyr","10":"first","11":"outofstock","12":"taxable","13":"shipping-taxable","14":"purchasable","15":"product-type-simple"},"acf":[],"_links":{"self":[{"href":"https:\/\/staging.nbg.eu\/da\/wp-json\/wp\/v2\/product\/74356","targetHints":{"allow":["GET"]}}],"collection":[{"href":"https:\/\/staging.nbg.eu\/da\/wp-json\/wp\/v2\/product"}],"about":[{"href":"https:\/\/staging.nbg.eu\/da\/wp-json\/wp\/v2\/types\/product"}],"wp:featuredmedia":[{"embeddable":true,"href":"https:\/\/staging.nbg.eu\/da\/wp-json\/wp\/v2\/media\/73213"}],"wp:attachment":[{"href":"https:\/\/staging.nbg.eu\/da\/wp-json\/wp\/v2\/media?parent=74356"}],"wp:term":[{"taxonomy":"product_brand","embeddable":true,"href":"https:\/\/staging.nbg.eu\/da\/wp-json\/wp\/v2\/product_brand?post=74356"},{"taxonomy":"product_cat","embeddable":true,"href":"https:\/\/staging.nbg.eu\/da\/wp-json\/wp\/v2\/product_cat?post=74356"},{"taxonomy":"product_tag","embeddable":true,"href":"https:\/\/staging.nbg.eu\/da\/wp-json\/wp\/v2\/product_tag?post=74356"}],"curies":[{"name":"wp","href":"https:\/\/api.w.org\/{rel}","templated":true}]}}