{"id":74316,"date":"2024-10-18T19:45:03","date_gmt":"2024-10-30T09:23:33","guid":{"rendered":"https:\/\/staging.nbg.eu\/product\/sordin-supreme-pro-x-led-gel\/"},"modified":"2024-10-30T09:25:15","modified_gmt":"2024-10-30T09:25:15","slug":"sordin-supreme-pro-x-led-gel","status":"publish","type":"product","link":"https:\/\/staging.nbg.eu\/da\/vare\/sordin-supreme-pro-x-led-gel\/","title":{"rendered":"Sordin Supreme Pro-X LED GEL"},"content":{"rendered":"<h2>Sordin Supreme Pro-X LED<\/h2>\n<p>Sordin Supreme Pro-X LED er en elektronisk h\u00f8rev\u00e6rn til j\u00e6gere og skytter. Den har SordinHEAR2 lydsystem med fire lydprofiler og tilbyder god lydkvalitet og beskyttelse.<\/p>\n<h2>Hovedfunktioner:<\/h2>\n<ul>\n<li>Indbygget LED-lys til bedre synlighed i m\u00f8rke<\/li>\n<li>GEL-t\u00e6tningsringe for komfort<\/li>\n<li>IP67 vandt\u00e6t<\/li>\n<li>Kompakt kop-design til nem brug ved skydning<\/li>\n<li>Niveauafh\u00e6ngig funktion til omgivende lyd<\/li>\n<li>400 timers batterilevetid med to AAA-batterier<\/li>\n<li>AUX-indgang til eksterne lydkilder<\/li>\n<\/ul>\n<p>Gengiver naturlig lyd med h\u00f8jttalere og beskytter mod farlig st\u00f8j. Supreme Pro-X LED forst\u00e6rker svage lyde og begr\u00e6nser output til 82 dB for h\u00f8resikkerhed.<\/p>\n<p>Med camouflage tekstilpandeb\u00e5nd, let design (376g) og effektiv d\u00e6mpning, selv n\u00e5r man b\u00e6rer briller, er Sordin Supreme Pro-X LED egnet til jagt og skydning.<\/p>\n<p>NRR: 21 | SNR: 27 | H: 29 | M: 24 | L: 19<\/p>\n","protected":false},"excerpt":{"rendered":"<p>Elektronisk h\u00f8rev\u00e6rn med LED-lys, 4 lydprofiler og gelpuder.<\/p>\n","protected":false},"featured_media":72211,"template":"","meta":{"_acf_changed":false},"product_brand":[11841],"product_cat":[13101,13106],"product_tag":[],"class_list":{"0":"post-74316","1":"product","2":"type-product","3":"status-publish","4":"has-post-thumbnail","6":"product_brand-sordin","7":"product_cat-horevaern","8":"product_cat-udstyr","10":"first","11":"instock","12":"taxable","13":"shipping-taxable","14":"purchasable","15":"product-type-simple"},"acf":[],"_links":{"self":[{"href":"https:\/\/staging.nbg.eu\/da\/wp-json\/wp\/v2\/product\/74316","targetHints":{"allow":["GET"]}}],"collection":[{"href":"https:\/\/staging.nbg.eu\/da\/wp-json\/wp\/v2\/product"}],"about":[{"href":"https:\/\/staging.nbg.eu\/da\/wp-json\/wp\/v2\/types\/product"}],"wp:featuredmedia":[{"embeddable":true,"href":"https:\/\/staging.nbg.eu\/da\/wp-json\/wp\/v2\/media\/72211"}],"wp:attachment":[{"href":"https:\/\/staging.nbg.eu\/da\/wp-json\/wp\/v2\/media?parent=74316"}],"wp:term":[{"taxonomy":"product_brand","embeddable":true,"href":"https:\/\/staging.nbg.eu\/da\/wp-json\/wp\/v2\/product_brand?post=74316"},{"taxonomy":"product_cat","embeddable":true,"href":"https:\/\/staging.nbg.eu\/da\/wp-json\/wp\/v2\/product_cat?post=74316"},{"taxonomy":"product_tag","embeddable":true,"href":"https:\/\/staging.nbg.eu\/da\/wp-json\/wp\/v2\/product_tag?post=74316"}],"curies":[{"name":"wp","href":"https:\/\/api.w.org\/{rel}","templated":true}]}}