{"id":74227,"date":"2024-10-18T20:39:12","date_gmt":"2024-10-18T20:39:12","guid":{"rendered":"https:\/\/staging.nbg.eu\/product\/kmr-gun-oil-20ml\/"},"modified":"2024-10-30T08:59:24","modified_gmt":"2024-10-30T08:59:24","slug":"kmr-vabenolie-20ml","status":"publish","type":"product","link":"https:\/\/staging.nbg.eu\/da\/vare\/kmr-vabenolie-20ml\/","title":{"rendered":"KMR V\u00c5BENOLIE 20ML"},"content":{"rendered":"<div class=\"product-description\">\n<h2>KMR V\u00c5BENOLIE 20ML<\/h2>\n<p>KMR V\u00c5BENOLIE 20ML er en syntetisk olie til vedligeholdelse og beskyttelse af skydev\u00e5ben. Denne olie er designet til at reducere friktion og slitage, hvilket sikrer, at skydev\u00e5ben fungerer effektivt.<\/p>\n<ul>\n<li>Syntetisk formel<\/li>\n<li>Reducerer friktion og slitage<\/li>\n<li>Forl\u00e6nger skydev\u00e5bnets levetid<\/li>\n<li>Forbedrer ydeevne<\/li>\n<li>Egnet til alle typer skydev\u00e5ben<\/li>\n<\/ul>\n<p>KMR V\u00c5BENOLIE leveres i en 20ml pakke, som er nem at bruge og transportere. Denne flaske sikrer, at du altid har olie til r\u00e5dighed til hurtig vedligeholdelse.<\/p>\n<p>Beskyt dit skydev\u00e5ben og hold det i god stand med KMR V\u00c5BENOLIE 20ML.<\/p>\n<\/div>\n","protected":false},"excerpt":{"rendered":"<p>Speciel KMR syntetisk v\u00e5benolie til reduktion af friktion og slitage.<\/p>\n","protected":false},"featured_media":72865,"template":"","meta":{"_acf_changed":false},"product_brand":[11506],"product_cat":[13108,13120],"product_tag":[],"class_list":{"0":"post-74227","1":"product","2":"type-product","3":"status-publish","4":"has-post-thumbnail","6":"product_brand-kmr-precision","7":"product_cat-smoremidler","8":"product_cat-vabenrensning","10":"first","11":"instock","12":"taxable","13":"shipping-taxable","14":"purchasable","15":"product-type-simple"},"acf":[],"_links":{"self":[{"href":"https:\/\/staging.nbg.eu\/da\/wp-json\/wp\/v2\/product\/74227","targetHints":{"allow":["GET"]}}],"collection":[{"href":"https:\/\/staging.nbg.eu\/da\/wp-json\/wp\/v2\/product"}],"about":[{"href":"https:\/\/staging.nbg.eu\/da\/wp-json\/wp\/v2\/types\/product"}],"wp:featuredmedia":[{"embeddable":true,"href":"https:\/\/staging.nbg.eu\/da\/wp-json\/wp\/v2\/media\/72865"}],"wp:attachment":[{"href":"https:\/\/staging.nbg.eu\/da\/wp-json\/wp\/v2\/media?parent=74227"}],"wp:term":[{"taxonomy":"product_brand","embeddable":true,"href":"https:\/\/staging.nbg.eu\/da\/wp-json\/wp\/v2\/product_brand?post=74227"},{"taxonomy":"product_cat","embeddable":true,"href":"https:\/\/staging.nbg.eu\/da\/wp-json\/wp\/v2\/product_cat?post=74227"},{"taxonomy":"product_tag","embeddable":true,"href":"https:\/\/staging.nbg.eu\/da\/wp-json\/wp\/v2\/product_tag?post=74227"}],"curies":[{"name":"wp","href":"https:\/\/api.w.org\/{rel}","templated":true}]}}