{"id":74093,"date":"2024-10-18T19:05:21","date_gmt":"2024-10-29T10:03:04","guid":{"rendered":"https:\/\/staging.nbg.eu\/product\/casio-prg-340t-7er\/"},"modified":"2024-10-29T10:04:55","modified_gmt":"2024-10-29T10:04:55","slug":"casio-prg-340t-7er","status":"publish","type":"product","link":"https:\/\/staging.nbg.eu\/da\/vare\/casio-prg-340t-7er\/","title":{"rendered":"Casio PRG-340T-7ER"},"content":{"rendered":"<h2>Casio PRG-340T-7ER<\/h2>\n<p>Casio PRG-340T-7ER har f\u00f8lgende funktioner:<\/p>\n<ul>\n<li>Digitalt kompas<\/li>\n<li>H\u00f8jdem\u00e5ler og barometer<\/li>\n<li>Termometer<\/li>\n<li>Duplex LCD-sk\u00e6rm<\/li>\n<li>Fremstillet af biomasseplast<\/li>\n<li>Direkte funktionsknapper<\/li>\n<li>Solcelledrevet<\/li>\n<li>Super Illuminator<\/li>\n<\/ul>\n<p>PRG-340T-7ER har 10 bar vandt\u00e6thed, modstandsdygtighed over for lave temperaturer, verdenstid og solopgang\/solnedgang visning.<\/p>\n","protected":false},"excerpt":{"rendered":"<p>Robust udend\u00f8rs ur med kompas, h\u00f8jdem\u00e5ler og milj\u00f8venligt design.<\/p>\n","protected":false},"featured_media":71748,"template":"","meta":{"_acf_changed":false},"product_brand":[11197],"product_cat":[13129,13105],"product_tag":[],"class_list":{"0":"post-74093","1":"product","2":"type-product","3":"status-publish","4":"has-post-thumbnail","6":"product_brand-casio","7":"product_cat-edc","8":"product_cat-ure","10":"first","11":"instock","12":"taxable","13":"shipping-taxable","14":"purchasable","15":"product-type-simple"},"acf":[],"_links":{"self":[{"href":"https:\/\/staging.nbg.eu\/da\/wp-json\/wp\/v2\/product\/74093","targetHints":{"allow":["GET"]}}],"collection":[{"href":"https:\/\/staging.nbg.eu\/da\/wp-json\/wp\/v2\/product"}],"about":[{"href":"https:\/\/staging.nbg.eu\/da\/wp-json\/wp\/v2\/types\/product"}],"wp:featuredmedia":[{"embeddable":true,"href":"https:\/\/staging.nbg.eu\/da\/wp-json\/wp\/v2\/media\/71748"}],"wp:attachment":[{"href":"https:\/\/staging.nbg.eu\/da\/wp-json\/wp\/v2\/media?parent=74093"}],"wp:term":[{"taxonomy":"product_brand","embeddable":true,"href":"https:\/\/staging.nbg.eu\/da\/wp-json\/wp\/v2\/product_brand?post=74093"},{"taxonomy":"product_cat","embeddable":true,"href":"https:\/\/staging.nbg.eu\/da\/wp-json\/wp\/v2\/product_cat?post=74093"},{"taxonomy":"product_tag","embeddable":true,"href":"https:\/\/staging.nbg.eu\/da\/wp-json\/wp\/v2\/product_tag?post=74093"}],"curies":[{"name":"wp","href":"https:\/\/api.w.org\/{rel}","templated":true}]}}