{"id":74023,"date":"2024-10-16T20:26:30","date_gmt":"2024-10-25T14:28:58","guid":{"rendered":"https:\/\/staging.nbg.eu\/product\/casio-gbdh2000-1aer\/"},"modified":"2024-10-25T14:30:41","modified_gmt":"2024-10-25T14:30:41","slug":"casio-gbdh2000-1aer","status":"publish","type":"product","link":"https:\/\/staging.nbg.eu\/da\/vare\/casio-gbdh2000-1aer\/","title":{"rendered":"Casio GBDH2000-1AER"},"content":{"rendered":"<h2>Casio GBDH2000-1AER: Fitness ur<\/h2>\n<p>Casio GBDH2000-1AER har 6 sensorer og GPS-funktionalitet. Dette ur overv\u00e5ger fysisk aktivitet i realtid p\u00e5 tv\u00e6rs af 8 forskellige sportsgrene, herunder l\u00f8b, cykling og sv\u00f8mning.<\/p>\n<ul>\n<li>M\u00e5ler afstand, hastighed, tid, tempo, puls og forbr\u00e6ndte kalorier<\/li>\n<li>M\u00e5ler blodets iltindhold<\/li>\n<li>Dobbeltlags rammedesign<\/li>\n<li>Solcelledrevet opladning<\/li>\n<li>Smartfunktioner inkluderer notifikationer og verdenstid for 300 byer<\/li>\n<\/ul>\n<p>GBDH2000-1AER er fremstillet af biomasseplast. Uret kombinerer teknologi med milj\u00f8bevidsthed. Dette ur er velegnet til atleter og fitness-entusiaster.<\/p>\n","protected":false},"excerpt":{"rendered":"<p>GPS-aktiveret sportsur med 6 sensorer, der tracker 8 aktiviteter.<\/p>\n","protected":false},"featured_media":71401,"template":"","meta":{"_acf_changed":false},"product_brand":[11197],"product_cat":[13129,13105],"product_tag":[],"class_list":{"0":"post-74023","1":"product","2":"type-product","3":"status-publish","4":"has-post-thumbnail","6":"product_brand-casio","7":"product_cat-edc","8":"product_cat-ure","10":"first","11":"instock","12":"taxable","13":"shipping-taxable","14":"purchasable","15":"product-type-simple"},"acf":[],"_links":{"self":[{"href":"https:\/\/staging.nbg.eu\/da\/wp-json\/wp\/v2\/product\/74023","targetHints":{"allow":["GET"]}}],"collection":[{"href":"https:\/\/staging.nbg.eu\/da\/wp-json\/wp\/v2\/product"}],"about":[{"href":"https:\/\/staging.nbg.eu\/da\/wp-json\/wp\/v2\/types\/product"}],"wp:featuredmedia":[{"embeddable":true,"href":"https:\/\/staging.nbg.eu\/da\/wp-json\/wp\/v2\/media\/71401"}],"wp:attachment":[{"href":"https:\/\/staging.nbg.eu\/da\/wp-json\/wp\/v2\/media?parent=74023"}],"wp:term":[{"taxonomy":"product_brand","embeddable":true,"href":"https:\/\/staging.nbg.eu\/da\/wp-json\/wp\/v2\/product_brand?post=74023"},{"taxonomy":"product_cat","embeddable":true,"href":"https:\/\/staging.nbg.eu\/da\/wp-json\/wp\/v2\/product_cat?post=74023"},{"taxonomy":"product_tag","embeddable":true,"href":"https:\/\/staging.nbg.eu\/da\/wp-json\/wp\/v2\/product_tag?post=74023"}],"curies":[{"name":"wp","href":"https:\/\/api.w.org\/{rel}","templated":true}]}}