{"id":74001,"date":"2024-01-30T18:02:27","date_gmt":"2024-01-30T18:02:27","guid":{"rendered":"https:\/\/staging.nbg.eu\/product\/holosun-hs403b\/"},"modified":"2024-10-25T14:25:41","modified_gmt":"2024-10-25T14:25:41","slug":"holosun-hs403b","status":"publish","type":"product","link":"https:\/\/staging.nbg.eu\/da\/vare\/holosun-hs403b\/","title":{"rendered":"Holosun HS403B"},"content":{"rendered":"<div class=\"product-description\">\n<h2>Holosun HS403B Micro R\u00f8dpunktsigte<\/h2>\n<p>Holosun HS403B er et kompakt 20mm mikrosigte til riffel- og karabinapplikationer. Det har f\u00f8lgende egenskaber:<\/p>\n<ul>\n<li>R\u00f8d Super LED med 50.000 timers batterilevetid<\/li>\n<li>10 dagslys- og 2 nattesyn-kompatible retikleindstillinger<\/li>\n<li>Kabinet i 6061 aluminium<\/li>\n<li>Nedre 1\/3 co-witness montering (1,63&#8243;) og lav montering (0,75&#8243;) inkluderet<\/li>\n<li>Shake Awake-teknologi for forl\u00e6nget batterilevetid<\/li>\n<li>Digitale knapper til nem justering<\/li>\n<li>Gummilinsed\u00e6ksler til beskyttelse<\/li>\n<li>Sidemonteret 2032 batteriskuffe for nem udskiftning<\/li>\n<\/ul>\n<p>Med sine funktioner og konstruktion er HS403B egnet til skytter p\u00e5 alle niveauer. Det er vandt\u00e6t efter IP67-standard og kan modst\u00e5 1000G vibration, hvilket g\u00f8r det egnet til brug under forskellige forhold.<\/p>\n<\/div>\n","protected":false},"excerpt":{"rendered":"<p>Kompakt 20mm r\u00f8dpunktsigte med 50.000 timers batterilevetid og alsidig montering.<\/p>\n","protected":false},"featured_media":72259,"template":"","meta":{"_acf_changed":false},"product_brand":[11423],"product_cat":[13149,13116,13115],"product_tag":[],"class_list":{"0":"post-74001","1":"product","2":"type-product","3":"status-publish","4":"has-post-thumbnail","6":"product_brand-holosun","7":"product_cat-riffelsigtepunkter","8":"product_cat-rodpunktsigte","9":"product_cat-sigte","11":"first","12":"instock","13":"taxable","14":"shipping-taxable","15":"purchasable","16":"product-type-simple"},"acf":[],"_links":{"self":[{"href":"https:\/\/staging.nbg.eu\/da\/wp-json\/wp\/v2\/product\/74001","targetHints":{"allow":["GET"]}}],"collection":[{"href":"https:\/\/staging.nbg.eu\/da\/wp-json\/wp\/v2\/product"}],"about":[{"href":"https:\/\/staging.nbg.eu\/da\/wp-json\/wp\/v2\/types\/product"}],"wp:featuredmedia":[{"embeddable":true,"href":"https:\/\/staging.nbg.eu\/da\/wp-json\/wp\/v2\/media\/72259"}],"wp:attachment":[{"href":"https:\/\/staging.nbg.eu\/da\/wp-json\/wp\/v2\/media?parent=74001"}],"wp:term":[{"taxonomy":"product_brand","embeddable":true,"href":"https:\/\/staging.nbg.eu\/da\/wp-json\/wp\/v2\/product_brand?post=74001"},{"taxonomy":"product_cat","embeddable":true,"href":"https:\/\/staging.nbg.eu\/da\/wp-json\/wp\/v2\/product_cat?post=74001"},{"taxonomy":"product_tag","embeddable":true,"href":"https:\/\/staging.nbg.eu\/da\/wp-json\/wp\/v2\/product_tag?post=74001"}],"curies":[{"name":"wp","href":"https:\/\/api.w.org\/{rel}","templated":true}]}}