{"id":73979,"date":"2024-10-18T20:01:13","date_gmt":"2024-10-18T20:01:13","guid":{"rendered":"https:\/\/staging.nbg.eu\/product\/holosun-hs515cm-red-dot-sight\/"},"modified":"2024-10-25T14:24:03","modified_gmt":"2024-10-25T14:24:03","slug":"holosun-hs515cm-rodpunktsigte","status":"publish","type":"product","link":"https:\/\/staging.nbg.eu\/da\/vare\/holosun-hs515cm-rodpunktsigte\/","title":{"rendered":"Holosun HS515CM &#8211; R\u00f8dpunktsigte"},"content":{"rendered":"<div class=\"product-description\">\n<h2>Holosun HS515CM &#8211; R\u00f8dpunktsigte<\/h2>\n<p>HS515CM er et 20mm mikrosigte til rifler og karabiner. Fremstillet af 7075 aluminium med f\u00f8lgende egenskaber:<\/p>\n<ul>\n<li>Klare, aftagelige\/roterende linseh\u00e6tter<\/li>\n<li>QD lower 1\/3 co-witness montering (1,63&#8243;)<\/li>\n<li>IP68 vand- og st\u00f8vt\u00e6t klassificering<\/li>\n<li>Solar Failsafe teknologi<\/li>\n<li>Multi-Reticle System med r\u00f8d Super LED<\/li>\n<li>10 dagslys- og 2 nattesyn-indstillinger<\/li>\n<li>Shake Awake teknologi<\/li>\n<li>Op til 50.000 timers batterilevetid<\/li>\n<li>V\u00e6rkt\u00f8jsfri batteriskift fra siden<\/li>\n<\/ul>\n<p>HS515CM er designet til b\u00e5de sport og professionel brug, tilbyder 0,5 MOA justeringer og \u00b150 MOA bev\u00e6gelsesomr\u00e5de. Den er konstrueret til at modst\u00e5 ekstreme temperaturer og 1000G vibration.<\/p>\n<\/div>\n","protected":false},"excerpt":{"rendered":"<p>Holdbart 20mm mikro-r\u00f8dpunktsigte til rifler, soldrevet, vandt\u00e6t.<\/p>\n","protected":false},"featured_media":72398,"template":"","meta":{"_acf_changed":false},"product_brand":[11423],"product_cat":[13149,13116,13115],"product_tag":[],"class_list":{"0":"post-73979","1":"product","2":"type-product","3":"status-publish","4":"has-post-thumbnail","6":"product_brand-holosun","7":"product_cat-riffelsigtepunkter","8":"product_cat-rodpunktsigte","9":"product_cat-sigte","11":"first","12":"instock","13":"taxable","14":"shipping-taxable","15":"purchasable","16":"product-type-simple"},"acf":[],"_links":{"self":[{"href":"https:\/\/staging.nbg.eu\/da\/wp-json\/wp\/v2\/product\/73979","targetHints":{"allow":["GET"]}}],"collection":[{"href":"https:\/\/staging.nbg.eu\/da\/wp-json\/wp\/v2\/product"}],"about":[{"href":"https:\/\/staging.nbg.eu\/da\/wp-json\/wp\/v2\/types\/product"}],"wp:featuredmedia":[{"embeddable":true,"href":"https:\/\/staging.nbg.eu\/da\/wp-json\/wp\/v2\/media\/72398"}],"wp:attachment":[{"href":"https:\/\/staging.nbg.eu\/da\/wp-json\/wp\/v2\/media?parent=73979"}],"wp:term":[{"taxonomy":"product_brand","embeddable":true,"href":"https:\/\/staging.nbg.eu\/da\/wp-json\/wp\/v2\/product_brand?post=73979"},{"taxonomy":"product_cat","embeddable":true,"href":"https:\/\/staging.nbg.eu\/da\/wp-json\/wp\/v2\/product_cat?post=73979"},{"taxonomy":"product_tag","embeddable":true,"href":"https:\/\/staging.nbg.eu\/da\/wp-json\/wp\/v2\/product_tag?post=73979"}],"curies":[{"name":"wp","href":"https:\/\/api.w.org\/{rel}","templated":true}]}}