{"id":73957,"date":"2024-10-16T20:13:36","date_gmt":"2024-10-25T10:16:42","guid":{"rendered":"https:\/\/staging.nbg.eu\/product\/casio-gbd-800uc-5er\/"},"modified":"2024-10-25T10:18:26","modified_gmt":"2024-10-25T10:18:26","slug":"casio-gbd-800uc-5er","status":"publish","type":"product","link":"https:\/\/staging.nbg.eu\/da\/vare\/casio-gbd-800uc-5er\/","title":{"rendered":"Casio GBD-800UC-5ER"},"content":{"rendered":"<div class=\"product-description\">\n<h2>Casio GBD-800UC-5ER: Fitness ur<\/h2>\n<p>Casio GBD-800UC-5ER har et resin kabinet og rem, designet til en aktiv livsstil.<\/p>\n<ul>\n<li>M\u00e5l: 54,1 \u00d7 48,6 \u00d7 15,5 mm, v\u00e6gt: 59g<\/li>\n<li>St\u00f8dresistent konstruktion<\/li>\n<li>200 meters vandt\u00e6thed<\/li>\n<li>3 \u00e5rs batterilevetid med CR2025<\/li>\n<li>Skridtt\u00e6ller med 3-akset accelerationssensor<\/li>\n<li>Visning af skridtm\u00e5lsfremgang og 7-timers skridtgraf<\/li>\n<li>Str\u00f8mbesparende funktion<\/li>\n<\/ul>\n<p>GBD-800UC-5ER kan holde styr p\u00e5 din fitness aktivitet.<\/p>\n<\/div>\n","protected":false},"excerpt":{"rendered":"<p>Robust G-Shock med skridtt\u00e6ller, 200m vandt\u00e6t, 3-\u00e5rs batteri.<\/p>\n","protected":false},"featured_media":71237,"template":"","meta":{"_acf_changed":false},"product_brand":[11197],"product_cat":[13129,13105],"product_tag":[],"class_list":{"0":"post-73957","1":"product","2":"type-product","3":"status-publish","4":"has-post-thumbnail","6":"product_brand-casio","7":"product_cat-edc","8":"product_cat-ure","10":"first","11":"instock","12":"taxable","13":"shipping-taxable","14":"purchasable","15":"product-type-simple"},"acf":[],"_links":{"self":[{"href":"https:\/\/staging.nbg.eu\/da\/wp-json\/wp\/v2\/product\/73957","targetHints":{"allow":["GET"]}}],"collection":[{"href":"https:\/\/staging.nbg.eu\/da\/wp-json\/wp\/v2\/product"}],"about":[{"href":"https:\/\/staging.nbg.eu\/da\/wp-json\/wp\/v2\/types\/product"}],"wp:featuredmedia":[{"embeddable":true,"href":"https:\/\/staging.nbg.eu\/da\/wp-json\/wp\/v2\/media\/71237"}],"wp:attachment":[{"href":"https:\/\/staging.nbg.eu\/da\/wp-json\/wp\/v2\/media?parent=73957"}],"wp:term":[{"taxonomy":"product_brand","embeddable":true,"href":"https:\/\/staging.nbg.eu\/da\/wp-json\/wp\/v2\/product_brand?post=73957"},{"taxonomy":"product_cat","embeddable":true,"href":"https:\/\/staging.nbg.eu\/da\/wp-json\/wp\/v2\/product_cat?post=73957"},{"taxonomy":"product_tag","embeddable":true,"href":"https:\/\/staging.nbg.eu\/da\/wp-json\/wp\/v2\/product_tag?post=73957"}],"curies":[{"name":"wp","href":"https:\/\/api.w.org\/{rel}","templated":true}]}}