{"id":73935,"date":"2024-08-16T18:08:29","date_gmt":"2024-08-16T18:08:29","guid":{"rendered":"https:\/\/staging.nbg.eu\/product\/calypso-mini-mini-applied-ballistics-compatible\/"},"modified":"2024-10-25T07:34:23","modified_gmt":"2024-10-25T07:34:23","slug":"calypso-mini-mini-applied-ballistics-kompatibel","status":"publish","type":"product","link":"https:\/\/staging.nbg.eu\/da\/vare\/calypso-mini-mini-applied-ballistics-kompatibel\/","title":{"rendered":"Calypso Mini &#8211; Mini Applied Ballistics Kompatibel"},"content":{"rendered":"<h2>Calypso Mini &#8211; Mini Applied Ballistics Kompatibel<\/h2>\n<p>Calypso Mini er en kompakt ultrasonisk anemometer og vindm\u00e5ler. Den m\u00e5ler 43 mm i diameter og har avancerede funktioner og et robust design.<\/p>\n<h3>Hovedfunktioner:<\/h3>\n<ul>\n<li>Ultrasoniske sensorer til n\u00f8jagtig m\u00e5ling af vindhastighed og -retning<\/li>\n<li>Bluetooth 5.1 forbindelse med op til 30 m r\u00e6kkevidde<\/li>\n<li>Tr\u00e5dl\u00f8s QI-opladning med 150 timers batterilevetid<\/li>\n<li>IPX8 vandt\u00e6thedsklassificering<\/li>\n<li>Kompatibel med Android, iOS og Garmin-enheder<\/li>\n<li>1\/4&#8243; hungevind til nem montering p\u00e5 stativ<\/li>\n<li>Vejer kun 78 gram<\/li>\n<\/ul>\n<p>Calypso Mini giver pr\u00e6cise vindm\u00e5linger med en hastighedsr\u00e6kkevidde p\u00e5 0,5-25 m\/s og en retningsn\u00f8jagtighed p\u00e5 \u00b11\u00b0. Det holdbare design uden bev\u00e6gelige dele sikrer p\u00e5lidelighed under forskellige forhold. Den kan parres med den gratis Anemotracker-app til datalogning og realtids vindinformation.<\/p>\n<p>Calypso Mini er en kompakt l\u00f8sning til vindm\u00e5ling for marinemilj\u00f8er, udend\u00f8rs aktiviteter og professionel meteorologi.<\/p>\n","protected":false},"excerpt":{"rendered":"<p>Kompakt ultralydsvindm\u00e5ler med Bluetooth til pr\u00e6cise vinddata.<\/p>\n","protected":false},"featured_media":23266,"template":"","meta":{"_acf_changed":false},"product_brand":[11170],"product_cat":[13155,13142,13081],"product_tag":[],"class_list":{"0":"post-73935","1":"product","2":"type-product","3":"status-publish","4":"has-post-thumbnail","6":"product_brand-calypso","7":"product_cat-ukategoriseret","8":"product_cat-vaerktoj","9":"product_cat-vejrmalere","11":"first","12":"instock","13":"taxable","14":"shipping-taxable","15":"purchasable","16":"product-type-simple"},"acf":[],"_links":{"self":[{"href":"https:\/\/staging.nbg.eu\/da\/wp-json\/wp\/v2\/product\/73935","targetHints":{"allow":["GET"]}}],"collection":[{"href":"https:\/\/staging.nbg.eu\/da\/wp-json\/wp\/v2\/product"}],"about":[{"href":"https:\/\/staging.nbg.eu\/da\/wp-json\/wp\/v2\/types\/product"}],"wp:featuredmedia":[{"embeddable":true,"href":"https:\/\/staging.nbg.eu\/da\/wp-json\/wp\/v2\/media\/23266"}],"wp:attachment":[{"href":"https:\/\/staging.nbg.eu\/da\/wp-json\/wp\/v2\/media?parent=73935"}],"wp:term":[{"taxonomy":"product_brand","embeddable":true,"href":"https:\/\/staging.nbg.eu\/da\/wp-json\/wp\/v2\/product_brand?post=73935"},{"taxonomy":"product_cat","embeddable":true,"href":"https:\/\/staging.nbg.eu\/da\/wp-json\/wp\/v2\/product_cat?post=73935"},{"taxonomy":"product_tag","embeddable":true,"href":"https:\/\/staging.nbg.eu\/da\/wp-json\/wp\/v2\/product_tag?post=73935"}],"curies":[{"name":"wp","href":"https:\/\/api.w.org\/{rel}","templated":true}]}}