{"id":73726,"date":"2024-10-16T19:50:15","date_gmt":"2024-10-21T08:19:05","guid":{"rendered":"https:\/\/staging.nbg.eu\/product\/casio-gba-800-1aer\/"},"modified":"2024-10-21T08:20:51","modified_gmt":"2024-10-21T08:20:51","slug":"casio-gba-800-1aer","status":"publish","type":"product","link":"https:\/\/staging.nbg.eu\/da\/vare\/casio-gba-800-1aer\/","title":{"rendered":"Casio GBA-800-1AER"},"content":{"rendered":"<h2>Casio GBA-800-1AER G-SQUAD Ur<\/h2>\n<p>Casio GBA-800-1AER G-SQUAD er et sportsur til byatleter. Dette ur kombinerer G-SHOCKs holdbarhed med avancerede fitnesssporingsfunktioner.<\/p>\n<ul>\n<li>Bluetooth-forbindelse til integration med CASIO WATCHES-appen<\/li>\n<li>3-akset accelerometer til skridtt\u00e6lling<\/li>\n<li>Tilpasselige nedt\u00e6llingstimere og 200-omgangs hukommelse<\/li>\n<li>Skridtlog med fem intensitetsniveauer<\/li>\n<li>Kalorieberegning og indstilling af skridtm\u00e5l<\/li>\n<li>Automatisk tidsjustering og verdenstid for 300 byer<\/li>\n<li>Super Illuminator dobbelt LED-lys til synlighed i svagt lys<\/li>\n<\/ul>\n<p>GBA-800-1AER har et bl\u00f8dt urethanrem med forbedret pasform og justerbarhed. Urets kompakte kabinet er velegnet til sportsbrug, hvilket g\u00f8r det til et valg til l\u00f8b, tr\u00e6ning og daglig brug.<\/p>\n","protected":false},"excerpt":{"rendered":"<p>Sporty smartwatch med skridtt\u00e6ller og app-synkronisering.<\/p>\n","protected":false},"featured_media":71097,"template":"","meta":{"_acf_changed":false},"product_brand":[11197],"product_cat":[13129,13105],"product_tag":[],"class_list":{"0":"post-73726","1":"product","2":"type-product","3":"status-publish","4":"has-post-thumbnail","6":"product_brand-casio","7":"product_cat-edc","8":"product_cat-ure","10":"first","11":"instock","12":"taxable","13":"shipping-taxable","14":"purchasable","15":"product-type-simple"},"acf":[],"_links":{"self":[{"href":"https:\/\/staging.nbg.eu\/da\/wp-json\/wp\/v2\/product\/73726","targetHints":{"allow":["GET"]}}],"collection":[{"href":"https:\/\/staging.nbg.eu\/da\/wp-json\/wp\/v2\/product"}],"about":[{"href":"https:\/\/staging.nbg.eu\/da\/wp-json\/wp\/v2\/types\/product"}],"wp:featuredmedia":[{"embeddable":true,"href":"https:\/\/staging.nbg.eu\/da\/wp-json\/wp\/v2\/media\/71097"}],"wp:attachment":[{"href":"https:\/\/staging.nbg.eu\/da\/wp-json\/wp\/v2\/media?parent=73726"}],"wp:term":[{"taxonomy":"product_brand","embeddable":true,"href":"https:\/\/staging.nbg.eu\/da\/wp-json\/wp\/v2\/product_brand?post=73726"},{"taxonomy":"product_cat","embeddable":true,"href":"https:\/\/staging.nbg.eu\/da\/wp-json\/wp\/v2\/product_cat?post=73726"},{"taxonomy":"product_tag","embeddable":true,"href":"https:\/\/staging.nbg.eu\/da\/wp-json\/wp\/v2\/product_tag?post=73726"}],"curies":[{"name":"wp","href":"https:\/\/api.w.org\/{rel}","templated":true}]}}