{"id":68965,"date":"2023-01-30T18:17:49","date_gmt":"2023-01-30T18:17:49","guid":{"rendered":"https:\/\/staging.nbg.eu\/product\/geissele-super-duty-mod1-rifle-14-5-5-56mm-ddc\/"},"modified":"2024-09-27T10:23:47","modified_gmt":"2024-09-27T10:23:47","slug":"geissele-super-duty-riffel-145-556mm-ddc","status":"publish","type":"product","link":"https:\/\/staging.nbg.eu\/da\/vare\/geissele-super-duty-riffel-145-556mm-ddc\/","title":{"rendered":"Geissele Super Duty Riffel, 14.5&#8243;, 5.56MM-DDC"},"content":{"rendered":"<h2>Geissele Super Duty &#8211; 14,5&#8243; 5,56MM<\/h2>\n<p>Geissele Super Duty. Dette 14,5&#8243; v\u00e5ben i 5,56 NATO kombinerer teknologi med h\u00e5ndv\u00e6rk.<\/p>\n<h2>Hovedfunktioner:<\/h2>\n<ul>\n<li>14,5&#8243; koldhamret, kromforet l\u00f8b (1:7&#8243; drejning)<\/li>\n<li>Fremstillet i Geisseles facilitet i North Wales, PA<\/li>\n<li>Karabin-l\u00e6ngde gassystem med kompakt gasblok<\/li>\n<li>14&#8243; SMR MK14.5 modul\u00e6r skinne med M-LOK kompatibilitet<\/li>\n<li>7075-T6 aluminium underdel med Ultra Duty-dele<\/li>\n<li>Ambidekstr\u00f8s konfigurerbar sikring<\/li>\n<li>Super-42 actionfjeder og H3-buffer<\/li>\n<\/ul>\n<h2>Specifikationer:<\/h2>\n<ul>\n<li>Kaliber: 5,56 NATO<\/li>\n<li>L\u00f8b: Geissele koldhamret, kromforet, 1\/7 drejning<\/li>\n<li>Modtagere: Smedet 7075-T6, h\u00e5rd anodisering type III<\/li>\n<li>Boltb\u00e6rer: REBCG (Forbedret p\u00e5lidelighed boltb\u00e6rergruppe)<\/li>\n<li>Aftr\u00e6kker: SSA-X med Lightning Bow<\/li>\n<li>Mundingsenhed: Geissele Sparkout flashd\u00e6mper<\/li>\n<li>Ladegreb: Airborne<\/li>\n<li>Farve: DDC (\u00d8rken snavs farve)*<\/li>\n<\/ul>\n<p><em>*Bem\u00e6rk: DDC anodisering kan variere i nuance<\/em><\/p>\n<p>Geissele Super Duty Rifle, hvor pr\u00e6cision m\u00f8der p\u00e5lidelighed i en kompakt pakke.<\/p>\n","protected":false},"excerpt":{"rendered":"<p>Geissele Super Duty: 14,5&#8243; 5,56MM, avanceret teknologi, pr\u00e6cisionsbygget.<\/p>\n","protected":false},"featured_media":68966,"template":"","meta":{"_acf_changed":false},"product_brand":[11380],"product_cat":[13136,13139],"product_tag":[],"class_list":{"0":"post-68965","1":"product","2":"type-product","3":"status-publish","4":"has-post-thumbnail","6":"product_brand-geissele","7":"product_cat-karabiner","8":"product_cat-riffel","10":"first","11":"outofstock","12":"taxable","13":"shipping-taxable","14":"product-type-simple"},"acf":[],"_links":{"self":[{"href":"https:\/\/staging.nbg.eu\/da\/wp-json\/wp\/v2\/product\/68965","targetHints":{"allow":["GET"]}}],"collection":[{"href":"https:\/\/staging.nbg.eu\/da\/wp-json\/wp\/v2\/product"}],"about":[{"href":"https:\/\/staging.nbg.eu\/da\/wp-json\/wp\/v2\/types\/product"}],"wp:featuredmedia":[{"embeddable":true,"href":"https:\/\/staging.nbg.eu\/da\/wp-json\/wp\/v2\/media\/68966"}],"wp:attachment":[{"href":"https:\/\/staging.nbg.eu\/da\/wp-json\/wp\/v2\/media?parent=68965"}],"wp:term":[{"taxonomy":"product_brand","embeddable":true,"href":"https:\/\/staging.nbg.eu\/da\/wp-json\/wp\/v2\/product_brand?post=68965"},{"taxonomy":"product_cat","embeddable":true,"href":"https:\/\/staging.nbg.eu\/da\/wp-json\/wp\/v2\/product_cat?post=68965"},{"taxonomy":"product_tag","embeddable":true,"href":"https:\/\/staging.nbg.eu\/da\/wp-json\/wp\/v2\/product_tag?post=68965"}],"curies":[{"name":"wp","href":"https:\/\/api.w.org\/{rel}","templated":true}]}}