{"id":68439,"date":"2023-11-29T10:10:20","date_gmt":"2024-09-20T12:29:48","guid":{"rendered":"https:\/\/staging.nbg.eu\/product\/geissele-super-duty-mod1-11-5-5-56mm-ddc\/"},"modified":"2024-09-27T10:07:03","modified_gmt":"2024-09-27T10:07:03","slug":"geissele-super-duty-115-556mm-ddc","status":"publish","type":"product","link":"https:\/\/staging.nbg.eu\/da\/vare\/geissele-super-duty-115-556mm-ddc\/","title":{"rendered":"Geissele Super Duty, 11.5&#8243;, 5.56MM-DDC"},"content":{"rendered":"<h2>Geissele Super Duty Pistol &#8211; 11,5&#8243; 5,56MM<\/h2>\n<p>Geissele Super Duty er en 11,5&#8243; pistol i 5,56 NATO, der kombinerer teknologi med h\u00e5ndv\u00e6rk.<\/p>\n<h2>Hovedfunktioner:<\/h2>\n<ul>\n<li>11,5&#8243; koldhamret, forkromet l\u00f8b (1:7&#8243; vridning)<\/li>\n<li>Fremstillet i Geisseles fabrik i North Wales, PA<\/li>\n<li>Karabin-l\u00e6ngde gassystem med kompakt gasblok<\/li>\n<li>10,5&#8243; SMR MK16 modul\u00e6r skinne med M-LOK kompatibilitet<\/li>\n<li>7075-T6 aluminium underdel med Ultra Duty-dele<\/li>\n<li>Ambidekstr\u00f8s konfigurerbar sikkerhed<\/li>\n<li>Super-42 aktionsfjeder og H3-buffer<\/li>\n<\/ul>\n<h2>Specifikationer:<\/h2>\n<ul>\n<li>Kaliber: 5,56 NATO<\/li>\n<li>L\u00f8b: Geissele koldhamret, forkromet, 1\/7 vridning<\/li>\n<li>Hoveddele: Smedet 7075-T6, h\u00e5rd anodisering type III<\/li>\n<li>L\u00e5sestol: REBCG (Forbedret p\u00e5lidelighed l\u00e5sestolgruppe)<\/li>\n<li>Aftr\u00e6kker: SSA-X med Lightning Bow<\/li>\n<li>Mundingsenhed: Geissele Sparkout flashd\u00e6mper<\/li>\n<li>Ladegreb: Airborne<\/li>\n<li>Farve: DDC (Desert Dirt Color)*<\/li>\n<\/ul>\n<p><em>*Bem\u00e6rk: DDC anodisering kan variere i nuance<\/em><\/p>\n<p>Geissele Super Duty Pistol er en kompakt pistol med h\u00f8j ydeevne.<\/p>\n","protected":false},"excerpt":{"rendered":"<p>Geissele Super Duty: 11,5&#8243; 5,56MM, avanceret teknologi, pr\u00e6cisionsbygget.<\/p>\n","protected":false},"featured_media":191246,"template":"","meta":{"_acf_changed":false},"product_brand":[11380],"product_cat":[13136,13124,13139],"product_tag":[],"class_list":{"0":"post-68439","1":"product","2":"type-product","3":"status-publish","4":"has-post-thumbnail","6":"product_brand-geissele","7":"product_cat-karabiner","8":"product_cat-licenseret","9":"product_cat-riffel","11":"first","12":"instock","13":"taxable","14":"shipping-taxable","15":"product-type-simple"},"acf":[],"_links":{"self":[{"href":"https:\/\/staging.nbg.eu\/da\/wp-json\/wp\/v2\/product\/68439","targetHints":{"allow":["GET"]}}],"collection":[{"href":"https:\/\/staging.nbg.eu\/da\/wp-json\/wp\/v2\/product"}],"about":[{"href":"https:\/\/staging.nbg.eu\/da\/wp-json\/wp\/v2\/types\/product"}],"wp:featuredmedia":[{"embeddable":true,"href":"https:\/\/staging.nbg.eu\/da\/wp-json\/wp\/v2\/media\/191246"}],"wp:attachment":[{"href":"https:\/\/staging.nbg.eu\/da\/wp-json\/wp\/v2\/media?parent=68439"}],"wp:term":[{"taxonomy":"product_brand","embeddable":true,"href":"https:\/\/staging.nbg.eu\/da\/wp-json\/wp\/v2\/product_brand?post=68439"},{"taxonomy":"product_cat","embeddable":true,"href":"https:\/\/staging.nbg.eu\/da\/wp-json\/wp\/v2\/product_cat?post=68439"},{"taxonomy":"product_tag","embeddable":true,"href":"https:\/\/staging.nbg.eu\/da\/wp-json\/wp\/v2\/product_tag?post=68439"}],"curies":[{"name":"wp","href":"https:\/\/api.w.org\/{rel}","templated":true}]}}