{"id":68301,"date":"2023-12-10T10:23:45","date_gmt":"2023-12-10T10:23:45","guid":{"rendered":"https:\/\/staging.nbg.eu\/product\/alg-defense-el-jefe-16-5-56mm-black\/"},"modified":"2025-02-07T08:22:05","modified_gmt":"2025-02-07T08:22:05","slug":"alg-defense-el-jefe-16-556mm-sort","status":"publish","type":"product","link":"https:\/\/staging.nbg.eu\/da\/vare\/alg-defense-el-jefe-16-556mm-sort\/","title":{"rendered":"ALG Defense El Jefe, 16&#8243;, 5.56MM &#8211; Sort"},"content":{"rendered":"<h2>ALG Defense El Jefe, 16&#8243;, 5,56MM &#8211; Sort<\/h2>\n<p>ALG Defense El Jefe riffel er et valg for skytter, der s\u00f8ger en Mil-Spec klasse riffel til en overkommelig pris. Dette komplette riffelsystem leveres med en rem og et Warner &amp; Swasey r\u00f8dpunktsigte.<\/p>\n<h2>Hovedfunktioner:<\/h2>\n<ul>\n<li>7075 aluminium billet modtagere, smedet og CNC-bearbejdet<\/li>\n<li>Mil-Spec Type 3 h\u00e5rdt anodiseret overflade i mat sort<\/li>\n<li>ALG V3X h\u00e5ndv\u00e6rn med M-LOK slots til forskellige monteringsmuligheder<\/li>\n<li>B5 Systems SOPMOD sk\u00e6fte<\/li>\n<li>Geissele Super 42 flettet tr\u00e5dpufferfjer og H1 buffer<\/li>\n<li>Mil-Spec slutbolt gruppe med h\u00e5rd forkromning<\/li>\n<li>ALG Defense Advanced Combat Trigger (ACT)<\/li>\n<li>Knaphulsriflet, forkromet l\u00f8b med 5,56 NATO kammer<\/li>\n<li>Geissele gasblok og forl\u00e6nget mid-length gasr\u00f8r<\/li>\n<li>Inkluderer M4 karabin Mil-Spec webrem og QD drejeled<\/li>\n<li>Warner og Swasey 3 MOA r\u00f8dpunktsigte med integrerede backup jernsigter<\/li>\n<\/ul>\n<p>El Jefe kombinerer komponenter og h\u00e5ndv\u00e6rk for at levere en p\u00e5lidelig, pr\u00e6cis og holdbar riffel egnet til sportsskydning, retsh\u00e5ndh\u00e6velse og hjemmeforsvar. Med sin konstruktion og medf\u00f8lgende tilbeh\u00f8r, lever ALG Defense El Jefe op til sit navn som en rimelig prisfastsat AR-15.<\/p>\n","protected":false},"excerpt":{"rendered":"<p>ALG Defense El Jefe: H\u00f8j-kvalitets 5,56mm AR-15 med f\u00f8rsteklasses funktioner.<\/p>\n","protected":false},"featured_media":68302,"template":"","meta":{"_acf_changed":false},"product_brand":[11380],"product_cat":[13136,13139],"product_tag":[],"class_list":{"0":"post-68301","1":"product","2":"type-product","3":"status-publish","4":"has-post-thumbnail","6":"product_brand-geissele","7":"product_cat-karabiner","8":"product_cat-riffel","10":"first","11":"instock","12":"taxable","13":"shipping-taxable","14":"product-type-simple"},"acf":[],"_links":{"self":[{"href":"https:\/\/staging.nbg.eu\/da\/wp-json\/wp\/v2\/product\/68301","targetHints":{"allow":["GET"]}}],"collection":[{"href":"https:\/\/staging.nbg.eu\/da\/wp-json\/wp\/v2\/product"}],"about":[{"href":"https:\/\/staging.nbg.eu\/da\/wp-json\/wp\/v2\/types\/product"}],"wp:featuredmedia":[{"embeddable":true,"href":"https:\/\/staging.nbg.eu\/da\/wp-json\/wp\/v2\/media\/68302"}],"wp:attachment":[{"href":"https:\/\/staging.nbg.eu\/da\/wp-json\/wp\/v2\/media?parent=68301"}],"wp:term":[{"taxonomy":"product_brand","embeddable":true,"href":"https:\/\/staging.nbg.eu\/da\/wp-json\/wp\/v2\/product_brand?post=68301"},{"taxonomy":"product_cat","embeddable":true,"href":"https:\/\/staging.nbg.eu\/da\/wp-json\/wp\/v2\/product_cat?post=68301"},{"taxonomy":"product_tag","embeddable":true,"href":"https:\/\/staging.nbg.eu\/da\/wp-json\/wp\/v2\/product_tag?post=68301"}],"curies":[{"name":"wp","href":"https:\/\/api.w.org\/{rel}","templated":true}]}}