{"id":68050,"date":"2024-01-30T18:09:06","date_gmt":"2024-09-20T12:19:57","guid":{"rendered":"https:\/\/staging.nbg.eu\/product\/surefire-m640dft-pro\/"},"modified":"2024-09-20T12:20:45","modified_gmt":"2024-09-20T12:20:45","slug":"surefire-m640dft-pro","status":"publish","type":"product","link":"https:\/\/staging.nbg.eu\/da\/vare\/surefire-m640dft-pro\/","title":{"rendered":"SureFire M640DFT-PRO"},"content":{"rendered":"<div class=\"product-description\">\n<h2>SureFire M640DFT-PRO Turbo Scout Light Pro<\/h2>\n<p>M640DFT-PRO Turbo Scout Light Pro har f\u00f8lgende egenskaber:<\/p>\n<ul>\n<li>100.000 candela maksimal str\u00e5leintensitet med medf\u00f8lgende SF18650B batteri<\/li>\n<li>Turbo str\u00e5lem\u00f8nster til identifikation af m\u00e5l p\u00e5 lang afstand<\/li>\n<li>Lavprofil montering (kompatibel med MIL-STD-1913 og M-LOK)<\/li>\n<li>Dual Fuel kapabilitet: brug SF18650B genopladelig eller to 123A lithium batterier<\/li>\n<li>Holdbarhed og muligheder for fjernbetjening<\/li>\n<\/ul>\n<p>Fremstillet af letv\u00e6gts rumfartsaluminium og Mil-Spec h\u00e5rd anodiseret, dette O-ring forseglede v\u00e5benlys er egnet til anvendelser p\u00e5 lang afstand.<\/p>\n<\/div>\n","protected":false},"excerpt":{"rendered":"<p>H\u00f8jeffektiv taktisk lommelygte med 100.000 candela lysstr\u00e5le til brug over lange afstande.<\/p>\n","protected":false},"featured_media":68051,"template":"","meta":{"_acf_changed":false},"product_brand":[11861],"product_cat":[13130,13139,13090],"product_tag":[],"class_list":{"0":"post-68050","1":"product","2":"type-product","3":"status-publish","4":"has-post-thumbnail","6":"product_brand-surefire","7":"product_cat-lygter","8":"product_cat-riffel","9":"product_cat-riffellygter","11":"first","12":"instock","13":"taxable","14":"shipping-taxable","15":"purchasable","16":"product-type-variable","17":"wvs-archive-product-wrapper"},"acf":[],"_links":{"self":[{"href":"https:\/\/staging.nbg.eu\/da\/wp-json\/wp\/v2\/product\/68050","targetHints":{"allow":["GET"]}}],"collection":[{"href":"https:\/\/staging.nbg.eu\/da\/wp-json\/wp\/v2\/product"}],"about":[{"href":"https:\/\/staging.nbg.eu\/da\/wp-json\/wp\/v2\/types\/product"}],"wp:featuredmedia":[{"embeddable":true,"href":"https:\/\/staging.nbg.eu\/da\/wp-json\/wp\/v2\/media\/68051"}],"wp:attachment":[{"href":"https:\/\/staging.nbg.eu\/da\/wp-json\/wp\/v2\/media?parent=68050"}],"wp:term":[{"taxonomy":"product_brand","embeddable":true,"href":"https:\/\/staging.nbg.eu\/da\/wp-json\/wp\/v2\/product_brand?post=68050"},{"taxonomy":"product_cat","embeddable":true,"href":"https:\/\/staging.nbg.eu\/da\/wp-json\/wp\/v2\/product_cat?post=68050"},{"taxonomy":"product_tag","embeddable":true,"href":"https:\/\/staging.nbg.eu\/da\/wp-json\/wp\/v2\/product_tag?post=68050"}],"curies":[{"name":"wp","href":"https:\/\/api.w.org\/{rel}","templated":true}]}}