{"id":67766,"date":"2024-01-13T10:41:33","date_gmt":"2024-09-20T12:17:29","guid":{"rendered":"https:\/\/staging.nbg.eu\/product\/surefire-m340dft-pro\/"},"modified":"2024-09-20T12:18:17","modified_gmt":"2024-09-20T12:18:17","slug":"surefire-m340dft-pro","status":"publish","type":"product","link":"https:\/\/staging.nbg.eu\/da\/vare\/surefire-m340dft-pro\/","title":{"rendered":"SureFire M340DFT-PRO"},"content":{"rendered":"<div class=\"product-description\">\n<h2>SureFire M340DFT-PRO Turbo Mini Scout Light Pro<\/h2>\n<p>M340DFT-PRO indeholder:<\/p>\n<ul>\n<li>95.000 candela maksimal str\u00e5leintensitet med medf\u00f8lgende SF18350 batteri<\/li>\n<li>Turbo str\u00e5lem\u00f8nster til m\u00e5lidentifikation p\u00e5 lang afstand<\/li>\n<li>Lavprofil montering til optimal placering<\/li>\n<li>Dual Fuel funktion: SF18350 genopladeligt eller 123A lithium prim\u00e6rbatteri<\/li>\n<li>Holdbarhed og omfattende muligheder for fjernbetjening<\/li>\n<\/ul>\n<p>M340DFT-PRO&#8217;s reflektor leverer en koncentreret str\u00e5le, velegnet til langdistance anvendelser. Fremstillet af rumfartsaluminium og Mil-Spec h\u00e5rd anodiseret, er dette v\u00e5benlys konstrueret til at modst\u00e5 barske forhold.<\/p>\n<\/div>\n","protected":false},"excerpt":{"rendered":"<p>Kompakt, h\u00f8jeffektiv v\u00e5benlygte med 95.000 candela maksimal str\u00e5leintensitet.<\/p>\n","protected":false},"featured_media":67767,"template":"","meta":{"_acf_changed":false},"product_brand":[11861],"product_cat":[13130,13139,13090],"product_tag":[],"class_list":{"0":"post-67766","1":"product","2":"type-product","3":"status-publish","4":"has-post-thumbnail","6":"product_brand-surefire","7":"product_cat-lygter","8":"product_cat-riffel","9":"product_cat-riffellygter","11":"first","12":"instock","13":"taxable","14":"shipping-taxable","15":"purchasable","16":"product-type-variable","17":"wvs-archive-product-wrapper"},"acf":[],"_links":{"self":[{"href":"https:\/\/staging.nbg.eu\/da\/wp-json\/wp\/v2\/product\/67766","targetHints":{"allow":["GET"]}}],"collection":[{"href":"https:\/\/staging.nbg.eu\/da\/wp-json\/wp\/v2\/product"}],"about":[{"href":"https:\/\/staging.nbg.eu\/da\/wp-json\/wp\/v2\/types\/product"}],"wp:featuredmedia":[{"embeddable":true,"href":"https:\/\/staging.nbg.eu\/da\/wp-json\/wp\/v2\/media\/67767"}],"wp:attachment":[{"href":"https:\/\/staging.nbg.eu\/da\/wp-json\/wp\/v2\/media?parent=67766"}],"wp:term":[{"taxonomy":"product_brand","embeddable":true,"href":"https:\/\/staging.nbg.eu\/da\/wp-json\/wp\/v2\/product_brand?post=67766"},{"taxonomy":"product_cat","embeddable":true,"href":"https:\/\/staging.nbg.eu\/da\/wp-json\/wp\/v2\/product_cat?post=67766"},{"taxonomy":"product_tag","embeddable":true,"href":"https:\/\/staging.nbg.eu\/da\/wp-json\/wp\/v2\/product_tag?post=67766"}],"curies":[{"name":"wp","href":"https:\/\/api.w.org\/{rel}","templated":true}]}}