{"id":67002,"date":"2024-01-13T13:29:38","date_gmt":"2024-09-20T11:59:36","guid":{"rendered":"https:\/\/staging.nbg.eu\/product\/surefire-x300u-a\/"},"modified":"2025-02-19T14:50:02","modified_gmt":"2025-02-19T14:50:02","slug":"surefire-x300u-a","status":"publish","type":"product","link":"https:\/\/staging.nbg.eu\/da\/vare\/surefire-x300u-a\/","title":{"rendered":"SureFire X300U-A"},"content":{"rendered":"<div class=\"product-description\">\n<h2>SureFire X300U-A Taktisk V\u00e5benlygte<\/h2>\n<p>SureFire X300U-A er en taktisk lygte designet til professionel brug. Den leverer 1.000 lumen LED-genereret lys, fokuseret af en TIR-linse.<\/p>\n<ul>\n<li>Hurtig-aftagelig system til hurtig montering\/afmontering<\/li>\n<li>Betjening for b\u00e5de h\u00f8jre- og venstreh\u00e5ndede<\/li>\n<li>Krop lavet af aluminiumslegering med h\u00e5rd anodiseret overflade<\/li>\n<li>IPX7 vandt\u00e6t (1 meter i 30 minutter)<\/li>\n<li>1,25 timers driftstid p\u00e5 to medf\u00f8lgende 123A lithiumbatterier<\/li>\n<li>Kompakt design: 9,55 cm lang, vejer 113 gram<\/li>\n<\/ul>\n<p>SureFire X300U-A belyser m\u00e5l p\u00e5 lange afstande og hj\u00e6lper med at opretholde situationsbevidsthed.<\/p>\n<\/div>\n","protected":false},"excerpt":{"rendered":"<p>SureFire X300U-A: 1000-lumen taktisk lys til h\u00e5ndv\u00e5ben og rifler.<\/p>\n","protected":false},"featured_media":67003,"template":"","meta":{"_acf_changed":false},"product_brand":[11861],"product_cat":[13130,13096,13123],"product_tag":[],"class_list":{"0":"post-67002","1":"product","2":"type-product","3":"status-publish","4":"has-post-thumbnail","6":"product_brand-surefire","7":"product_cat-lygter","8":"product_cat-pistol","9":"product_cat-pistollygter","11":"first","12":"instock","13":"taxable","14":"shipping-taxable","15":"purchasable","16":"product-type-variable","17":"wvs-archive-product-wrapper"},"acf":[],"_links":{"self":[{"href":"https:\/\/staging.nbg.eu\/da\/wp-json\/wp\/v2\/product\/67002","targetHints":{"allow":["GET"]}}],"collection":[{"href":"https:\/\/staging.nbg.eu\/da\/wp-json\/wp\/v2\/product"}],"about":[{"href":"https:\/\/staging.nbg.eu\/da\/wp-json\/wp\/v2\/types\/product"}],"wp:featuredmedia":[{"embeddable":true,"href":"https:\/\/staging.nbg.eu\/da\/wp-json\/wp\/v2\/media\/67003"}],"wp:attachment":[{"href":"https:\/\/staging.nbg.eu\/da\/wp-json\/wp\/v2\/media?parent=67002"}],"wp:term":[{"taxonomy":"product_brand","embeddable":true,"href":"https:\/\/staging.nbg.eu\/da\/wp-json\/wp\/v2\/product_brand?post=67002"},{"taxonomy":"product_cat","embeddable":true,"href":"https:\/\/staging.nbg.eu\/da\/wp-json\/wp\/v2\/product_cat?post=67002"},{"taxonomy":"product_tag","embeddable":true,"href":"https:\/\/staging.nbg.eu\/da\/wp-json\/wp\/v2\/product_tag?post=67002"}],"curies":[{"name":"wp","href":"https:\/\/api.w.org\/{rel}","templated":true}]}}