{"id":66752,"date":"2024-01-13T20:15:17","date_gmt":"2024-09-20T11:56:58","guid":{"rendered":"https:\/\/staging.nbg.eu\/product\/surefire-x300u-b\/"},"modified":"2025-05-18T05:53:48","modified_gmt":"2025-05-18T05:53:48","slug":"surefire-x300u-b","status":"publish","type":"product","link":"https:\/\/staging.nbg.eu\/da\/vare\/surefire-x300u-b\/","title":{"rendered":"SureFire X300U-B"},"content":{"rendered":"<div class=\"product-description\">\n<h2>SureFire X300U-B Taktisk V\u00e5benlys<\/h2>\n<p>SureFire X300U-B er et taktisk lys designet til professionel brug. Det leverer 1.000 lumen LED-genereret lys, fokuseret af en TIR-linse.<\/p>\n<ul>\n<li>T-slot tommeskrue klemme til montering p\u00e5 skinner<\/li>\n<li>T\u00e6nd\/sluk-knap til brug med begge h\u00e6nder<\/li>\n<li>Lavet af aluminium med anodiseret overflade<\/li>\n<li>IPX7 vandt\u00e6t (1 meter i 30 minutter)<\/li>\n<li>1,25 timers brugstid p\u00e5 to medf\u00f8lgende 123A litiumbatterier<\/li>\n<li>M\u00e5l: 3,76 tommer lang, v\u00e6gt 4,0 oz<\/li>\n<\/ul>\n<p>SureFire X300U-B oplyser genstande p\u00e5 afstand.<\/p>\n<\/div>\n","protected":false},"excerpt":{"rendered":"<p>SureFire X300U-B: 1000-lumen taktisk lys til h\u00e5ndv\u00e5ben og lange v\u00e5ben.<\/p>\n","protected":false},"featured_media":66753,"template":"","meta":{"_acf_changed":false},"product_brand":[11861],"product_cat":[13130,13096,13123],"product_tag":[],"class_list":{"0":"post-66752","1":"product","2":"type-product","3":"status-publish","4":"has-post-thumbnail","6":"product_brand-surefire","7":"product_cat-lygter","8":"product_cat-pistol","9":"product_cat-pistollygter","11":"first","12":"instock","13":"taxable","14":"shipping-taxable","15":"purchasable","16":"product-type-variable","17":"wvs-archive-product-wrapper"},"acf":[],"_links":{"self":[{"href":"https:\/\/staging.nbg.eu\/da\/wp-json\/wp\/v2\/product\/66752","targetHints":{"allow":["GET"]}}],"collection":[{"href":"https:\/\/staging.nbg.eu\/da\/wp-json\/wp\/v2\/product"}],"about":[{"href":"https:\/\/staging.nbg.eu\/da\/wp-json\/wp\/v2\/types\/product"}],"wp:featuredmedia":[{"embeddable":true,"href":"https:\/\/staging.nbg.eu\/da\/wp-json\/wp\/v2\/media\/66753"}],"wp:attachment":[{"href":"https:\/\/staging.nbg.eu\/da\/wp-json\/wp\/v2\/media?parent=66752"}],"wp:term":[{"taxonomy":"product_brand","embeddable":true,"href":"https:\/\/staging.nbg.eu\/da\/wp-json\/wp\/v2\/product_brand?post=66752"},{"taxonomy":"product_cat","embeddable":true,"href":"https:\/\/staging.nbg.eu\/da\/wp-json\/wp\/v2\/product_cat?post=66752"},{"taxonomy":"product_tag","embeddable":true,"href":"https:\/\/staging.nbg.eu\/da\/wp-json\/wp\/v2\/product_tag?post=66752"}],"curies":[{"name":"wp","href":"https:\/\/api.w.org\/{rel}","templated":true}]}}