{"id":66506,"date":"2024-01-30T18:10:41","date_gmt":"2024-09-20T11:53:28","guid":{"rendered":"https:\/\/staging.nbg.eu\/product\/surefire-x300t-a\/"},"modified":"2024-09-20T11:54:16","modified_gmt":"2024-09-20T11:54:16","slug":"surefire-x300t-a","status":"publish","type":"product","link":"https:\/\/staging.nbg.eu\/da\/vare\/surefire-x300t-a\/","title":{"rendered":"SureFire X300T-A"},"content":{"rendered":"<div class=\"product-description\">\n<h2>SureFire X300T-A Taktisk V\u00e5benlys<\/h2>\n<p>SureFire X300T-A er et taktisk lys designet til professionelle. Med en lysstyrke p\u00e5 66.000 candela og 650 lumens output leverer dette lys:<\/p>\n<ul>\n<li>Turbo-str\u00e5lem\u00f8nster til m\u00e5lidentifikation p\u00e5 lange afstande<\/li>\n<li>Lever Latch-fastg\u00f8relsessystem til montering p\u00e5 Universal og Picatinny-skinner<\/li>\n<li>Ambidekstr\u00f8s kontakt til aktivering<\/li>\n<li>Kompatibilitet med eksisterende X300U-A hylstre<\/li>\n<li>Aluminiumskrop med h\u00e5rd anodiseret overfladebehandling<\/li>\n<li>IPX7 vandt\u00e6t klassificering (1 meter i 30 minutter)<\/li>\n<li>1,5 timers driftstid p\u00e5 to medf\u00f8lgende 123A lithiumbatterier<\/li>\n<\/ul>\n<p>X300T-A kan oplyse m\u00e5l op til 514 meter v\u00e6k.<\/p>\n<\/div>\n","protected":false},"excerpt":{"rendered":"<p>SureFire X300T-A: 66.000-candela taktisk lys til langdistance identifikation af personer.<\/p>\n","protected":false},"featured_media":66507,"template":"","meta":{"_acf_changed":false},"product_brand":[11861],"product_cat":[13130,13096,13123],"product_tag":[],"class_list":{"0":"post-66506","1":"product","2":"type-product","3":"status-publish","4":"has-post-thumbnail","6":"product_brand-surefire","7":"product_cat-lygter","8":"product_cat-pistol","9":"product_cat-pistollygter","11":"first","12":"instock","13":"taxable","14":"shipping-taxable","15":"purchasable","16":"product-type-variable","17":"wvs-archive-product-wrapper"},"acf":[],"_links":{"self":[{"href":"https:\/\/staging.nbg.eu\/da\/wp-json\/wp\/v2\/product\/66506","targetHints":{"allow":["GET"]}}],"collection":[{"href":"https:\/\/staging.nbg.eu\/da\/wp-json\/wp\/v2\/product"}],"about":[{"href":"https:\/\/staging.nbg.eu\/da\/wp-json\/wp\/v2\/types\/product"}],"wp:featuredmedia":[{"embeddable":true,"href":"https:\/\/staging.nbg.eu\/da\/wp-json\/wp\/v2\/media\/66507"}],"wp:attachment":[{"href":"https:\/\/staging.nbg.eu\/da\/wp-json\/wp\/v2\/media?parent=66506"}],"wp:term":[{"taxonomy":"product_brand","embeddable":true,"href":"https:\/\/staging.nbg.eu\/da\/wp-json\/wp\/v2\/product_brand?post=66506"},{"taxonomy":"product_cat","embeddable":true,"href":"https:\/\/staging.nbg.eu\/da\/wp-json\/wp\/v2\/product_cat?post=66506"},{"taxonomy":"product_tag","embeddable":true,"href":"https:\/\/staging.nbg.eu\/da\/wp-json\/wp\/v2\/product_tag?post=66506"}],"curies":[{"name":"wp","href":"https:\/\/api.w.org\/{rel}","templated":true}]}}