{"id":66314,"date":"2024-01-16T19:29:25","date_gmt":"2024-09-20T11:50:50","guid":{"rendered":"https:\/\/staging.nbg.eu\/product\/surefire-x300t-b-weaponlight\/"},"modified":"2024-09-20T11:51:37","modified_gmt":"2024-09-20T11:51:37","slug":"surefire-x300t-b-vabenlygte","status":"publish","type":"product","link":"https:\/\/staging.nbg.eu\/da\/vare\/surefire-x300t-b-vabenlygte\/","title":{"rendered":"SureFire X300T-B V\u00c5BENLYGTE"},"content":{"rendered":"<div class=\"product-description\">\n<h2>SureFire X300T-B V\u00c5BENLYGTE<\/h2>\n<p>SureFire X300T-B V\u00c5BENLYGTE er en belysningsl\u00f8sning til professionelle. Denne Turbo-serie version af X300 h\u00e5ndv\u00e5ben-v\u00e5benlygte leverer:<\/p>\n<ul>\n<li>66.000-candela maksimal str\u00e5leintensitet<\/li>\n<li>650 lumen fokuseret hvidt lys<\/li>\n<li>Turbo-str\u00e5lem\u00f8nster til identifikation p\u00e5 lange afstande<\/li>\n<li>1,5 timers driftstid p\u00e5 to medf\u00f8lgende 123A lithiumbatterier<\/li>\n<\/ul>\n<p>X300T-B har f\u00f8lgende egenskaber:<\/p>\n<ul>\n<li>T-slot tommeskrueklemme til montering p\u00e5 Universal og Picatinny-skinner<\/li>\n<li>Ambidekstr\u00f8s kontakt til aktivering<\/li>\n<li>Kompatibel med eksisterende X300U-B hylstre<\/li>\n<li>Flykropsmateriale af aluminium med h\u00e5rd anodiseret overflade<\/li>\n<li>IPX7 vandt\u00e6thedsklassificering (neds\u00e6nkbar til 1 meter i 30 minutter)<\/li>\n<\/ul>\n<p>Hovedspecifikationer:<\/p>\n<ul>\n<li>L\u00e6ngde: 9,55 cm<\/li>\n<li>V\u00e6gt med batterier: 124,7 g<\/li>\n<li>Diameter p\u00e5 front: 2,9 cm<\/li>\n<li>Effektiv r\u00e6kkevidde: 514 meter<\/li>\n<\/ul>\n<p>SureFire X300T-B V\u00c5BENLYGTE leverer ydelse og p\u00e5lidelighed i kritiske situationer.<\/p>\n<\/div>\n","protected":false},"excerpt":{"rendered":"<p>Kraftfuldt 650-lumen v\u00e5benlys med 66.000-candela str\u00e5le til identifikation p\u00e5 ekstrem afstand.<\/p>\n","protected":false},"featured_media":83164,"template":"","meta":{"_acf_changed":false},"product_brand":[11861],"product_cat":[13130,13096,13123],"product_tag":[],"class_list":{"0":"post-66314","1":"product","2":"type-product","3":"status-publish","4":"has-post-thumbnail","6":"product_brand-surefire","7":"product_cat-lygter","8":"product_cat-pistol","9":"product_cat-pistollygter","11":"first","12":"instock","13":"taxable","14":"shipping-taxable","15":"purchasable","16":"product-type-variable","17":"wvs-archive-product-wrapper"},"acf":[],"_links":{"self":[{"href":"https:\/\/staging.nbg.eu\/da\/wp-json\/wp\/v2\/product\/66314","targetHints":{"allow":["GET"]}}],"collection":[{"href":"https:\/\/staging.nbg.eu\/da\/wp-json\/wp\/v2\/product"}],"about":[{"href":"https:\/\/staging.nbg.eu\/da\/wp-json\/wp\/v2\/types\/product"}],"wp:featuredmedia":[{"embeddable":true,"href":"https:\/\/staging.nbg.eu\/da\/wp-json\/wp\/v2\/media\/83164"}],"wp:attachment":[{"href":"https:\/\/staging.nbg.eu\/da\/wp-json\/wp\/v2\/media?parent=66314"}],"wp:term":[{"taxonomy":"product_brand","embeddable":true,"href":"https:\/\/staging.nbg.eu\/da\/wp-json\/wp\/v2\/product_brand?post=66314"},{"taxonomy":"product_cat","embeddable":true,"href":"https:\/\/staging.nbg.eu\/da\/wp-json\/wp\/v2\/product_cat?post=66314"},{"taxonomy":"product_tag","embeddable":true,"href":"https:\/\/staging.nbg.eu\/da\/wp-json\/wp\/v2\/product_tag?post=66314"}],"curies":[{"name":"wp","href":"https:\/\/api.w.org\/{rel}","templated":true}]}}