{"id":66218,"date":"2024-01-18T13:56:08","date_gmt":"2024-09-20T11:48:13","guid":{"rendered":"https:\/\/staging.nbg.eu\/product\/surefire-switch-assembly-z-xbc\/"},"modified":"2024-09-20T11:49:05","modified_gmt":"2024-09-20T11:49:05","slug":"surefire-switch-enhed-z-xbc","status":"publish","type":"product","link":"https:\/\/staging.nbg.eu\/da\/vare\/surefire-switch-enhed-z-xbc\/","title":{"rendered":"SureFire Switch Enhed Z-XBC"},"content":{"rendered":"<p>\nSureFire Switch Assembly Z-XBC er en fabrikserstatningskontakt til X300, X400 og XH30 v\u00e5benlygter. Funktioner omfatter:<\/p>\n<ul>\n<li>Ambidekstr\u00f8s dobbelt momentan og konstant t\u00e6nd\/sluk-knap<\/li>\n<li>Konstruktion af polymer<\/li>\n<li>F\u00e5s i sort eller tan<\/li>\n<\/ul>\n<p>Ikke kompatibel med XH50G v\u00e5benlygte. S\u00f8rg for at bruge den rigtige kontakt til din SureFire v\u00e5benlygte.<\/p>\n","protected":false},"excerpt":{"rendered":"<p>Erstatningskontakt til SureFire X300\/X400\/XH30 v\u00e5benlygter. Dobbelt tilstand.<\/p>\n","protected":false},"featured_media":66219,"template":"","meta":{"_acf_changed":false},"product_brand":[11861],"product_cat":[13130,13154,13096,13123],"product_tag":[],"class_list":{"0":"post-66218","1":"product","2":"type-product","3":"status-publish","4":"has-post-thumbnail","6":"product_brand-surefire","7":"product_cat-lygter","8":"product_cat-lygtetilbehor","9":"product_cat-pistol","10":"product_cat-pistollygter","12":"first","13":"instock","14":"taxable","15":"shipping-taxable","16":"purchasable","17":"product-type-variable","18":"wvs-archive-product-wrapper"},"acf":[],"_links":{"self":[{"href":"https:\/\/staging.nbg.eu\/da\/wp-json\/wp\/v2\/product\/66218","targetHints":{"allow":["GET"]}}],"collection":[{"href":"https:\/\/staging.nbg.eu\/da\/wp-json\/wp\/v2\/product"}],"about":[{"href":"https:\/\/staging.nbg.eu\/da\/wp-json\/wp\/v2\/types\/product"}],"wp:featuredmedia":[{"embeddable":true,"href":"https:\/\/staging.nbg.eu\/da\/wp-json\/wp\/v2\/media\/66219"}],"wp:attachment":[{"href":"https:\/\/staging.nbg.eu\/da\/wp-json\/wp\/v2\/media?parent=66218"}],"wp:term":[{"taxonomy":"product_brand","embeddable":true,"href":"https:\/\/staging.nbg.eu\/da\/wp-json\/wp\/v2\/product_brand?post=66218"},{"taxonomy":"product_cat","embeddable":true,"href":"https:\/\/staging.nbg.eu\/da\/wp-json\/wp\/v2\/product_cat?post=66218"},{"taxonomy":"product_tag","embeddable":true,"href":"https:\/\/staging.nbg.eu\/da\/wp-json\/wp\/v2\/product_tag?post=66218"}],"curies":[{"name":"wp","href":"https:\/\/api.w.org\/{rel}","templated":true}]}}