{"id":66029,"date":"2024-01-21T16:19:01","date_gmt":"2024-01-21T16:19:01","guid":{"rendered":"https:\/\/staging.nbg.eu\/product\/surefire-edc1-dft\/"},"modified":"2025-10-01T16:22:21","modified_gmt":"2025-10-01T13:22:21","slug":"surefire-edc1-dft","status":"publish","type":"product","link":"https:\/\/staging.nbg.eu\/da\/vare\/surefire-edc1-dft\/","title":{"rendered":"SureFire EDC1-DFT"},"content":{"rendered":"<div class=\"product-description\">\n<h2>SureFire EDC1-DFT Turbo Lommelygte<\/h2>\n<p>SureFire EDC1-DFT Turbo er en kompakt lommelygte designet til daglig brug. Denne Dual Fuel lommelygte leverer:<\/p>\n<ul>\n<li>95.000-candela maksimal str\u00e5leintensitet (med medf\u00f8lgende SF18350 batteri)<\/li>\n<li>Turbo str\u00e5lem\u00f8nster til koncentreret belysning p\u00e5 lang afstand<\/li>\n<li>Dual Fuel teknologi: brug genopladeligt SF18350 eller enkelt 123A lithium batteri<\/li>\n<li>Mil-Spec h\u00e5rdt anodiseret aluminiumskrop<\/li>\n<li>IPX7 vandt\u00e6t klassificering<\/li>\n<\/ul>\n<p>Vigtige egenskaber:<\/p>\n<ul>\n<li>H\u00f8j effekt: 650 lumen (med 18350 batteri)<\/li>\n<li>Driftstid: 45 minutter p\u00e5 h\u00f8j (med 18350 batteri)<\/li>\n<li>L\u00e6ngde: 4,76 tommer (12,1 cm)<\/li>\n<li>V\u00e6gt: 4,56 oz (128,3 g) med 18350 batteri<\/li>\n<li>Tovejs clip til forskellige b\u00e6remuligheder<\/li>\n<\/ul>\n<p>SureFire kvalitet og ydeevne i en kompakt pakke, der giver god synlighed i enhver situation.<\/p>\n<\/div>\n","protected":false},"excerpt":{"rendered":"<p>Kompakt EDC-lommelygte med 95.000-candela str\u00e5le og mulighed for to forskellige str\u00f8mkilder.<\/p>\n","protected":false},"featured_media":66030,"template":"","meta":{"_acf_changed":false},"product_brand":[11861],"product_cat":[13129,13098,13130],"product_tag":[],"class_list":{"0":"post-66029","1":"product","2":"type-product","3":"status-publish","4":"has-post-thumbnail","6":"product_brand-surefire","7":"product_cat-edc","8":"product_cat-edc-lygter","9":"product_cat-lygter","11":"first","12":"instock","13":"taxable","14":"shipping-taxable","15":"purchasable","16":"product-type-variable","17":"wvs-archive-product-wrapper"},"acf":[],"_links":{"self":[{"href":"https:\/\/staging.nbg.eu\/da\/wp-json\/wp\/v2\/product\/66029","targetHints":{"allow":["GET"]}}],"collection":[{"href":"https:\/\/staging.nbg.eu\/da\/wp-json\/wp\/v2\/product"}],"about":[{"href":"https:\/\/staging.nbg.eu\/da\/wp-json\/wp\/v2\/types\/product"}],"wp:featuredmedia":[{"embeddable":true,"href":"https:\/\/staging.nbg.eu\/da\/wp-json\/wp\/v2\/media\/66030"}],"wp:attachment":[{"href":"https:\/\/staging.nbg.eu\/da\/wp-json\/wp\/v2\/media?parent=66029"}],"wp:term":[{"taxonomy":"product_brand","embeddable":true,"href":"https:\/\/staging.nbg.eu\/da\/wp-json\/wp\/v2\/product_brand?post=66029"},{"taxonomy":"product_cat","embeddable":true,"href":"https:\/\/staging.nbg.eu\/da\/wp-json\/wp\/v2\/product_cat?post=66029"},{"taxonomy":"product_tag","embeddable":true,"href":"https:\/\/staging.nbg.eu\/da\/wp-json\/wp\/v2\/product_tag?post=66029"}],"curies":[{"name":"wp","href":"https:\/\/api.w.org\/{rel}","templated":true}]}}