{"id":65614,"date":"2024-01-21T17:47:21","date_gmt":"2024-09-20T11:31:48","guid":{"rendered":"https:\/\/staging.nbg.eu\/product\/surefire-sflfp123-batteries\/"},"modified":"2024-09-20T11:32:30","modified_gmt":"2024-09-20T11:32:30","slug":"surefire-sflfp123-batterier","status":"publish","type":"product","link":"https:\/\/staging.nbg.eu\/da\/vare\/surefire-sflfp123-batterier\/","title":{"rendered":"SureFire SFLFP123 BATTERIER"},"content":{"rendered":"<div class=\"product-description\">\n<h2>SureFire SFLFP123 Genopladelige Batterier<\/h2>\n<p>Disse SureFire SFLFP123 Lithium Jern Fosfat (LiFePO4) genopladelige batterier er til LED-belysningsenheder. Disse 3,2V celler har en kapacitet p\u00e5 450mAh og 1,44Wh energi.<\/p>\n<ul>\n<li>Internt kredsl\u00f8b til sikker opladning<\/li>\n<li>Beskyttelse mod overopladning, kortslutning og omvendt polaritet<\/li>\n<li>Opladningstid: 1,5 til 3 timer<\/li>\n<li>V\u00e6gt: 17 gram pr. batteri<\/li>\n<li>F\u00e5s som batteris\u00e6t eller komplet s\u00e6t med oplader<\/li>\n<\/ul>\n<p>Bem\u00e6rk: Disse batterier er kun til LED-belysningsprodukter og b\u00f8r ikke bruges med gl\u00f8delamper.<\/p>\n<\/div>\n","protected":false},"excerpt":{"rendered":"<p>SureFire SFLFP123: Genopladelige 3,2V LiFePO4-batterier til LED-lys.<\/p>\n","protected":false},"featured_media":65615,"template":"","meta":{"_acf_changed":false},"product_brand":[11861],"product_cat":[],"product_tag":[],"class_list":{"0":"post-65614","1":"product","2":"type-product","3":"status-publish","4":"has-post-thumbnail","6":"product_brand-surefire","8":"first","9":"instock","10":"taxable","11":"shipping-taxable","12":"product-type-simple"},"acf":[],"_links":{"self":[{"href":"https:\/\/staging.nbg.eu\/da\/wp-json\/wp\/v2\/product\/65614","targetHints":{"allow":["GET"]}}],"collection":[{"href":"https:\/\/staging.nbg.eu\/da\/wp-json\/wp\/v2\/product"}],"about":[{"href":"https:\/\/staging.nbg.eu\/da\/wp-json\/wp\/v2\/types\/product"}],"wp:featuredmedia":[{"embeddable":true,"href":"https:\/\/staging.nbg.eu\/da\/wp-json\/wp\/v2\/media\/65615"}],"wp:attachment":[{"href":"https:\/\/staging.nbg.eu\/da\/wp-json\/wp\/v2\/media?parent=65614"}],"wp:term":[{"taxonomy":"product_brand","embeddable":true,"href":"https:\/\/staging.nbg.eu\/da\/wp-json\/wp\/v2\/product_brand?post=65614"},{"taxonomy":"product_cat","embeddable":true,"href":"https:\/\/staging.nbg.eu\/da\/wp-json\/wp\/v2\/product_cat?post=65614"},{"taxonomy":"product_tag","embeddable":true,"href":"https:\/\/staging.nbg.eu\/da\/wp-json\/wp\/v2\/product_tag?post=65614"}],"curies":[{"name":"wp","href":"https:\/\/api.w.org\/{rel}","templated":true}]}}