{"id":65568,"date":"2024-01-23T18:42:27","date_gmt":"2024-01-23T18:42:27","guid":{"rendered":"https:\/\/staging.nbg.eu\/product\/bore-cleaner-1-5-oz\/"},"modified":"2024-09-20T11:29:54","modified_gmt":"2024-09-20T11:29:54","slug":"lob-rengoringsmiddel-15-oz","status":"publish","type":"product","link":"https:\/\/staging.nbg.eu\/da\/vare\/lob-rengoringsmiddel-15-oz\/","title":{"rendered":"L\u00f8b Reng\u00f8ringsmiddel 1.5 oz"},"content":{"rendered":"<p>\nIosso Bore Cleaner: En pasta-formel til reng\u00f8ring af v\u00e5ben. Fjerner kobber, bly, kul, snavs og rust uden spild eller skader. Ikke-\u00e6tsende og lugtfri. Kan bruges sammen med Eliminator B\u00f8rster og Oil Solution for grundig reng\u00f8ring. Lavet af plantebaserede ingredienser.<\/p>\n","protected":false},"excerpt":{"rendered":"<p>Milj\u00f8venlig rensepasta til v\u00e5ben. Fjerner rester og aflejringer hurtigt.<\/p>\n","protected":false},"featured_media":101675,"template":"","meta":{"_acf_changed":false},"product_brand":[11470],"product_cat":[13134,13120],"product_tag":[],"class_list":{"0":"post-65568","1":"product","2":"type-product","3":"status-publish","4":"has-post-thumbnail","6":"product_brand-iosso","7":"product_cat-rengoringsmidler","8":"product_cat-vabenrensning","10":"first","11":"instock","12":"taxable","13":"shipping-taxable","14":"purchasable","15":"product-type-simple"},"acf":[],"_links":{"self":[{"href":"https:\/\/staging.nbg.eu\/da\/wp-json\/wp\/v2\/product\/65568","targetHints":{"allow":["GET"]}}],"collection":[{"href":"https:\/\/staging.nbg.eu\/da\/wp-json\/wp\/v2\/product"}],"about":[{"href":"https:\/\/staging.nbg.eu\/da\/wp-json\/wp\/v2\/types\/product"}],"wp:featuredmedia":[{"embeddable":true,"href":"https:\/\/staging.nbg.eu\/da\/wp-json\/wp\/v2\/media\/101675"}],"wp:attachment":[{"href":"https:\/\/staging.nbg.eu\/da\/wp-json\/wp\/v2\/media?parent=65568"}],"wp:term":[{"taxonomy":"product_brand","embeddable":true,"href":"https:\/\/staging.nbg.eu\/da\/wp-json\/wp\/v2\/product_brand?post=65568"},{"taxonomy":"product_cat","embeddable":true,"href":"https:\/\/staging.nbg.eu\/da\/wp-json\/wp\/v2\/product_cat?post=65568"},{"taxonomy":"product_tag","embeddable":true,"href":"https:\/\/staging.nbg.eu\/da\/wp-json\/wp\/v2\/product_tag?post=65568"}],"curies":[{"name":"wp","href":"https:\/\/api.w.org\/{rel}","templated":true}]}}