{"id":65315,"date":"2024-09-19T17:15:31","date_gmt":"2024-09-19T14:15:31","guid":{"rendered":"https:\/\/staging.nbg.eu\/?post_type=product&#038;p=65315"},"modified":"2025-10-20T12:25:38","modified_gmt":"2025-10-20T09:25:38","slug":"rh-owb-classics-hylster","status":"publish","type":"product","link":"https:\/\/staging.nbg.eu\/da\/vare\/rh-owb-classics-hylster\/","title":{"rendered":"RH OWB Classics Hylster"},"content":{"rendered":"<div class=\"product-description\">\n<h2>RH OWB Klassisk Hylster<\/h2>\n<p>RH OWB Klassisk Hylster er et hylster til b\u00e6ring uden p\u00e5 b\u00e6ltet. Det er lavet af l\u00e6der og har syninger. Dette hylster tilbyder:<\/p>\n<ul>\n<li>Holdbar konstruktion<\/li>\n<li>Behagelig pasform<\/li>\n<li>Sikker fastholdelse af v\u00e5bnet<\/li>\n<li>Hurtig tr\u00e6kning<\/li>\n<li>Klassisk design<\/li>\n<\/ul>\n<p>F\u00e5s til forskellige h\u00e5ndv\u00e5benmodeller. RH OWB Klassisk Hylster kan bruges til skjult b\u00e6ring, skydetr\u00e6ning eller \u00e5ben b\u00e6ring.<\/p>\n<\/div>\n","protected":false},"excerpt":{"rendered":"<p>Sikker, behagelig OWB-hylster til klassiske skydev\u00e5ben. Holdbart design.<\/p>\n","protected":false},"featured_media":65445,"template":"","meta":{"_acf_changed":false},"product_brand":[11631],"product_cat":[13093,13131,13080],"product_tag":[],"class_list":{"0":"post-65315","1":"product","2":"type-product","3":"status-publish","4":"has-post-thumbnail","6":"product_brand-rh-holsters","7":"product_cat-hylster","8":"product_cat-sporthylster","9":"product_cat-taktisk-hylster","10":"pa_belt-size-40mm-da","11":"pa_light-streamlight-tlr-1","12":"pa_light-surefire-x300-ultra-a-da","13":"pa_light-surefire-x300u","14":"pa_light-without-light-da","15":"pa_model-1911-da","16":"pa_model-beretta-92fs-da","17":"pa_model-beretta-92x-da","18":"pa_model-cz-75-b-da","19":"pa_model-glock-17-da","20":"pa_model-glock-19-17","21":"pa_model-glock-19-23-32-da","22":"pa_model-glock-43x-da","23":"pa_model-hk45-da","24":"pa_model-sig-sauer-p226-bez-railu-da","25":"pa_strong-hand-right-da","27":"first","28":"instock","29":"taxable","30":"shipping-taxable","31":"purchasable","32":"product-type-variable","33":"wvs-archive-product-wrapper"},"acf":[],"_links":{"self":[{"href":"https:\/\/staging.nbg.eu\/da\/wp-json\/wp\/v2\/product\/65315","targetHints":{"allow":["GET"]}}],"collection":[{"href":"https:\/\/staging.nbg.eu\/da\/wp-json\/wp\/v2\/product"}],"about":[{"href":"https:\/\/staging.nbg.eu\/da\/wp-json\/wp\/v2\/types\/product"}],"wp:featuredmedia":[{"embeddable":true,"href":"https:\/\/staging.nbg.eu\/da\/wp-json\/wp\/v2\/media\/65445"}],"wp:attachment":[{"href":"https:\/\/staging.nbg.eu\/da\/wp-json\/wp\/v2\/media?parent=65315"}],"wp:term":[{"taxonomy":"product_brand","embeddable":true,"href":"https:\/\/staging.nbg.eu\/da\/wp-json\/wp\/v2\/product_brand?post=65315"},{"taxonomy":"product_cat","embeddable":true,"href":"https:\/\/staging.nbg.eu\/da\/wp-json\/wp\/v2\/product_cat?post=65315"},{"taxonomy":"product_tag","embeddable":true,"href":"https:\/\/staging.nbg.eu\/da\/wp-json\/wp\/v2\/product_tag?post=65315"}],"curies":[{"name":"wp","href":"https:\/\/api.w.org\/{rel}","templated":true}]}}