{"id":63338,"date":"2024-01-23T19:37:48","date_gmt":"2024-09-16T13:09:25","guid":{"rendered":"https:\/\/staging.nbg.eu\/product\/iosso-firearms-parts-cleaner-degreaser-37l\/"},"modified":"2024-09-16T13:10:09","modified_gmt":"2024-09-16T13:10:09","slug":"iosso-skydevaben-dele-rengoringsmiddel-affedtningsmiddel-37l","status":"publish","type":"product","link":"https:\/\/staging.nbg.eu\/da\/vare\/iosso-skydevaben-dele-rengoringsmiddel-affedtningsmiddel-37l\/","title":{"rendered":"Iosso Skydev\u00e5ben Dele Reng\u00f8ringsmiddel (Affedtningsmiddel, 3,7L)"},"content":{"rendered":"<p>\nIosso V\u00e5bendelrens: Et effektivt, milj\u00f8venligt affedtningsmiddel til v\u00e5ben. Dette bionedbrydelige, biobaserede rensemiddel fjerner tilsmudsning, karbon, fedt og rester. Sikkert til brug i ultralydsrensemaskiner, det har lavt VOC-indhold og er fremstillet af naturlige planteekstrakter. Kan sprayes, neds\u00e6nkes eller aft\u00f8rres for reng\u00f8ring, der er sikker for brugeren og milj\u00f8et.<\/p>\n","protected":false},"excerpt":{"rendered":"<p>Milj\u00f8venlig, kraftfuld affedtningsmiddel til grundig reng\u00f8ring af v\u00e5bendele.<\/p>\n","protected":false},"featured_media":102520,"template":"","meta":{"_acf_changed":false},"product_brand":[11470],"product_cat":[13134,13120],"product_tag":[],"class_list":{"0":"post-63338","1":"product","2":"type-product","3":"status-publish","4":"has-post-thumbnail","6":"product_brand-iosso","7":"product_cat-rengoringsmidler","8":"product_cat-vabenrensning","10":"first","11":"instock","12":"taxable","13":"shipping-taxable","14":"purchasable","15":"product-type-simple"},"acf":[],"_links":{"self":[{"href":"https:\/\/staging.nbg.eu\/da\/wp-json\/wp\/v2\/product\/63338","targetHints":{"allow":["GET"]}}],"collection":[{"href":"https:\/\/staging.nbg.eu\/da\/wp-json\/wp\/v2\/product"}],"about":[{"href":"https:\/\/staging.nbg.eu\/da\/wp-json\/wp\/v2\/types\/product"}],"wp:featuredmedia":[{"embeddable":true,"href":"https:\/\/staging.nbg.eu\/da\/wp-json\/wp\/v2\/media\/102520"}],"wp:attachment":[{"href":"https:\/\/staging.nbg.eu\/da\/wp-json\/wp\/v2\/media?parent=63338"}],"wp:term":[{"taxonomy":"product_brand","embeddable":true,"href":"https:\/\/staging.nbg.eu\/da\/wp-json\/wp\/v2\/product_brand?post=63338"},{"taxonomy":"product_cat","embeddable":true,"href":"https:\/\/staging.nbg.eu\/da\/wp-json\/wp\/v2\/product_cat?post=63338"},{"taxonomy":"product_tag","embeddable":true,"href":"https:\/\/staging.nbg.eu\/da\/wp-json\/wp\/v2\/product_tag?post=63338"}],"curies":[{"name":"wp","href":"https:\/\/api.w.org\/{rel}","templated":true}]}}