{"id":63213,"date":"2024-01-23T19:51:36","date_gmt":"2024-09-16T13:02:54","guid":{"rendered":"https:\/\/staging.nbg.eu\/product\/iosso-sizing-lubricant-and-cleaner\/"},"modified":"2024-09-16T13:03:40","modified_gmt":"2024-09-16T13:03:40","slug":"iosso-storrelsessmoremiddel-og-rengor","status":"publish","type":"product","link":"https:\/\/staging.nbg.eu\/da\/vare\/iosso-storrelsessmoremiddel-og-rengor\/","title":{"rendered":"Iosso St\u00f8rrelsessm\u00f8remiddel og Reng\u00f8r"},"content":{"rendered":"<p>\nIosso St\u00f8rrelsessm\u00f8remiddel og Rensemiddel: En biobaseret opl\u00f8sning til patronhylsterskalering. Dette 4 oz produkt reng\u00f8r og sm\u00f8rer, forhindrer fastsiddende hylstre og forl\u00e6nger matrice-levetiden. Let at bruge uden efterladenskaber eller lugt. Vandopl\u00f8seligt, bionedbrydeligt og ikke-brandbart. H\u00e6mmer korrosion og rust. D\u00e6k hylstre, skaler, og t\u00f8r eller skyl derefter f\u00f8r genladning.<\/p>\n","protected":false},"excerpt":{"rendered":"<p>Biobaseret reng\u00f8ringsmiddel og sm\u00f8remiddel for j\u00e6vnere st\u00f8rrelsesregulering og l\u00e6ngerevarende matricer.<\/p>\n","protected":false},"featured_media":107654,"template":"","meta":{"_acf_changed":false},"product_brand":[11470],"product_cat":[13135,13134],"product_tag":[],"class_list":{"0":"post-63213","1":"product","2":"type-product","3":"status-publish","4":"has-post-thumbnail","6":"product_brand-iosso","7":"product_cat-genladning","8":"product_cat-rengoringsmidler","10":"first","11":"instock","12":"taxable","13":"shipping-taxable","14":"purchasable","15":"product-type-variable","16":"wvs-archive-product-wrapper"},"acf":[],"_links":{"self":[{"href":"https:\/\/staging.nbg.eu\/da\/wp-json\/wp\/v2\/product\/63213","targetHints":{"allow":["GET"]}}],"collection":[{"href":"https:\/\/staging.nbg.eu\/da\/wp-json\/wp\/v2\/product"}],"about":[{"href":"https:\/\/staging.nbg.eu\/da\/wp-json\/wp\/v2\/types\/product"}],"wp:featuredmedia":[{"embeddable":true,"href":"https:\/\/staging.nbg.eu\/da\/wp-json\/wp\/v2\/media\/107654"}],"wp:attachment":[{"href":"https:\/\/staging.nbg.eu\/da\/wp-json\/wp\/v2\/media?parent=63213"}],"wp:term":[{"taxonomy":"product_brand","embeddable":true,"href":"https:\/\/staging.nbg.eu\/da\/wp-json\/wp\/v2\/product_brand?post=63213"},{"taxonomy":"product_cat","embeddable":true,"href":"https:\/\/staging.nbg.eu\/da\/wp-json\/wp\/v2\/product_cat?post=63213"},{"taxonomy":"product_tag","embeddable":true,"href":"https:\/\/staging.nbg.eu\/da\/wp-json\/wp\/v2\/product_tag?post=63213"}],"curies":[{"name":"wp","href":"https:\/\/api.w.org\/{rel}","templated":true}]}}