{"id":63130,"date":"2024-01-24T09:44:05","date_gmt":"2024-09-16T13:00:29","guid":{"rendered":"https:\/\/staging.nbg.eu\/product\/iosso-triple-action-oil-solution\/"},"modified":"2024-09-16T13:01:13","modified_gmt":"2024-09-16T13:01:13","slug":"iosso-triple-action-olie-losning","status":"publish","type":"product","link":"https:\/\/staging.nbg.eu\/da\/vare\/iosso-triple-action-olie-losning\/","title":{"rendered":"Iosso Triple Action Olie L\u00f8sning"},"content":{"rendered":"<p>\nIosso Triple Action Oil Solution: Reng\u00f8r, sm\u00f8r og beskyt dine skydev\u00e5ben med denne bionedbrydelige, plantebaserede formel. Tr\u00e6nger ind for at l\u00f8sne krudt, kulstof og plastforladning. Sm\u00f8remiddel til dele og korrosionsh\u00e6mmer. Fungerer ved ekstreme temperaturer ned til -65C. Milj\u00f8venlig og effektiv til l\u00f8brensning og vedligeholdelse af v\u00e5ben.<\/p>\n","protected":false},"excerpt":{"rendered":"<p>Milj\u00f8venlig olie reng\u00f8r, sm\u00f8rer og beskytter skydev\u00e5ben effektivt.<\/p>\n","protected":false},"featured_media":107608,"template":"","meta":{"_acf_changed":false},"product_brand":[11470],"product_cat":[13134,13108,13120],"product_tag":[],"class_list":{"0":"post-63130","1":"product","2":"type-product","3":"status-publish","4":"has-post-thumbnail","6":"product_brand-iosso","7":"product_cat-rengoringsmidler","8":"product_cat-smoremidler","9":"product_cat-vabenrensning","11":"first","12":"instock","13":"taxable","14":"shipping-taxable","15":"purchasable","16":"product-type-variable","17":"wvs-archive-product-wrapper"},"acf":[],"_links":{"self":[{"href":"https:\/\/staging.nbg.eu\/da\/wp-json\/wp\/v2\/product\/63130","targetHints":{"allow":["GET"]}}],"collection":[{"href":"https:\/\/staging.nbg.eu\/da\/wp-json\/wp\/v2\/product"}],"about":[{"href":"https:\/\/staging.nbg.eu\/da\/wp-json\/wp\/v2\/types\/product"}],"wp:featuredmedia":[{"embeddable":true,"href":"https:\/\/staging.nbg.eu\/da\/wp-json\/wp\/v2\/media\/107608"}],"wp:attachment":[{"href":"https:\/\/staging.nbg.eu\/da\/wp-json\/wp\/v2\/media?parent=63130"}],"wp:term":[{"taxonomy":"product_brand","embeddable":true,"href":"https:\/\/staging.nbg.eu\/da\/wp-json\/wp\/v2\/product_brand?post=63130"},{"taxonomy":"product_cat","embeddable":true,"href":"https:\/\/staging.nbg.eu\/da\/wp-json\/wp\/v2\/product_cat?post=63130"},{"taxonomy":"product_tag","embeddable":true,"href":"https:\/\/staging.nbg.eu\/da\/wp-json\/wp\/v2\/product_tag?post=63130"}],"curies":[{"name":"wp","href":"https:\/\/api.w.org\/{rel}","templated":true}]}}