{"id":63082,"date":"2024-01-24T18:43:40","date_gmt":"2024-09-16T12:55:54","guid":{"rendered":"https:\/\/staging.nbg.eu\/product\/iosso-ar-bolt-carrier-key-tube-brush\/"},"modified":"2024-09-16T12:56:34","modified_gmt":"2024-09-16T12:56:34","slug":"iosso-ar-slutstykke-baerenogle-rorborste","status":"publish","type":"product","link":"https:\/\/staging.nbg.eu\/da\/vare\/iosso-ar-slutstykke-baerenogle-rorborste\/","title":{"rendered":"Iosso AR Slutstykke B\u00e6ren\u00f8gle R\u00f8rb\u00f8rste"},"content":{"rendered":"<p>\nIosso AR-boltb\u00e6rer n\u00f8gler\u00f8rb\u00f8rste: Passer pr\u00e6cist, fjerner kulstofaflejringer. Bruges med Iosso-olie. Efterlader ikke fnug. Egnet til vedligeholdelse af AR.<\/p>\n","protected":false},"excerpt":{"rendered":"<p>Iosso AR-boltb\u00e6rer n\u00f8gler\u00f8rsb\u00f8rste: Reng\u00f8r kulstofophobning effektivt.<\/p>\n","protected":false},"featured_media":102278,"template":"","meta":{"_acf_changed":false},"product_brand":[11470],"product_cat":[13147,13120],"product_tag":[],"class_list":{"0":"post-63082","1":"product","2":"type-product","3":"status-publish","4":"has-post-thumbnail","6":"product_brand-iosso","7":"product_cat-borster","8":"product_cat-vabenrensning","10":"first","11":"instock","12":"taxable","13":"shipping-taxable","14":"purchasable","15":"product-type-simple"},"acf":[],"_links":{"self":[{"href":"https:\/\/staging.nbg.eu\/da\/wp-json\/wp\/v2\/product\/63082","targetHints":{"allow":["GET"]}}],"collection":[{"href":"https:\/\/staging.nbg.eu\/da\/wp-json\/wp\/v2\/product"}],"about":[{"href":"https:\/\/staging.nbg.eu\/da\/wp-json\/wp\/v2\/types\/product"}],"wp:featuredmedia":[{"embeddable":true,"href":"https:\/\/staging.nbg.eu\/da\/wp-json\/wp\/v2\/media\/102278"}],"wp:attachment":[{"href":"https:\/\/staging.nbg.eu\/da\/wp-json\/wp\/v2\/media?parent=63082"}],"wp:term":[{"taxonomy":"product_brand","embeddable":true,"href":"https:\/\/staging.nbg.eu\/da\/wp-json\/wp\/v2\/product_brand?post=63082"},{"taxonomy":"product_cat","embeddable":true,"href":"https:\/\/staging.nbg.eu\/da\/wp-json\/wp\/v2\/product_cat?post=63082"},{"taxonomy":"product_tag","embeddable":true,"href":"https:\/\/staging.nbg.eu\/da\/wp-json\/wp\/v2\/product_tag?post=63082"}],"curies":[{"name":"wp","href":"https:\/\/api.w.org\/{rel}","templated":true}]}}