{"id":63040,"date":"2024-01-24T18:50:37","date_gmt":"2024-01-24T18:50:37","guid":{"rendered":"https:\/\/staging.nbg.eu\/product\/iosso-cleaning-brush-2-sided-2-pk\/"},"modified":"2024-09-16T12:54:04","modified_gmt":"2024-09-16T12:54:04","slug":"iosso-rengoringsborste-2-sidet-2-stk","status":"publish","type":"product","link":"https:\/\/staging.nbg.eu\/da\/vare\/iosso-rengoringsborste-2-sidet-2-stk\/","title":{"rendered":"Iosso Reng\u00f8ringsb\u00f8rste 2-sidet &#8211; 2 stk"},"content":{"rendered":"<p>\nIosso Renseb\u00f8rste 2-sidet &#8211; 2\/pk har nylonb\u00f8rster til effektiv reng\u00f8ring. Hver pakke indeholder to b\u00f8rster med en bred, lang side og en smal side. Kan bruges sammen med Iosso Triple Action Olie, L\u00f8brenser eller Metalpolering. Velegnet til at fjerne kulstofrester og krudtbel\u00e6gning i skydev\u00e5ben eller industrielle anvendelser.<\/p>\n","protected":false},"excerpt":{"rendered":"<p>Dobbeltsidet nylonb\u00f8rste til alsidig reng\u00f8ring. 2-pak.<\/p>\n","protected":false},"featured_media":63041,"template":"","meta":{"_acf_changed":false},"product_brand":[11470],"product_cat":[13147,13120],"product_tag":[],"class_list":{"0":"post-63040","1":"product","2":"type-product","3":"status-publish","4":"has-post-thumbnail","6":"product_brand-iosso","7":"product_cat-borster","8":"product_cat-vabenrensning","10":"first","11":"instock","12":"taxable","13":"shipping-taxable","14":"purchasable","15":"product-type-simple"},"acf":[],"_links":{"self":[{"href":"https:\/\/staging.nbg.eu\/da\/wp-json\/wp\/v2\/product\/63040","targetHints":{"allow":["GET"]}}],"collection":[{"href":"https:\/\/staging.nbg.eu\/da\/wp-json\/wp\/v2\/product"}],"about":[{"href":"https:\/\/staging.nbg.eu\/da\/wp-json\/wp\/v2\/types\/product"}],"wp:featuredmedia":[{"embeddable":true,"href":"https:\/\/staging.nbg.eu\/da\/wp-json\/wp\/v2\/media\/63041"}],"wp:attachment":[{"href":"https:\/\/staging.nbg.eu\/da\/wp-json\/wp\/v2\/media?parent=63040"}],"wp:term":[{"taxonomy":"product_brand","embeddable":true,"href":"https:\/\/staging.nbg.eu\/da\/wp-json\/wp\/v2\/product_brand?post=63040"},{"taxonomy":"product_cat","embeddable":true,"href":"https:\/\/staging.nbg.eu\/da\/wp-json\/wp\/v2\/product_cat?post=63040"},{"taxonomy":"product_tag","embeddable":true,"href":"https:\/\/staging.nbg.eu\/da\/wp-json\/wp\/v2\/product_tag?post=63040"}],"curies":[{"name":"wp","href":"https:\/\/api.w.org\/{rel}","templated":true}]}}