{"id":62998,"date":"2024-01-25T20:06:46","date_gmt":"2024-09-16T12:23:05","guid":{"rendered":"https:\/\/staging.nbg.eu\/product\/iosso-ar-rifle-gas-tube-cleaning-kit\/"},"modified":"2024-09-16T12:23:46","modified_gmt":"2024-09-16T12:23:46","slug":"iosso-ar-riffel-gasror-rengoringssaet","status":"publish","type":"product","link":"https:\/\/staging.nbg.eu\/da\/vare\/iosso-ar-riffel-gasror-rengoringssaet\/","title":{"rendered":"Iosso AR Riffel Gasr\u00f8r Reng\u00f8ringss\u00e6t"},"content":{"rendered":"<p>\nIosso AR Rifle Gas Tube Cleaning Kit indeholder:<\/p>\n<ul>\n<li>To specialiserede gasr\u00f8rb\u00f8rster<\/li>\n<li>Klar styrer\u00f8r<\/li>\n<li>Iosso Triple Action Oil<\/li>\n<\/ul>\n<p>Reng\u00f8r dit gasr\u00f8r uden adskillelse. Dette sikrer korrekt bolttilbagef\u00f8ring og forhindrer kuldannelse. Dette reng\u00f8ringssystem sparer tid.<\/p>\n","protected":false},"excerpt":{"rendered":"<p>Effektiv AR-gasr\u00f8rsrenser &#8211; ingen demontering n\u00f8dvendig.<\/p>\n","protected":false},"featured_media":102316,"template":"","meta":{"_acf_changed":false},"product_brand":[11470],"product_cat":[13147,13120],"product_tag":[],"class_list":{"0":"post-62998","1":"product","2":"type-product","3":"status-publish","4":"has-post-thumbnail","6":"product_brand-iosso","7":"product_cat-borster","8":"product_cat-vabenrensning","10":"first","11":"instock","12":"taxable","13":"shipping-taxable","14":"purchasable","15":"product-type-simple"},"acf":[],"_links":{"self":[{"href":"https:\/\/staging.nbg.eu\/da\/wp-json\/wp\/v2\/product\/62998","targetHints":{"allow":["GET"]}}],"collection":[{"href":"https:\/\/staging.nbg.eu\/da\/wp-json\/wp\/v2\/product"}],"about":[{"href":"https:\/\/staging.nbg.eu\/da\/wp-json\/wp\/v2\/types\/product"}],"wp:featuredmedia":[{"embeddable":true,"href":"https:\/\/staging.nbg.eu\/da\/wp-json\/wp\/v2\/media\/102316"}],"wp:attachment":[{"href":"https:\/\/staging.nbg.eu\/da\/wp-json\/wp\/v2\/media?parent=62998"}],"wp:term":[{"taxonomy":"product_brand","embeddable":true,"href":"https:\/\/staging.nbg.eu\/da\/wp-json\/wp\/v2\/product_brand?post=62998"},{"taxonomy":"product_cat","embeddable":true,"href":"https:\/\/staging.nbg.eu\/da\/wp-json\/wp\/v2\/product_cat?post=62998"},{"taxonomy":"product_tag","embeddable":true,"href":"https:\/\/staging.nbg.eu\/da\/wp-json\/wp\/v2\/product_tag?post=62998"}],"curies":[{"name":"wp","href":"https:\/\/api.w.org\/{rel}","templated":true}]}}