{"id":62826,"date":"2024-01-25T20:40:36","date_gmt":"2024-09-16T12:17:13","guid":{"rendered":"https:\/\/staging.nbg.eu\/product\/iosso-shotgun-adapter-brass-8-32-to-5-16-27\/"},"modified":"2024-09-16T12:17:55","modified_gmt":"2024-09-16T12:17:55","slug":"iosso-haglgevaer-adapter-messing-832-til-516-27","status":"publish","type":"product","link":"https:\/\/staging.nbg.eu\/da\/vare\/iosso-haglgevaer-adapter-messing-832-til-516-27\/","title":{"rendered":"Iosso Haglgev\u00e6r Adapter messing 8\/32 til 5\/16-27"},"content":{"rendered":"<p>\nIosso Haglgev\u00e6r Adapter: 8\/32 han til 5\/16-27 hun. Konverterer st\u00e6nger til haglgev\u00e6rb\u00f8rster. Lavet af messing i USA.<\/p>\n","protected":false},"excerpt":{"rendered":"<p>Messingadapter: 8\/32 han til 5\/16-27 hun. Til haglgev\u00e6rb\u00f8rster. Fremstillet i USA.<\/p>\n","protected":false},"featured_media":107302,"template":"","meta":{"_acf_changed":false},"product_brand":[11470],"product_cat":[13147,13120],"product_tag":[],"class_list":{"0":"post-62826","1":"product","2":"type-product","3":"status-publish","4":"has-post-thumbnail","6":"product_brand-iosso","7":"product_cat-borster","8":"product_cat-vabenrensning","10":"first","11":"instock","12":"taxable","13":"shipping-taxable","14":"purchasable","15":"product-type-simple"},"acf":[],"_links":{"self":[{"href":"https:\/\/staging.nbg.eu\/da\/wp-json\/wp\/v2\/product\/62826","targetHints":{"allow":["GET"]}}],"collection":[{"href":"https:\/\/staging.nbg.eu\/da\/wp-json\/wp\/v2\/product"}],"about":[{"href":"https:\/\/staging.nbg.eu\/da\/wp-json\/wp\/v2\/types\/product"}],"wp:featuredmedia":[{"embeddable":true,"href":"https:\/\/staging.nbg.eu\/da\/wp-json\/wp\/v2\/media\/107302"}],"wp:attachment":[{"href":"https:\/\/staging.nbg.eu\/da\/wp-json\/wp\/v2\/media?parent=62826"}],"wp:term":[{"taxonomy":"product_brand","embeddable":true,"href":"https:\/\/staging.nbg.eu\/da\/wp-json\/wp\/v2\/product_brand?post=62826"},{"taxonomy":"product_cat","embeddable":true,"href":"https:\/\/staging.nbg.eu\/da\/wp-json\/wp\/v2\/product_cat?post=62826"},{"taxonomy":"product_tag","embeddable":true,"href":"https:\/\/staging.nbg.eu\/da\/wp-json\/wp\/v2\/product_tag?post=62826"}],"curies":[{"name":"wp","href":"https:\/\/api.w.org\/{rel}","templated":true}]}}